{"id":1226,"date":"2016-09-27T16:20:01","date_gmt":"2016-09-27T16:20:01","guid":{"rendered":"http:\/\/www.radio-science.eu\/?page_id=1226"},"modified":"2023-11-10T15:10:15","modified_gmt":"2023-11-10T15:10:15","slug":"sonnenkorona","status":"publish","type":"page","link":"https:\/\/fip-koeln.de\/en_us\/missionen-und-ziele\/sonnenkorona\/","title":{"rendered":"Sun corona"},"content":{"rendered":"<h1 class=\"wp-block-heading\">Radio sounding the solar corona<\/h1>\n\n\n\n<p>Given the right constellation of a spacecraft, Earth and the Sun, the radio signal has to pass the so called solar corona. The solar corona is a kind of atmosphere of our Sun. The hot and turbulent plasma in the corona has a strong influence of the propagation of the radio signal. That\u2019s why most of the usual radio-science observations (occultation, gravity, bistatic radar experiments) are not possible during these constellations. Therefore, during times of solar conjunctions, large scale structures, but also events on short time scales like coronal mass ejections (CMEs), are investigated.<\/p>\n\n\n\n<figure class=\"wp-block-image\"><a href=\"https:\/\/fip-koeln.de\/wp-content\/uploads\/2015\/06\/image1.jpeg\"><img loading=\"lazy\" decoding=\"async\" width=\"1024\" height=\"1024\" src=\"https:\/\/fip-koeln.de\/wp-content\/uploads\/2015\/06\/image1.jpeg\" alt=\"image1\" class=\"wp-image-889\" srcset=\"https:\/\/fip-koeln.de\/wp-content\/uploads\/2015\/06\/image1.jpeg 1024w, https:\/\/fip-koeln.de\/wp-content\/uploads\/2015\/06\/image1-150x150.jpeg 150w, https:\/\/fip-koeln.de\/wp-content\/uploads\/2015\/06\/image1-300x300.jpeg 300w, https:\/\/fip-koeln.de\/wp-content\/uploads\/2015\/06\/image1-700x700.jpeg 700w, https:\/\/fip-koeln.de\/wp-content\/uploads\/2015\/06\/image1-332x332.jpeg 332w, https:\/\/fip-koeln.de\/wp-content\/uploads\/2015\/06\/image1-432x432.jpeg 432w, https:\/\/fip-koeln.de\/wp-content\/uploads\/2015\/06\/image1-268x268.jpeg 268w\" sizes=\"auto, (max-width: 1024px) 100vw, 1024px\" \/><\/a><\/figure>\n\n\n\n<p>Figure 1: Image of the LASCO coronagraph onborad the SOHO spacecraft showing the solar corona. Brighter colors indicate areas of enhanced coronal plasma density. The apperent position of the Rosetta spacecraft during its 2006 solar conjunction is overlayed to the image. The bright area on the lower, right side of the solar disk shows a coronal mass ejection.<\/p>\n\n\n\n<p>These measurements are performed in two-way mode. A signal is transmitted from a groundstation on Earth to the spacecraft. The spacecraft uses the received signal to generate to signals at S- and X-band with different frequencies which are retransmitted back to Earth. The effect of the solar corona plasma on the radio signal is different for signals with different frequencies.<\/p>\n\n\n\n<figure class=\"wp-block-image\"><a href=\"https:\/\/fip-koeln.de\/wp-content\/uploads\/2012\/11\/03.jpg\"><img loading=\"lazy\" decoding=\"async\" width=\"500\" height=\"164\" src=\"https:\/\/fip-koeln.de\/wp-content\/uploads\/2012\/11\/03.jpg\" alt=\"03\" class=\"wp-image-52\" srcset=\"https:\/\/fip-koeln.de\/wp-content\/uploads\/2012\/11\/03.jpg 500w, https:\/\/fip-koeln.de\/wp-content\/uploads\/2012\/11\/03-300x98.jpg 300w, https:\/\/fip-koeln.de\/wp-content\/uploads\/2012\/11\/03-332x108.jpg 332w\" sizes=\"auto, (max-width: 500px) 100vw, 500px\" \/><\/a><\/figure>\n\n\n\n<p>Figure 2: Configuration of a solar corona radio sounding experiment. A groundstation on Earth transmits a signal at X-band to the spacecraft (uplink). The spacecraft retransmits two signals at S- and X-band back to Earth (downlink).<\/p>\n\n\n\n<p>Using a dual frequency downlink makes it possible to measure the change in electron content along the radio ray path. A changing electron content leads to a small change in the signals frequency. The frequency shift is different for the S- and the X-band signal. This makes it possible to measure these changes relative to the beginning of the measurement with a high precision and temporal resolution. Small structures and temporal variations, like coronal mass ejections, can thus be investigated.<\/p>\n\n\n\n<figure class=\"wp-block-image\"><a href=\"https:\/\/fip-koeln.de\/wp-content\/uploads\/2015\/07\/image3-2.0.png\"><img loading=\"lazy\" decoding=\"async\" width=\"1024\" height=\"727\" src=\"https:\/\/fip-koeln.de\/wp-content\/uploads\/2015\/07\/image3-2.0.png\" alt=\"image3 2.0\" class=\"wp-image-1051\" srcset=\"https:\/\/fip-koeln.de\/wp-content\/uploads\/2015\/07\/image3-2.0.png 1024w, https:\/\/fip-koeln.de\/wp-content\/uploads\/2015\/07\/image3-2.0-300x212.png 300w, https:\/\/fip-koeln.de\/wp-content\/uploads\/2015\/07\/image3-2.0-700x496.png 700w, https:\/\/fip-koeln.de\/wp-content\/uploads\/2015\/07\/image3-2.0-332x235.png 332w\" sizes=\"auto, (max-width: 1024px) 100vw, 1024px\" \/><\/a><\/figure>\n\n\n\n<p>Figure 3: Measurement of the change of electron content as a coronal mass ejections passes the signal ray path. At the beginning there are only small variations. After about an hour the electron content increases dramatically. After reaching its maximum it slowly decreases again.<\/p>\n\n\n\n<p>It is also possible to measure the total electron content along the signal ray path. It leads to a delay in propagation time between the groundstation and the spacecraft. From the difference of these delays for the X- and S-band signal the total value of electron content can be derived. This yields the large scale electron density distribution in the solar corona. Results show that it decreases with increasing distance from the Sun. An exception are coronal holes and streamer regions. Above coronal holes a reduced electron density is observed. Coronal holes are source regions of the so called fast solar wind (800 km\/s). Coronal streamers arise from active regions on the solar surface and usually show an enhanced electron density. Coronal mass ejections often emerge from streamer regions.<\/p>\n\n\n\n<figure class=\"wp-block-image\"><a href=\"https:\/\/fip-koeln.de\/wp-content\/uploads\/2015\/07\/image4-2.0.png\"><img loading=\"lazy\" decoding=\"async\" width=\"1024\" height=\"709\" src=\"https:\/\/fip-koeln.de\/wp-content\/uploads\/2015\/07\/image4-2.0.png\" alt=\"image4 2.0\" class=\"wp-image-1049\" srcset=\"https:\/\/fip-koeln.de\/wp-content\/uploads\/2015\/07\/image4-2.0.png 1024w, https:\/\/fip-koeln.de\/wp-content\/uploads\/2015\/07\/image4-2.0-300x207.png 300w, https:\/\/fip-koeln.de\/wp-content\/uploads\/2015\/07\/image4-2.0-700x484.png 700w, https:\/\/fip-koeln.de\/wp-content\/uploads\/2015\/07\/image4-2.0-332x229.png 332w\" sizes=\"auto, (max-width: 1024px) 100vw, 1024px\" \/><\/a><\/figure>\n\n\n\n<p>Figure 4: This figure shows the total electron content as a function of the distance to the Sun. The overall structure remains constant more or less for several years. That might show, that the plasma density is independent from the 11-year solar cycle.<\/p>\n\n\n\n<p>In the two-way mode, described above, the up- and the downlink signal path are spatially separated. As the spacecraft and the groundstation on Earth are moving fast in space during the signal propagation the paths are not aligned perfectly. A fast propagating coronal structure like a CME, thus hits one of these signal paths first. The delay between the interaction with the two paths can be derived from the recorded data. As the position and velocities of the groundstation and the spacecraft are well know, the propagation speed of the CME can be derived.<!--:--><!--:en--><\/p>","protected":false},"excerpt":{"rendered":"<p>Radio-Sondierung der Sonnenkorona Je nach Konstellation der Planeten Mars, Venus und Erde durchl\u00e4uft das Radiosignal die sogenannte Sonnenkorona. Auch w\u00e4hrend des freien Flugs der Raumsonde Rosetta kam es zu mehreren solcher Konstellationen. Die Korona kann als eine Art Atmosph\u00e4re der Sonne gesehen werden. Das hei\u00dfe und besonders Turbulente Plasma in der Sonnenkorona hat einen starken, [&hellip;]<\/p>\n","protected":false},"author":1,"featured_media":0,"parent":21,"menu_order":0,"comment_status":"closed","ping_status":"closed","template":"","meta":{"_uag_custom_page_level_css":"","site-sidebar-layout":"default","site-content-layout":"","ast-site-content-layout":"default","site-content-style":"default","site-sidebar-style":"default","ast-global-header-display":"","ast-banner-title-visibility":"","ast-main-header-display":"","ast-hfb-above-header-display":"","ast-hfb-below-header-display":"","ast-hfb-mobile-header-display":"","site-post-title":"disabled","ast-breadcrumbs-content":"","ast-featured-img":"","footer-sml-layout":"","ast-disable-related-posts":"","theme-transparent-header-meta":"","adv-header-id-meta":"","stick-header-meta":"","header-above-stick-meta":"","header-main-stick-meta":"","header-below-stick-meta":"","astra-migrate-meta-layouts":"","ast-page-background-enabled":"default","ast-page-background-meta":{"desktop":{"background-color":"var(--ast-global-color-4)","background-image":"","background-repeat":"repeat","background-position":"center center","background-size":"auto","background-attachment":"scroll","background-type":"","background-media":"","overlay-type":"","overlay-color":"","overlay-opacity":"","overlay-gradient":""},"tablet":{"background-color":"","background-image":"","background-repeat":"repeat","background-position":"center center","background-size":"auto","background-attachment":"scroll","background-type":"","background-media":"","overlay-type":"","overlay-color":"","overlay-opacity":"","overlay-gradient":""},"mobile":{"background-color":"","background-image":"","background-repeat":"repeat","background-position":"center center","background-size":"auto","background-attachment":"scroll","background-type":"","background-media":"","overlay-type":"","overlay-color":"","overlay-opacity":"","overlay-gradient":""}},"ast-content-background-meta":{"desktop":{"background-color":"var(--ast-global-color-5)","background-image":"","background-repeat":"repeat","background-position":"center center","background-size":"auto","background-attachment":"scroll","background-type":"","background-media":"","overlay-type":"","overlay-color":"","overlay-opacity":"","overlay-gradient":""},"tablet":{"background-color":"var(--ast-global-color-5)","background-image":"","background-repeat":"repeat","background-position":"center center","background-size":"auto","background-attachment":"scroll","background-type":"","background-media":"","overlay-type":"","overlay-color":"","overlay-opacity":"","overlay-gradient":""},"mobile":{"background-color":"var(--ast-global-color-5)","background-image":"","background-repeat":"repeat","background-position":"center center","background-size":"auto","background-attachment":"scroll","background-type":"","background-media":"","overlay-type":"","overlay-color":"","overlay-opacity":"","overlay-gradient":""}},"footnotes":""},"class_list":["post-1226","page","type-page","status-publish","hentry"],"yoast_head":"<!-- This site is optimized with the Yoast SEO plugin v27.4 - https:\/\/yoast.com\/product\/yoast-seo-wordpress\/ -->\n<title>Sonnenkorona - Radio Science<\/title>\n<meta name=\"description\" content=\"Verl\u00e4uft das Radio-Signal durch die Sonnenkorona werden die \u00fcblichen Experimente gest\u00f6rt. Daf\u00fcr l\u00e4sst sich die Sonnenkorona untersuchen.\" \/>\n<meta name=\"robots\" content=\"index, follow, max-snippet:-1, max-image-preview:large, max-video-preview:-1\" \/>\n<link rel=\"canonical\" href=\"https:\/\/fip-koeln.de\/en_us\/missionen-und-ziele\/sonnenkorona\/\" \/>\n<meta property=\"og:locale\" content=\"en_US\" \/>\n<meta property=\"og:type\" content=\"article\" \/>\n<meta property=\"og:title\" content=\"Sonnenkorona - Radio Science\" \/>\n<meta property=\"og:description\" content=\"Verl\u00e4uft das Radio-Signal durch die Sonnenkorona werden die \u00fcblichen Experimente gest\u00f6rt. Daf\u00fcr l\u00e4sst sich die Sonnenkorona untersuchen.\" \/>\n<meta property=\"og:url\" content=\"https:\/\/fip-koeln.de\/en_us\/missionen-und-ziele\/sonnenkorona\/\" \/>\n<meta property=\"og:site_name\" content=\"Radio Science\" \/>\n<meta property=\"article:modified_time\" content=\"2023-11-10T15:10:15+00:00\" \/>\n<meta property=\"og:image\" content=\"https:\/\/fip-koeln.de\/wp-content\/uploads\/2015\/06\/image1.jpeg\" \/>\n<meta name=\"twitter:card\" content=\"summary_large_image\" \/>\n<meta name=\"twitter:label1\" content=\"Est. reading time\" \/>\n\t<meta name=\"twitter:data1\" content=\"5 minutes\" \/>\n<script type=\"application\/ld+json\" class=\"yoast-schema-graph\">{\"@context\":\"https:\\\/\\\/schema.org\",\"@graph\":[{\"@type\":\"WebPage\",\"@id\":\"https:\\\/\\\/fip-koeln.de\\\/missionen-und-ziele\\\/sonnenkorona\\\/\",\"url\":\"https:\\\/\\\/fip-koeln.de\\\/missionen-und-ziele\\\/sonnenkorona\\\/\",\"name\":\"Sonnenkorona - Radio Science\",\"isPartOf\":{\"@id\":\"https:\\\/\\\/fip-koeln.de\\\/#website\"},\"primaryImageOfPage\":{\"@id\":\"https:\\\/\\\/fip-koeln.de\\\/missionen-und-ziele\\\/sonnenkorona\\\/#primaryimage\"},\"image\":{\"@id\":\"https:\\\/\\\/fip-koeln.de\\\/missionen-und-ziele\\\/sonnenkorona\\\/#primaryimage\"},\"thumbnailUrl\":\"https:\\\/\\\/fip-koeln.de\\\/wp-content\\\/uploads\\\/2015\\\/06\\\/image1.jpeg\",\"datePublished\":\"2016-09-27T16:20:01+00:00\",\"dateModified\":\"2023-11-10T15:10:15+00:00\",\"description\":\"Verl\u00e4uft das Radio-Signal durch die Sonnenkorona werden die \u00fcblichen Experimente gest\u00f6rt. Daf\u00fcr l\u00e4sst sich die Sonnenkorona untersuchen.\",\"breadcrumb\":{\"@id\":\"https:\\\/\\\/fip-koeln.de\\\/missionen-und-ziele\\\/sonnenkorona\\\/#breadcrumb\"},\"inLanguage\":\"en-US\",\"potentialAction\":[{\"@type\":\"ReadAction\",\"target\":[\"https:\\\/\\\/fip-koeln.de\\\/missionen-und-ziele\\\/sonnenkorona\\\/\"]}]},{\"@type\":\"ImageObject\",\"inLanguage\":\"en-US\",\"@id\":\"https:\\\/\\\/fip-koeln.de\\\/missionen-und-ziele\\\/sonnenkorona\\\/#primaryimage\",\"url\":\"https:\\\/\\\/fip-koeln.de\\\/wp-content\\\/uploads\\\/2015\\\/06\\\/image1.jpeg\",\"contentUrl\":\"https:\\\/\\\/fip-koeln.de\\\/wp-content\\\/uploads\\\/2015\\\/06\\\/image1.jpeg\"},{\"@type\":\"BreadcrumbList\",\"@id\":\"https:\\\/\\\/fip-koeln.de\\\/missionen-und-ziele\\\/sonnenkorona\\\/#breadcrumb\",\"itemListElement\":[{\"@type\":\"ListItem\",\"position\":1,\"name\":\"Startseite\",\"item\":\"https:\\\/\\\/fip-koeln.de\\\/\"},{\"@type\":\"ListItem\",\"position\":2,\"name\":\"Missionen und Ziele\",\"item\":\"https:\\\/\\\/fip-koeln.de\\\/missionen-und-ziele\\\/\"},{\"@type\":\"ListItem\",\"position\":3,\"name\":\"Sonnenkorona\"}]},{\"@type\":\"WebSite\",\"@id\":\"https:\\\/\\\/fip-koeln.de\\\/#website\",\"url\":\"https:\\\/\\\/fip-koeln.de\\\/\",\"name\":\"Radio Science\",\"description\":\"\",\"publisher\":{\"@id\":\"https:\\\/\\\/fip-koeln.de\\\/#organization\"},\"potentialAction\":[{\"@type\":\"SearchAction\",\"target\":{\"@type\":\"EntryPoint\",\"urlTemplate\":\"https:\\\/\\\/fip-koeln.de\\\/?s={search_term_string}\"},\"query-input\":{\"@type\":\"PropertyValueSpecification\",\"valueRequired\":true,\"valueName\":\"search_term_string\"}}],\"inLanguage\":\"en-US\"},{\"@type\":\"Organization\",\"@id\":\"https:\\\/\\\/fip-koeln.de\\\/#organization\",\"name\":\"Rheinisches Institut f\u00fcr Umweltforschung Abteilung Planetenforschung\",\"url\":\"https:\\\/\\\/fip-koeln.de\\\/\",\"logo\":{\"@type\":\"ImageObject\",\"inLanguage\":\"en-US\",\"@id\":\"https:\\\/\\\/fip-koeln.de\\\/#\\\/schema\\\/logo\\\/image\\\/\",\"url\":\"https:\\\/\\\/fip-koeln.de\\\/wp-content\\\/uploads\\\/2023\\\/11\\\/favicon_radio-science.eu_.jpg\",\"contentUrl\":\"https:\\\/\\\/fip-koeln.de\\\/wp-content\\\/uploads\\\/2023\\\/11\\\/favicon_radio-science.eu_.jpg\",\"width\":400,\"height\":400,\"caption\":\"Rheinisches Institut f\u00fcr Umweltforschung Abteilung Planetenforschung\"},\"image\":{\"@id\":\"https:\\\/\\\/fip-koeln.de\\\/#\\\/schema\\\/logo\\\/image\\\/\"}}]}<\/script>\n<!-- \/ Yoast SEO plugin. -->","yoast_head_json":{"title":"Sonnenkorona - Radio Science","description":"Verl\u00e4uft das Radio-Signal durch die Sonnenkorona werden die \u00fcblichen Experimente gest\u00f6rt. Daf\u00fcr l\u00e4sst sich die Sonnenkorona untersuchen.","robots":{"index":"index","follow":"follow","max-snippet":"max-snippet:-1","max-image-preview":"max-image-preview:large","max-video-preview":"max-video-preview:-1"},"canonical":"https:\/\/fip-koeln.de\/en_us\/missionen-und-ziele\/sonnenkorona\/","og_locale":"en_US","og_type":"article","og_title":"Sonnenkorona - Radio Science","og_description":"Verl\u00e4uft das Radio-Signal durch die Sonnenkorona werden die \u00fcblichen Experimente gest\u00f6rt. Daf\u00fcr l\u00e4sst sich die Sonnenkorona untersuchen.","og_url":"https:\/\/fip-koeln.de\/en_us\/missionen-und-ziele\/sonnenkorona\/","og_site_name":"Radio Science","article_modified_time":"2023-11-10T15:10:15+00:00","og_image":[{"url":"https:\/\/fip-koeln.de\/wp-content\/uploads\/2015\/06\/image1.jpeg","type":"","width":"","height":""}],"twitter_card":"summary_large_image","twitter_misc":{"Est. reading time":"5 minutes"},"schema":{"@context":"https:\/\/schema.org","@graph":[{"@type":"WebPage","@id":"https:\/\/fip-koeln.de\/missionen-und-ziele\/sonnenkorona\/","url":"https:\/\/fip-koeln.de\/missionen-und-ziele\/sonnenkorona\/","name":"Sonnenkorona - Radio Science","isPartOf":{"@id":"https:\/\/fip-koeln.de\/#website"},"primaryImageOfPage":{"@id":"https:\/\/fip-koeln.de\/missionen-und-ziele\/sonnenkorona\/#primaryimage"},"image":{"@id":"https:\/\/fip-koeln.de\/missionen-und-ziele\/sonnenkorona\/#primaryimage"},"thumbnailUrl":"https:\/\/fip-koeln.de\/wp-content\/uploads\/2015\/06\/image1.jpeg","datePublished":"2016-09-27T16:20:01+00:00","dateModified":"2023-11-10T15:10:15+00:00","description":"Verl\u00e4uft das Radio-Signal durch die Sonnenkorona werden die \u00fcblichen Experimente gest\u00f6rt. Daf\u00fcr l\u00e4sst sich die Sonnenkorona untersuchen.","breadcrumb":{"@id":"https:\/\/fip-koeln.de\/missionen-und-ziele\/sonnenkorona\/#breadcrumb"},"inLanguage":"en-US","potentialAction":[{"@type":"ReadAction","target":["https:\/\/fip-koeln.de\/missionen-und-ziele\/sonnenkorona\/"]}]},{"@type":"ImageObject","inLanguage":"en-US","@id":"https:\/\/fip-koeln.de\/missionen-und-ziele\/sonnenkorona\/#primaryimage","url":"https:\/\/fip-koeln.de\/wp-content\/uploads\/2015\/06\/image1.jpeg","contentUrl":"https:\/\/fip-koeln.de\/wp-content\/uploads\/2015\/06\/image1.jpeg"},{"@type":"BreadcrumbList","@id":"https:\/\/fip-koeln.de\/missionen-und-ziele\/sonnenkorona\/#breadcrumb","itemListElement":[{"@type":"ListItem","position":1,"name":"Startseite","item":"https:\/\/fip-koeln.de\/"},{"@type":"ListItem","position":2,"name":"Missionen und Ziele","item":"https:\/\/fip-koeln.de\/missionen-und-ziele\/"},{"@type":"ListItem","position":3,"name":"Sonnenkorona"}]},{"@type":"WebSite","@id":"https:\/\/fip-koeln.de\/#website","url":"https:\/\/fip-koeln.de\/","name":"Radio Science","description":"","publisher":{"@id":"https:\/\/fip-koeln.de\/#organization"},"potentialAction":[{"@type":"SearchAction","target":{"@type":"EntryPoint","urlTemplate":"https:\/\/fip-koeln.de\/?s={search_term_string}"},"query-input":{"@type":"PropertyValueSpecification","valueRequired":true,"valueName":"search_term_string"}}],"inLanguage":"en-US"},{"@type":"Organization","@id":"https:\/\/fip-koeln.de\/#organization","name":"Rheinisches Institut f\u00fcr Umweltforschung Abteilung Planetenforschung","url":"https:\/\/fip-koeln.de\/","logo":{"@type":"ImageObject","inLanguage":"en-US","@id":"https:\/\/fip-koeln.de\/#\/schema\/logo\/image\/","url":"https:\/\/fip-koeln.de\/wp-content\/uploads\/2023\/11\/favicon_radio-science.eu_.jpg","contentUrl":"https:\/\/fip-koeln.de\/wp-content\/uploads\/2023\/11\/favicon_radio-science.eu_.jpg","width":400,"height":400,"caption":"Rheinisches Institut f\u00fcr Umweltforschung Abteilung Planetenforschung"},"image":{"@id":"https:\/\/fip-koeln.de\/#\/schema\/logo\/image\/"}}]}},"uagb_featured_image_src":{"full":false,"thumbnail":false,"medium":false,"medium_large":false,"large":false,"1536x1536":false,"2048x2048":false,"trp-custom-language-flag":false},"uagb_author_info":{"display_name":"Admin","author_link":"https:\/\/fip-koeln.de\/en_us\/author\/admin\/"},"uagb_comment_info":0,"uagb_excerpt":"Radio-Sondierung der Sonnenkorona Je nach Konstellation der Planeten Mars, Venus und Erde durchl\u00e4uft das Radiosignal die sogenannte Sonnenkorona. Auch w\u00e4hrend des freien Flugs der Raumsonde Rosetta kam es zu mehreren solcher Konstellationen. Die Korona kann als eine Art Atmosph\u00e4re der Sonne gesehen werden. Das hei\u00dfe und besonders Turbulente Plasma in der Sonnenkorona hat einen starken,&hellip;","_links":{"self":[{"href":"https:\/\/fip-koeln.de\/en_us\/wp-json\/wp\/v2\/pages\/1226","targetHints":{"allow":["GET"]}}],"collection":[{"href":"https:\/\/fip-koeln.de\/en_us\/wp-json\/wp\/v2\/pages"}],"about":[{"href":"https:\/\/fip-koeln.de\/en_us\/wp-json\/wp\/v2\/types\/page"}],"author":[{"embeddable":true,"href":"https:\/\/fip-koeln.de\/en_us\/wp-json\/wp\/v2\/users\/1"}],"replies":[{"embeddable":true,"href":"https:\/\/fip-koeln.de\/en_us\/wp-json\/wp\/v2\/comments?post=1226"}],"version-history":[{"count":7,"href":"https:\/\/fip-koeln.de\/en_us\/wp-json\/wp\/v2\/pages\/1226\/revisions"}],"predecessor-version":[{"id":1956,"href":"https:\/\/fip-koeln.de\/en_us\/wp-json\/wp\/v2\/pages\/1226\/revisions\/1956"}],"up":[{"embeddable":true,"href":"https:\/\/fip-koeln.de\/en_us\/wp-json\/wp\/v2\/pages\/21"}],"wp:attachment":[{"href":"https:\/\/fip-koeln.de\/en_us\/wp-json\/wp\/v2\/media?parent=1226"}],"curies":[{"name":"wp","href":"https:\/\/api.w.org\/{rel}","templated":true}]}}