{"id":1655,"date":"2016-09-27T16:10:40","date_gmt":"2016-09-27T16:10:40","guid":{"rendered":"http:\/\/www.radio-science.eu\/?page_id=1655"},"modified":"2023-11-10T13:55:39","modified_gmt":"2023-11-10T13:55:39","slug":"mars-ionosphaere","status":"publish","type":"page","link":"https:\/\/fip-koeln.de\/en_us\/missionen-und-ziele\/mars-express\/mars-ionosphaere\/","title":{"rendered":"Mars ionosphere"},"content":{"rendered":"<h1 class=\"wp-block-heading\">Mars ionosphere<\/h1>\n\n\n\n<p>The day side ionosphere of Mars is primarily the product of solar photoionization of the planetary neutral atmosphere and subsequent photochemical processes. Its major characteristics are the main layer M2 and the underlying smaller M1 layer. While M2 is in general produced by solar radiation (extreme ultraviolet), the M1 layer is primarily produced from solar X-ray photoionization and secondary impact ionization of photo-electrons. O2+ yields the highest ion density in the main peak altitude range while at higher altitudes O+ dominates. MaRS observations from 2004 to 2014 show the day side maximum of M2 at altitudes from 120 km to 140 km. Generally, the main peak can be found at lower altitudes when the position of the sun is high and the incidence angle of the solar radiation is steep. The M2 electron density in the MaRS observations varies from 4e10 to 13e10 electrons\/m3, also a function of the solar radiation incidence angle and solar activity. Information on additional properties of the Mars ionosphere in comparison with Venus can be found here.<!--:--><!--:en--><\/p>","protected":false},"excerpt":{"rendered":"<p>Mars Ionosph\u00e4re Die Tagionosph\u00e4re des Mars entsteht zum Gro\u00dfteil durch Photoionisation der planetaren Neutralatmosph\u00e4re und darauffolgende photochemische Prozesse. Ihre hervorstechendsten Eigenschaften sind das Hauptmaximum M2 und die darunterliegende kleinere M1-Schicht. W\u00e4hrend M2 haupts\u00e4chlich durch solare Strahlung im extremen Ultraviolett erzeugt wird, entsteht die M1 Schicht zum Gro\u00dfteil durch Photoionisation mittels solarer R\u00f6ntgenstrahlung und sekund\u00e4re Einschlagsionisation [&hellip;]<\/p>\n","protected":false},"author":1,"featured_media":0,"parent":76,"menu_order":0,"comment_status":"closed","ping_status":"closed","template":"","meta":{"_uag_custom_page_level_css":"","site-sidebar-layout":"default","site-content-layout":"","ast-site-content-layout":"default","site-content-style":"default","site-sidebar-style":"default","ast-global-header-display":"","ast-banner-title-visibility":"","ast-main-header-display":"","ast-hfb-above-header-display":"","ast-hfb-below-header-display":"","ast-hfb-mobile-header-display":"","site-post-title":"disabled","ast-breadcrumbs-content":"","ast-featured-img":"","footer-sml-layout":"","ast-disable-related-posts":"","theme-transparent-header-meta":"","adv-header-id-meta":"","stick-header-meta":"","header-above-stick-meta":"","header-main-stick-meta":"","header-below-stick-meta":"","astra-migrate-meta-layouts":"","ast-page-background-enabled":"default","ast-page-background-meta":{"desktop":{"background-color":"var(--ast-global-color-4)","background-image":"","background-repeat":"repeat","background-position":"center center","background-size":"auto","background-attachment":"scroll","background-type":"","background-media":"","overlay-type":"","overlay-color":"","overlay-opacity":"","overlay-gradient":""},"tablet":{"background-color":"","background-image":"","background-repeat":"repeat","background-position":"center center","background-size":"auto","background-attachment":"scroll","background-type":"","background-media":"","overlay-type":"","overlay-color":"","overlay-opacity":"","overlay-gradient":""},"mobile":{"background-color":"","background-image":"","background-repeat":"repeat","background-position":"center center","background-size":"auto","background-attachment":"scroll","background-type":"","background-media":"","overlay-type":"","overlay-color":"","overlay-opacity":"","overlay-gradient":""}},"ast-content-background-meta":{"desktop":{"background-color":"var(--ast-global-color-5)","background-image":"","background-repeat":"repeat","background-position":"center center","background-size":"auto","background-attachment":"scroll","background-type":"","background-media":"","overlay-type":"","overlay-color":"","overlay-opacity":"","overlay-gradient":""},"tablet":{"background-color":"var(--ast-global-color-5)","background-image":"","background-repeat":"repeat","background-position":"center center","background-size":"auto","background-attachment":"scroll","background-type":"","background-media":"","overlay-type":"","overlay-color":"","overlay-opacity":"","overlay-gradient":""},"mobile":{"background-color":"var(--ast-global-color-5)","background-image":"","background-repeat":"repeat","background-position":"center center","background-size":"auto","background-attachment":"scroll","background-type":"","background-media":"","overlay-type":"","overlay-color":"","overlay-opacity":"","overlay-gradient":""}},"footnotes":""},"class_list":["post-1655","page","type-page","status-publish","hentry"],"yoast_head":"<!-- This site is optimized with the Yoast SEO plugin v27.4 - https:\/\/yoast.com\/product\/yoast-seo-wordpress\/ -->\n<title>Mars Ionosph\u00e4re - Radio Science<\/title>\n<meta name=\"description\" content=\"Die Mars Ionosph\u00e4re ist ebenso teil der Radio Science. Sie ist die obere Schicht, die von der Strahlung der Sonne ionisiert wird.\" \/>\n<meta name=\"robots\" content=\"index, follow, max-snippet:-1, max-image-preview:large, max-video-preview:-1\" \/>\n<link rel=\"canonical\" href=\"https:\/\/fip-koeln.de\/en_us\/missionen-und-ziele\/mars-express\/mars-ionosphaere\/\" \/>\n<meta property=\"og:locale\" content=\"en_US\" \/>\n<meta property=\"og:type\" content=\"article\" \/>\n<meta property=\"og:title\" content=\"Mars Ionosph\u00e4re - Radio Science\" \/>\n<meta property=\"og:description\" content=\"Die Mars Ionosph\u00e4re ist ebenso teil der Radio Science. Sie ist die obere Schicht, die von der Strahlung der Sonne ionisiert wird.\" \/>\n<meta property=\"og:url\" content=\"https:\/\/fip-koeln.de\/en_us\/missionen-und-ziele\/mars-express\/mars-ionosphaere\/\" \/>\n<meta property=\"og:site_name\" content=\"Radio Science\" \/>\n<meta property=\"article:modified_time\" content=\"2023-11-10T13:55:39+00:00\" \/>\n<meta name=\"twitter:card\" content=\"summary_large_image\" \/>\n<meta name=\"twitter:label1\" content=\"Est. reading time\" \/>\n\t<meta name=\"twitter:data1\" content=\"1 minute\" \/>\n<script type=\"application\/ld+json\" class=\"yoast-schema-graph\">{\"@context\":\"https:\\\/\\\/schema.org\",\"@graph\":[{\"@type\":\"WebPage\",\"@id\":\"https:\\\/\\\/fip-koeln.de\\\/missionen-und-ziele\\\/mars-express\\\/mars-ionosphaere\\\/\",\"url\":\"https:\\\/\\\/fip-koeln.de\\\/missionen-und-ziele\\\/mars-express\\\/mars-ionosphaere\\\/\",\"name\":\"Mars Ionosph\u00e4re - Radio Science\",\"isPartOf\":{\"@id\":\"https:\\\/\\\/fip-koeln.de\\\/#website\"},\"datePublished\":\"2016-09-27T16:10:40+00:00\",\"dateModified\":\"2023-11-10T13:55:39+00:00\",\"description\":\"Die Mars Ionosph\u00e4re ist ebenso teil der Radio Science. Sie ist die obere Schicht, die von der Strahlung der Sonne ionisiert wird.\",\"breadcrumb\":{\"@id\":\"https:\\\/\\\/fip-koeln.de\\\/missionen-und-ziele\\\/mars-express\\\/mars-ionosphaere\\\/#breadcrumb\"},\"inLanguage\":\"en-US\",\"potentialAction\":[{\"@type\":\"ReadAction\",\"target\":[\"https:\\\/\\\/fip-koeln.de\\\/missionen-und-ziele\\\/mars-express\\\/mars-ionosphaere\\\/\"]}]},{\"@type\":\"BreadcrumbList\",\"@id\":\"https:\\\/\\\/fip-koeln.de\\\/missionen-und-ziele\\\/mars-express\\\/mars-ionosphaere\\\/#breadcrumb\",\"itemListElement\":[{\"@type\":\"ListItem\",\"position\":1,\"name\":\"Startseite\",\"item\":\"https:\\\/\\\/fip-koeln.de\\\/\"},{\"@type\":\"ListItem\",\"position\":2,\"name\":\"Missionen und Ziele\",\"item\":\"https:\\\/\\\/fip-koeln.de\\\/missionen-und-ziele\\\/\"},{\"@type\":\"ListItem\",\"position\":3,\"name\":\"Mars Express\",\"item\":\"https:\\\/\\\/fip-koeln.de\\\/missionen-und-ziele\\\/mars-express\\\/\"},{\"@type\":\"ListItem\",\"position\":4,\"name\":\"Mars Ionosph\u00e4re\"}]},{\"@type\":\"WebSite\",\"@id\":\"https:\\\/\\\/fip-koeln.de\\\/#website\",\"url\":\"https:\\\/\\\/fip-koeln.de\\\/\",\"name\":\"Radio Science\",\"description\":\"\",\"publisher\":{\"@id\":\"https:\\\/\\\/fip-koeln.de\\\/#organization\"},\"potentialAction\":[{\"@type\":\"SearchAction\",\"target\":{\"@type\":\"EntryPoint\",\"urlTemplate\":\"https:\\\/\\\/fip-koeln.de\\\/?s={search_term_string}\"},\"query-input\":{\"@type\":\"PropertyValueSpecification\",\"valueRequired\":true,\"valueName\":\"search_term_string\"}}],\"inLanguage\":\"en-US\"},{\"@type\":\"Organization\",\"@id\":\"https:\\\/\\\/fip-koeln.de\\\/#organization\",\"name\":\"Rheinisches Institut f\u00fcr Umweltforschung Abteilung Planetenforschung\",\"url\":\"https:\\\/\\\/fip-koeln.de\\\/\",\"logo\":{\"@type\":\"ImageObject\",\"inLanguage\":\"en-US\",\"@id\":\"https:\\\/\\\/fip-koeln.de\\\/#\\\/schema\\\/logo\\\/image\\\/\",\"url\":\"https:\\\/\\\/fip-koeln.de\\\/wp-content\\\/uploads\\\/2023\\\/11\\\/favicon_radio-science.eu_.jpg\",\"contentUrl\":\"https:\\\/\\\/fip-koeln.de\\\/wp-content\\\/uploads\\\/2023\\\/11\\\/favicon_radio-science.eu_.jpg\",\"width\":400,\"height\":400,\"caption\":\"Rheinisches Institut f\u00fcr Umweltforschung Abteilung Planetenforschung\"},\"image\":{\"@id\":\"https:\\\/\\\/fip-koeln.de\\\/#\\\/schema\\\/logo\\\/image\\\/\"}}]}<\/script>\n<!-- \/ Yoast SEO plugin. -->","yoast_head_json":{"title":"Mars Ionosph\u00e4re - Radio Science","description":"Die Mars Ionosph\u00e4re ist ebenso teil der Radio Science. Sie ist die obere Schicht, die von der Strahlung der Sonne ionisiert wird.","robots":{"index":"index","follow":"follow","max-snippet":"max-snippet:-1","max-image-preview":"max-image-preview:large","max-video-preview":"max-video-preview:-1"},"canonical":"https:\/\/fip-koeln.de\/en_us\/missionen-und-ziele\/mars-express\/mars-ionosphaere\/","og_locale":"en_US","og_type":"article","og_title":"Mars Ionosph\u00e4re - Radio Science","og_description":"Die Mars Ionosph\u00e4re ist ebenso teil der Radio Science. Sie ist die obere Schicht, die von der Strahlung der Sonne ionisiert wird.","og_url":"https:\/\/fip-koeln.de\/en_us\/missionen-und-ziele\/mars-express\/mars-ionosphaere\/","og_site_name":"Radio Science","article_modified_time":"2023-11-10T13:55:39+00:00","twitter_card":"summary_large_image","twitter_misc":{"Est. reading time":"1 minute"},"schema":{"@context":"https:\/\/schema.org","@graph":[{"@type":"WebPage","@id":"https:\/\/fip-koeln.de\/missionen-und-ziele\/mars-express\/mars-ionosphaere\/","url":"https:\/\/fip-koeln.de\/missionen-und-ziele\/mars-express\/mars-ionosphaere\/","name":"Mars Ionosph\u00e4re - Radio Science","isPartOf":{"@id":"https:\/\/fip-koeln.de\/#website"},"datePublished":"2016-09-27T16:10:40+00:00","dateModified":"2023-11-10T13:55:39+00:00","description":"Die Mars Ionosph\u00e4re ist ebenso teil der Radio Science. Sie ist die obere Schicht, die von der Strahlung der Sonne ionisiert wird.","breadcrumb":{"@id":"https:\/\/fip-koeln.de\/missionen-und-ziele\/mars-express\/mars-ionosphaere\/#breadcrumb"},"inLanguage":"en-US","potentialAction":[{"@type":"ReadAction","target":["https:\/\/fip-koeln.de\/missionen-und-ziele\/mars-express\/mars-ionosphaere\/"]}]},{"@type":"BreadcrumbList","@id":"https:\/\/fip-koeln.de\/missionen-und-ziele\/mars-express\/mars-ionosphaere\/#breadcrumb","itemListElement":[{"@type":"ListItem","position":1,"name":"Startseite","item":"https:\/\/fip-koeln.de\/"},{"@type":"ListItem","position":2,"name":"Missionen und Ziele","item":"https:\/\/fip-koeln.de\/missionen-und-ziele\/"},{"@type":"ListItem","position":3,"name":"Mars Express","item":"https:\/\/fip-koeln.de\/missionen-und-ziele\/mars-express\/"},{"@type":"ListItem","position":4,"name":"Mars Ionosph\u00e4re"}]},{"@type":"WebSite","@id":"https:\/\/fip-koeln.de\/#website","url":"https:\/\/fip-koeln.de\/","name":"Radio Science","description":"","publisher":{"@id":"https:\/\/fip-koeln.de\/#organization"},"potentialAction":[{"@type":"SearchAction","target":{"@type":"EntryPoint","urlTemplate":"https:\/\/fip-koeln.de\/?s={search_term_string}"},"query-input":{"@type":"PropertyValueSpecification","valueRequired":true,"valueName":"search_term_string"}}],"inLanguage":"en-US"},{"@type":"Organization","@id":"https:\/\/fip-koeln.de\/#organization","name":"Rheinisches Institut f\u00fcr Umweltforschung Abteilung Planetenforschung","url":"https:\/\/fip-koeln.de\/","logo":{"@type":"ImageObject","inLanguage":"en-US","@id":"https:\/\/fip-koeln.de\/#\/schema\/logo\/image\/","url":"https:\/\/fip-koeln.de\/wp-content\/uploads\/2023\/11\/favicon_radio-science.eu_.jpg","contentUrl":"https:\/\/fip-koeln.de\/wp-content\/uploads\/2023\/11\/favicon_radio-science.eu_.jpg","width":400,"height":400,"caption":"Rheinisches Institut f\u00fcr Umweltforschung Abteilung Planetenforschung"},"image":{"@id":"https:\/\/fip-koeln.de\/#\/schema\/logo\/image\/"}}]}},"uagb_featured_image_src":{"full":false,"thumbnail":false,"medium":false,"medium_large":false,"large":false,"1536x1536":false,"2048x2048":false,"trp-custom-language-flag":false},"uagb_author_info":{"display_name":"Admin","author_link":"https:\/\/fip-koeln.de\/en_us\/author\/admin\/"},"uagb_comment_info":0,"uagb_excerpt":"Mars Ionosph\u00e4re Die Tagionosph\u00e4re des Mars entsteht zum Gro\u00dfteil durch Photoionisation der planetaren Neutralatmosph\u00e4re und darauffolgende photochemische Prozesse. Ihre hervorstechendsten Eigenschaften sind das Hauptmaximum M2 und die darunterliegende kleinere M1-Schicht. W\u00e4hrend M2 haupts\u00e4chlich durch solare Strahlung im extremen Ultraviolett erzeugt wird, entsteht die M1 Schicht zum Gro\u00dfteil durch Photoionisation mittels solarer R\u00f6ntgenstrahlung und sekund\u00e4re Einschlagsionisation&hellip;","_links":{"self":[{"href":"https:\/\/fip-koeln.de\/en_us\/wp-json\/wp\/v2\/pages\/1655","targetHints":{"allow":["GET"]}}],"collection":[{"href":"https:\/\/fip-koeln.de\/en_us\/wp-json\/wp\/v2\/pages"}],"about":[{"href":"https:\/\/fip-koeln.de\/en_us\/wp-json\/wp\/v2\/types\/page"}],"author":[{"embeddable":true,"href":"https:\/\/fip-koeln.de\/en_us\/wp-json\/wp\/v2\/users\/1"}],"replies":[{"embeddable":true,"href":"https:\/\/fip-koeln.de\/en_us\/wp-json\/wp\/v2\/comments?post=1655"}],"version-history":[{"count":4,"href":"https:\/\/fip-koeln.de\/en_us\/wp-json\/wp\/v2\/pages\/1655\/revisions"}],"predecessor-version":[{"id":1927,"href":"https:\/\/fip-koeln.de\/en_us\/wp-json\/wp\/v2\/pages\/1655\/revisions\/1927"}],"up":[{"embeddable":true,"href":"https:\/\/fip-koeln.de\/en_us\/wp-json\/wp\/v2\/pages\/76"}],"wp:attachment":[{"href":"https:\/\/fip-koeln.de\/en_us\/wp-json\/wp\/v2\/media?parent=1655"}],"curies":[{"name":"wp","href":"https:\/\/api.w.org\/{rel}","templated":true}]}}