{"id":216,"date":"2012-11-08T14:14:59","date_gmt":"2012-11-08T14:14:59","guid":{"rendered":"http:\/\/www.radio-science.eu\/?page_id=216"},"modified":"2023-11-14T10:42:18","modified_gmt":"2023-11-14T10:42:18","slug":"new-horizons","status":"publish","type":"page","link":"https:\/\/fip-koeln.de\/en_us\/missionen-und-ziele\/new-horizons\/","title":{"rendered":"New Horizons"},"content":{"rendered":"<figure data-wp-context=\"{&quot;imageId&quot;:&quot;69f1de8ae7e5b&quot;}\" data-wp-interactive=\"core\/image\" data-wp-key=\"69f1de8ae7e5b\" class=\"wp-block-image aligncenter size-large is-style-default wp-lightbox-container\"><img loading=\"lazy\" decoding=\"async\" width=\"1024\" height=\"576\" data-wp-class--hide=\"state.isContentHidden\" data-wp-class--show=\"state.isContentVisible\" data-wp-init=\"callbacks.setButtonStyles\" data-wp-on--click=\"actions.showLightbox\" data-wp-on--load=\"callbacks.setButtonStyles\" data-wp-on-window--resize=\"callbacks.setButtonStyles\" src=\"https:\/\/fip-koeln.de\/wp-content\/uploads\/2023\/11\/PIA21590orig-1024x576.jpg\" alt=\"This is the highest-resolution color departure shot of Pluto receding crescent from NASA New Horizons spacecraft, taken when the spacecraft was 120,000 miles 200,000 kilometers away from Pluto.\" class=\"wp-image-2086\" srcset=\"https:\/\/fip-koeln.de\/wp-content\/uploads\/2023\/11\/PIA21590orig-1024x576.jpg 1024w, https:\/\/fip-koeln.de\/wp-content\/uploads\/2023\/11\/PIA21590orig-300x169.jpg 300w, https:\/\/fip-koeln.de\/wp-content\/uploads\/2023\/11\/PIA21590orig-768x432.jpg 768w, https:\/\/fip-koeln.de\/wp-content\/uploads\/2023\/11\/PIA21590orig-1536x864.jpg 1536w, https:\/\/fip-koeln.de\/wp-content\/uploads\/2023\/11\/PIA21590orig-2048x1152.jpg 2048w, https:\/\/fip-koeln.de\/wp-content\/uploads\/2023\/11\/PIA21590orig-18x10.jpg 18w\" sizes=\"auto, (max-width: 1024px) 100vw, 1024px\" \/><button\n\t\t\tclass=\"lightbox-trigger\"\n\t\t\ttype=\"button\"\n\t\t\taria-haspopup=\"dialog\"\n\t\t\taria-label=\"Enlarge\"\n\t\t\tdata-wp-init=\"callbacks.initTriggerButton\"\n\t\t\tdata-wp-on--click=\"actions.showLightbox\"\n\t\t\tdata-wp-style--right=\"state.imageButtonRight\"\n\t\t\tdata-wp-style--top=\"state.imageButtonTop\"\n\t\t>\n\t\t\t<svg xmlns=\"http:\/\/www.w3.org\/2000\/svg\" width=\"12\" height=\"12\" fill=\"none\" viewbox=\"0 0 12 12\">\n\t\t\t\t<path fill=\"#fff\" d=\"M2 0a2 2 0 0 0-2 2v2h1.5V2a.5.5 0 0 1 .5-.5h2V0H2Zm2 10.5H2a.5.5 0 0 1-.5-.5V8H0v2a2 2 0 0 0 2 2h2v-1.5ZM8 12v-1.5h2a.5.5 0 0 0 .5-.5V8H12v2a2 2 0 0 1-2 2H8Zm2-12a2 2 0 0 1 2 2v2h-1.5V2a.5.5 0 0 0-.5-.5H8V0h2Z\" \/>\n\t\t\t<\/svg>\n\t\t<\/button><figcaption class=\"wp-element-caption\">This is the highest-resolution color departure shot of Pluto&#8217;s receding crescent from NASA&#8217;s New Horizons spacecraft, taken when the spacecraft was 120,000 miles (200,000 kilometers) away from Pluto. <a href=\"https:\/\/images.nasa.gov\/details\/PIA21590\">Original<\/a><br>Credit: NASA\/Johns Hopkins University Applied Physics Laboratory\/Southwest Research Institute<\/figcaption><\/figure>\n\n\n\n<p>New Horizons is the first spacecraft to closely explore the dwarf planet Pluto and its moons. Additionally, the mission flew by the Kuiper Belt object Arrokoth, making it the farthest object observed up close. After its launch on January 19, 2006, the spacecraft traveled for nine years before reaching its first major destination, the flyby of Pluto on July 14, 2015. In early 2019, the probe also passed by its second target, Arrokoth. Now, the spacecraft is set to continue exploring the outer solar system in the Kuiper Belt, although it currently does not have a specific new target.<\/p>\n\n\n\n<p>Pluto is a dwarf planet in the outer solar system. At the mission's outset, Pluto was classified as a planet, a designation later revoked for this body, which is smaller than our Moon. Nevertheless, Pluto remains an intriguing object of study. Unlike Earth and the Moon, Pluto, along with its five known moons Charon, Styx, Nix, Kerberos, and Hydra, orbits a common point outside Pluto. This creates a Pluto system where Pluto is the largest body but not the central point. On its journey to the Pluto system, New Horizons also captured photos of Jupiter's moons Io, Europa, and Ganymede.<\/p>\n\n\n\n<p>The mission's final major target, Arrokoth, is a small object in the Kuiper Belt. Explored by New Horizons, it is the farthest and most primitive object ever closely examined by a spacecraft. Arrokoth is a red \"Contact-Binary,\" two bodies fused together in orbit. The images of Arrokoth's unusual shape were a sensation.<\/p>\n\n\n\n<h5 class=\"wp-block-heading\">Further links:<\/h5>\n\n\n\n<ul class=\"wp-block-list\">\n<li><a href=\"https:\/\/science.nasa.gov\/mission\/new-horizons\/\">New Horizons &#8211; NASA Science<\/a><\/li>\n\n\n\n<li><a href=\"https:\/\/science.nasa.gov\/dwarf-planets\/pluto\/\">Pluto &#8211; NASA Science<\/a><\/li>\n\n\n\n<li><a href=\"https:\/\/science.nasa.gov\/solar-system\/kuiper-belt\/arrokoth-2014-mu69\/facts\/\">Arrokoth: Facts &#8211; NASA Science<\/a><\/li>\n<\/ul>","protected":false},"excerpt":{"rendered":"<p>New Horizons ist die erste Raumsonde, die den Zwergplaneten Pluto mit seinen Monden aus der N\u00e4he erforscht hat. Ebenso hat die Mission mit der Erforschung des Kuiperg\u00fcrtel Objektes Arrokoth das am weitesten entfernte, aus der N\u00e4he beobachtete Objekt angeflogen. Nach ihrem Start am 19. Januar 2006 war die Raumsonde 9 Jahre unterwegs bis zu ihrem [&hellip;]<\/p>\n","protected":false},"author":1,"featured_media":0,"parent":21,"menu_order":0,"comment_status":"closed","ping_status":"closed","template":"","meta":{"_uag_custom_page_level_css":"","site-sidebar-layout":"default","site-content-layout":"","ast-site-content-layout":"default","site-content-style":"default","site-sidebar-style":"default","ast-global-header-display":"","ast-banner-title-visibility":"","ast-main-header-display":"","ast-hfb-above-header-display":"","ast-hfb-below-header-display":"","ast-hfb-mobile-header-display":"","site-post-title":"","ast-breadcrumbs-content":"","ast-featured-img":"","footer-sml-layout":"","ast-disable-related-posts":"","theme-transparent-header-meta":"","adv-header-id-meta":"","stick-header-meta":"","header-above-stick-meta":"","header-main-stick-meta":"","header-below-stick-meta":"","astra-migrate-meta-layouts":"default","ast-page-background-enabled":"default","ast-page-background-meta":{"desktop":{"background-color":"var(--ast-global-color-4)","background-image":"","background-repeat":"repeat","background-position":"center center","background-size":"auto","background-attachment":"scroll","background-type":"","background-media":"","overlay-type":"","overlay-color":"","overlay-opacity":"","overlay-gradient":""},"tablet":{"background-color":"","background-image":"","background-repeat":"repeat","background-position":"center center","background-size":"auto","background-attachment":"scroll","background-type":"","background-media":"","overlay-type":"","overlay-color":"","overlay-opacity":"","overlay-gradient":""},"mobile":{"background-color":"","background-image":"","background-repeat":"repeat","background-position":"center center","background-size":"auto","background-attachment":"scroll","background-type":"","background-media":"","overlay-type":"","overlay-color":"","overlay-opacity":"","overlay-gradient":""}},"ast-content-background-meta":{"desktop":{"background-color":"var(--ast-global-color-5)","background-image":"","background-repeat":"repeat","background-position":"center center","background-size":"auto","background-attachment":"scroll","background-type":"","background-media":"","overlay-type":"","overlay-color":"","overlay-opacity":"","overlay-gradient":""},"tablet":{"background-color":"var(--ast-global-color-5)","background-image":"","background-repeat":"repeat","background-position":"center center","background-size":"auto","background-attachment":"scroll","background-type":"","background-media":"","overlay-type":"","overlay-color":"","overlay-opacity":"","overlay-gradient":""},"mobile":{"background-color":"var(--ast-global-color-5)","background-image":"","background-repeat":"repeat","background-position":"center center","background-size":"auto","background-attachment":"scroll","background-type":"","background-media":"","overlay-type":"","overlay-color":"","overlay-opacity":"","overlay-gradient":""}},"footnotes":""},"class_list":["post-216","page","type-page","status-publish","hentry"],"yoast_head":"<!-- This site is optimized with the Yoast SEO plugin v27.4 - https:\/\/yoast.com\/product\/yoast-seo-wordpress\/ -->\n<title>New Horizons - Radio Science<\/title>\n<meta name=\"description\" content=\"New Horizons ist die erste Raumsonde, die den Zwergplaneten Pluto mit seinen Monden aus der N\u00e4he beobachtet hat.\" \/>\n<meta name=\"robots\" content=\"index, follow, max-snippet:-1, max-image-preview:large, max-video-preview:-1\" \/>\n<link rel=\"canonical\" href=\"https:\/\/fip-koeln.de\/en_us\/missionen-und-ziele\/new-horizons\/\" \/>\n<meta property=\"og:locale\" content=\"en_US\" \/>\n<meta property=\"og:type\" content=\"article\" \/>\n<meta property=\"og:title\" content=\"New Horizons - Radio Science\" \/>\n<meta property=\"og:description\" content=\"New Horizons ist die erste Raumsonde, die den Zwergplaneten Pluto mit seinen Monden aus der N\u00e4he beobachtet hat.\" \/>\n<meta property=\"og:url\" content=\"https:\/\/fip-koeln.de\/en_us\/missionen-und-ziele\/new-horizons\/\" \/>\n<meta property=\"og:site_name\" content=\"Radio Science\" \/>\n<meta property=\"article:modified_time\" content=\"2023-11-14T10:42:18+00:00\" \/>\n<meta property=\"og:image\" content=\"https:\/\/fip-koeln.de\/wp-content\/uploads\/2023\/11\/PIA21590orig-1024x576.jpg\" \/>\n<meta name=\"twitter:card\" content=\"summary_large_image\" \/>\n<meta name=\"twitter:label1\" content=\"Est. reading time\" \/>\n\t<meta name=\"twitter:data1\" content=\"2 minutes\" \/>\n<script type=\"application\/ld+json\" class=\"yoast-schema-graph\">{\"@context\":\"https:\\\/\\\/schema.org\",\"@graph\":[{\"@type\":\"WebPage\",\"@id\":\"https:\\\/\\\/fip-koeln.de\\\/missionen-und-ziele\\\/new-horizons\\\/\",\"url\":\"https:\\\/\\\/fip-koeln.de\\\/missionen-und-ziele\\\/new-horizons\\\/\",\"name\":\"New Horizons - Radio Science\",\"isPartOf\":{\"@id\":\"https:\\\/\\\/fip-koeln.de\\\/#website\"},\"primaryImageOfPage\":{\"@id\":\"https:\\\/\\\/fip-koeln.de\\\/missionen-und-ziele\\\/new-horizons\\\/#primaryimage\"},\"image\":{\"@id\":\"https:\\\/\\\/fip-koeln.de\\\/missionen-und-ziele\\\/new-horizons\\\/#primaryimage\"},\"thumbnailUrl\":\"https:\\\/\\\/fip-koeln.de\\\/wp-content\\\/uploads\\\/2023\\\/11\\\/PIA21590orig-1024x576.jpg\",\"datePublished\":\"2012-11-08T14:14:59+00:00\",\"dateModified\":\"2023-11-14T10:42:18+00:00\",\"description\":\"New Horizons ist die erste Raumsonde, die den Zwergplaneten Pluto mit seinen Monden aus der N\u00e4he beobachtet hat.\",\"breadcrumb\":{\"@id\":\"https:\\\/\\\/fip-koeln.de\\\/missionen-und-ziele\\\/new-horizons\\\/#breadcrumb\"},\"inLanguage\":\"en-US\",\"potentialAction\":[{\"@type\":\"ReadAction\",\"target\":[\"https:\\\/\\\/fip-koeln.de\\\/missionen-und-ziele\\\/new-horizons\\\/\"]}]},{\"@type\":\"ImageObject\",\"inLanguage\":\"en-US\",\"@id\":\"https:\\\/\\\/fip-koeln.de\\\/missionen-und-ziele\\\/new-horizons\\\/#primaryimage\",\"url\":\"https:\\\/\\\/fip-koeln.de\\\/wp-content\\\/uploads\\\/2023\\\/11\\\/PIA21590orig-1024x576.jpg\",\"contentUrl\":\"https:\\\/\\\/fip-koeln.de\\\/wp-content\\\/uploads\\\/2023\\\/11\\\/PIA21590orig-1024x576.jpg\"},{\"@type\":\"BreadcrumbList\",\"@id\":\"https:\\\/\\\/fip-koeln.de\\\/missionen-und-ziele\\\/new-horizons\\\/#breadcrumb\",\"itemListElement\":[{\"@type\":\"ListItem\",\"position\":1,\"name\":\"Startseite\",\"item\":\"https:\\\/\\\/fip-koeln.de\\\/\"},{\"@type\":\"ListItem\",\"position\":2,\"name\":\"Missionen und Ziele\",\"item\":\"https:\\\/\\\/fip-koeln.de\\\/missionen-und-ziele\\\/\"},{\"@type\":\"ListItem\",\"position\":3,\"name\":\"New Horizons\"}]},{\"@type\":\"WebSite\",\"@id\":\"https:\\\/\\\/fip-koeln.de\\\/#website\",\"url\":\"https:\\\/\\\/fip-koeln.de\\\/\",\"name\":\"Radio Science\",\"description\":\"\",\"publisher\":{\"@id\":\"https:\\\/\\\/fip-koeln.de\\\/#organization\"},\"potentialAction\":[{\"@type\":\"SearchAction\",\"target\":{\"@type\":\"EntryPoint\",\"urlTemplate\":\"https:\\\/\\\/fip-koeln.de\\\/?s={search_term_string}\"},\"query-input\":{\"@type\":\"PropertyValueSpecification\",\"valueRequired\":true,\"valueName\":\"search_term_string\"}}],\"inLanguage\":\"en-US\"},{\"@type\":\"Organization\",\"@id\":\"https:\\\/\\\/fip-koeln.de\\\/#organization\",\"name\":\"Rheinisches Institut f\u00fcr Umweltforschung Abteilung Planetenforschung\",\"url\":\"https:\\\/\\\/fip-koeln.de\\\/\",\"logo\":{\"@type\":\"ImageObject\",\"inLanguage\":\"en-US\",\"@id\":\"https:\\\/\\\/fip-koeln.de\\\/#\\\/schema\\\/logo\\\/image\\\/\",\"url\":\"https:\\\/\\\/fip-koeln.de\\\/wp-content\\\/uploads\\\/2023\\\/11\\\/favicon_radio-science.eu_.jpg\",\"contentUrl\":\"https:\\\/\\\/fip-koeln.de\\\/wp-content\\\/uploads\\\/2023\\\/11\\\/favicon_radio-science.eu_.jpg\",\"width\":400,\"height\":400,\"caption\":\"Rheinisches Institut f\u00fcr Umweltforschung Abteilung Planetenforschung\"},\"image\":{\"@id\":\"https:\\\/\\\/fip-koeln.de\\\/#\\\/schema\\\/logo\\\/image\\\/\"}}]}<\/script>\n<!-- \/ Yoast SEO plugin. -->","yoast_head_json":{"title":"New Horizons - Radio Science","description":"New Horizons ist die erste Raumsonde, die den Zwergplaneten Pluto mit seinen Monden aus der N\u00e4he beobachtet hat.","robots":{"index":"index","follow":"follow","max-snippet":"max-snippet:-1","max-image-preview":"max-image-preview:large","max-video-preview":"max-video-preview:-1"},"canonical":"https:\/\/fip-koeln.de\/en_us\/missionen-und-ziele\/new-horizons\/","og_locale":"en_US","og_type":"article","og_title":"New Horizons - Radio Science","og_description":"New Horizons ist die erste Raumsonde, die den Zwergplaneten Pluto mit seinen Monden aus der N\u00e4he beobachtet hat.","og_url":"https:\/\/fip-koeln.de\/en_us\/missionen-und-ziele\/new-horizons\/","og_site_name":"Radio Science","article_modified_time":"2023-11-14T10:42:18+00:00","og_image":[{"url":"https:\/\/fip-koeln.de\/wp-content\/uploads\/2023\/11\/PIA21590orig-1024x576.jpg","type":"","width":"","height":""}],"twitter_card":"summary_large_image","twitter_misc":{"Est. reading time":"2 minutes"},"schema":{"@context":"https:\/\/schema.org","@graph":[{"@type":"WebPage","@id":"https:\/\/fip-koeln.de\/missionen-und-ziele\/new-horizons\/","url":"https:\/\/fip-koeln.de\/missionen-und-ziele\/new-horizons\/","name":"New Horizons - Radio Science","isPartOf":{"@id":"https:\/\/fip-koeln.de\/#website"},"primaryImageOfPage":{"@id":"https:\/\/fip-koeln.de\/missionen-und-ziele\/new-horizons\/#primaryimage"},"image":{"@id":"https:\/\/fip-koeln.de\/missionen-und-ziele\/new-horizons\/#primaryimage"},"thumbnailUrl":"https:\/\/fip-koeln.de\/wp-content\/uploads\/2023\/11\/PIA21590orig-1024x576.jpg","datePublished":"2012-11-08T14:14:59+00:00","dateModified":"2023-11-14T10:42:18+00:00","description":"New Horizons ist die erste Raumsonde, die den Zwergplaneten Pluto mit seinen Monden aus der N\u00e4he beobachtet hat.","breadcrumb":{"@id":"https:\/\/fip-koeln.de\/missionen-und-ziele\/new-horizons\/#breadcrumb"},"inLanguage":"en-US","potentialAction":[{"@type":"ReadAction","target":["https:\/\/fip-koeln.de\/missionen-und-ziele\/new-horizons\/"]}]},{"@type":"ImageObject","inLanguage":"en-US","@id":"https:\/\/fip-koeln.de\/missionen-und-ziele\/new-horizons\/#primaryimage","url":"https:\/\/fip-koeln.de\/wp-content\/uploads\/2023\/11\/PIA21590orig-1024x576.jpg","contentUrl":"https:\/\/fip-koeln.de\/wp-content\/uploads\/2023\/11\/PIA21590orig-1024x576.jpg"},{"@type":"BreadcrumbList","@id":"https:\/\/fip-koeln.de\/missionen-und-ziele\/new-horizons\/#breadcrumb","itemListElement":[{"@type":"ListItem","position":1,"name":"Startseite","item":"https:\/\/fip-koeln.de\/"},{"@type":"ListItem","position":2,"name":"Missionen und Ziele","item":"https:\/\/fip-koeln.de\/missionen-und-ziele\/"},{"@type":"ListItem","position":3,"name":"New Horizons"}]},{"@type":"WebSite","@id":"https:\/\/fip-koeln.de\/#website","url":"https:\/\/fip-koeln.de\/","name":"Radio Science","description":"","publisher":{"@id":"https:\/\/fip-koeln.de\/#organization"},"potentialAction":[{"@type":"SearchAction","target":{"@type":"EntryPoint","urlTemplate":"https:\/\/fip-koeln.de\/?s={search_term_string}"},"query-input":{"@type":"PropertyValueSpecification","valueRequired":true,"valueName":"search_term_string"}}],"inLanguage":"en-US"},{"@type":"Organization","@id":"https:\/\/fip-koeln.de\/#organization","name":"Rheinisches Institut f\u00fcr Umweltforschung Abteilung Planetenforschung","url":"https:\/\/fip-koeln.de\/","logo":{"@type":"ImageObject","inLanguage":"en-US","@id":"https:\/\/fip-koeln.de\/#\/schema\/logo\/image\/","url":"https:\/\/fip-koeln.de\/wp-content\/uploads\/2023\/11\/favicon_radio-science.eu_.jpg","contentUrl":"https:\/\/fip-koeln.de\/wp-content\/uploads\/2023\/11\/favicon_radio-science.eu_.jpg","width":400,"height":400,"caption":"Rheinisches Institut f\u00fcr Umweltforschung Abteilung Planetenforschung"},"image":{"@id":"https:\/\/fip-koeln.de\/#\/schema\/logo\/image\/"}}]}},"uagb_featured_image_src":{"full":false,"thumbnail":false,"medium":false,"medium_large":false,"large":false,"1536x1536":false,"2048x2048":false,"trp-custom-language-flag":false},"uagb_author_info":{"display_name":"Admin","author_link":"https:\/\/fip-koeln.de\/en_us\/author\/admin\/"},"uagb_comment_info":0,"uagb_excerpt":"New Horizons ist die erste Raumsonde, die den Zwergplaneten Pluto mit seinen Monden aus der N\u00e4he erforscht hat. Ebenso hat die Mission mit der Erforschung des Kuiperg\u00fcrtel Objektes Arrokoth das am weitesten entfernte, aus der N\u00e4he beobachtete Objekt angeflogen. Nach ihrem Start am 19. Januar 2006 war die Raumsonde 9 Jahre unterwegs bis zu ihrem&hellip;","_links":{"self":[{"href":"https:\/\/fip-koeln.de\/en_us\/wp-json\/wp\/v2\/pages\/216","targetHints":{"allow":["GET"]}}],"collection":[{"href":"https:\/\/fip-koeln.de\/en_us\/wp-json\/wp\/v2\/pages"}],"about":[{"href":"https:\/\/fip-koeln.de\/en_us\/wp-json\/wp\/v2\/types\/page"}],"author":[{"embeddable":true,"href":"https:\/\/fip-koeln.de\/en_us\/wp-json\/wp\/v2\/users\/1"}],"replies":[{"embeddable":true,"href":"https:\/\/fip-koeln.de\/en_us\/wp-json\/wp\/v2\/comments?post=216"}],"version-history":[{"count":14,"href":"https:\/\/fip-koeln.de\/en_us\/wp-json\/wp\/v2\/pages\/216\/revisions"}],"predecessor-version":[{"id":2093,"href":"https:\/\/fip-koeln.de\/en_us\/wp-json\/wp\/v2\/pages\/216\/revisions\/2093"}],"up":[{"embeddable":true,"href":"https:\/\/fip-koeln.de\/en_us\/wp-json\/wp\/v2\/pages\/21"}],"wp:attachment":[{"href":"https:\/\/fip-koeln.de\/en_us\/wp-json\/wp\/v2\/media?parent=216"}],"curies":[{"name":"wp","href":"https:\/\/api.w.org\/{rel}","templated":true}]}}