{"id":347,"date":"2013-12-19T09:27:40","date_gmt":"2013-12-19T09:27:40","guid":{"rendered":"http:\/\/www.radio-science.eu\/?page_id=347"},"modified":"2023-11-10T12:37:49","modified_gmt":"2023-11-10T12:37:49","slug":"staubteufel","status":"publish","type":"page","link":"https:\/\/fip-koeln.de\/en_us\/missionen-und-ziele\/mars-express\/staubteufel\/","title":{"rendered":"Dustdevils"},"content":{"rendered":"<h1 class=\"wp-block-heading\">Dustdevils<\/h1>\n\n\n\n<p><strong>Juni 2006: <\/strong><em> Zum ersten Mal konnten mit Hilfe von <a href=\"http:\/\/solarsystem.dlr.de\/Missions\/express\/kamera\/kamera.shtml\"> HRSC<\/a>(einer hochaufl\u00f6senden digitalen Stereokamera) vom Orbit des Planeten aus gro\u00dfe sch\u00e4tzungsweise bis zu 2 Kilometer hohe staubgef\u00fcllte Windhosen \u2013 so genannte Staubteufel &#8211; in Bewegung beobachtet werden.<\/em><\/p>\n\n\n\n<p>HRSC gelang es au\u00dferdem gleich f\u00fcnf Staubwirbel auf einmal abzulichten. Diplom-Meteorologin Christina Stanzel und Hochschuldozent Dr. Martin P\u00e4tzold, beide Rheinisches Insitut f\u00fcr Umweltforschung, Abteilung Planetenforschung, ehemals am Institut f\u00fcr Geophysik und Meteorologie der Universit\u00e4t zu K\u00f6n, analysierten die neuen Bilder und entdeckten dabei Erstaunliches. So sind die Windhosen zwar einige Kilometer voneinander entfernt, sie bewegen sich aber dennoch in die gleiche Richtung wie auf einer Perlenschnur aufgereiht. Au\u00dferdem sind sie au\u00dferordentlich schnell: Sie bewegen sich mit durchschnittlich mehr als 70 km\/h \u00fcber die Oberfl\u00e4che! Allerdings scheint die Geschwindigkeit auch von der Gr\u00f6\u00dfe abzuh\u00e4ngen, denn kleinere Staubteufel wiesen eine geringere Geschwindigkeit auf als ihre gro\u00dfen \u201eBr\u00fcder\u201c.<\/p>\n\n\n\n<p>Ein \u00e4hnliches Verhalten zeigten auch die anderen neun, die in anderen Gebieten photographiert wurden. Leider erfolgt die Entdeckung dieser Staubwirbel bei der gro\u00dfen Menge an Bilddaten bisher zuf\u00e4llig. Daher arbeiten Christina Stanzel und Dr. Martin P\u00e4tzold parallel zur Auswertung der aktuellen Bilder vom Mars \u201evon Hand\u201c an einem Suchalgorithmus, der die Staubteufel automatisch finden soll, damit in Zukunft die Entdeckung von Staubteufeln kein Gl\u00fccksspiel mehr bleibt.<img decoding=\"async\" src=\"http:\/\/www.riu.uni-koeln.de\/RADIOSCIENCE\/BILDER\/teststaubteufel.gif\" alt=\"\"><\/p>\n\n\n\n<p>Quelle: ESA\/DLR\/FU Berlin (G. Neukum)<\/p>\n\n\n\n<p>Das Bild zeigt f\u00fcnf staubtragende Windhosen, die sich in einer Reihe fortbewegen. Die Ver\u00e4nderung der einzelnen Staubwirbel zeigt sich in den drei aufeinander folgenden Bildern. Zwischen den Aufnahmen liegen 44 bzw. 53 Sekunden. Gut zu erkennen sind der staubgef\u00fcllte Auftriebskanal und die Staubwolke um diesen Schlauch. Schwach sichtbar sind auch die Schatten, den die Staubteufel auf die Marsoberfl\u00e4che werfen und aus dem sich die H\u00f6he der Staubteufel bestimmen l\u00e4sst.<\/p>","protected":false},"excerpt":{"rendered":"<p>Staubteufel Juni 2006: Zum ersten Mal konnten mit Hilfe von HRSC(einer hochaufl\u00f6senden digitalen Stereokamera) vom Orbit des Planeten aus gro\u00dfe sch\u00e4tzungsweise bis zu 2 Kilometer hohe staubgef\u00fcllte Windhosen \u2013 so genannte Staubteufel &#8211; in Bewegung beobachtet werden. HRSC gelang es au\u00dferdem gleich f\u00fcnf Staubwirbel auf einmal abzulichten. Diplom-Meteorologin Christina Stanzel und Hochschuldozent Dr. Martin P\u00e4tzold, [&hellip;]<\/p>\n","protected":false},"author":1,"featured_media":0,"parent":76,"menu_order":0,"comment_status":"closed","ping_status":"closed","template":"","meta":{"_uag_custom_page_level_css":"","site-sidebar-layout":"default","site-content-layout":"","ast-site-content-layout":"default","site-content-style":"default","site-sidebar-style":"default","ast-global-header-display":"","ast-banner-title-visibility":"","ast-main-header-display":"","ast-hfb-above-header-display":"","ast-hfb-below-header-display":"","ast-hfb-mobile-header-display":"","site-post-title":"disabled","ast-breadcrumbs-content":"","ast-featured-img":"","footer-sml-layout":"","ast-disable-related-posts":"","theme-transparent-header-meta":"","adv-header-id-meta":"","stick-header-meta":"","header-above-stick-meta":"","header-main-stick-meta":"","header-below-stick-meta":"","astra-migrate-meta-layouts":"","ast-page-background-enabled":"default","ast-page-background-meta":{"desktop":{"background-color":"var(--ast-global-color-4)","background-image":"","background-repeat":"repeat","background-position":"center center","background-size":"auto","background-attachment":"scroll","background-type":"","background-media":"","overlay-type":"","overlay-color":"","overlay-opacity":"","overlay-gradient":""},"tablet":{"background-color":"","background-image":"","background-repeat":"repeat","background-position":"center center","background-size":"auto","background-attachment":"scroll","background-type":"","background-media":"","overlay-type":"","overlay-color":"","overlay-opacity":"","overlay-gradient":""},"mobile":{"background-color":"","background-image":"","background-repeat":"repeat","background-position":"center center","background-size":"auto","background-attachment":"scroll","background-type":"","background-media":"","overlay-type":"","overlay-color":"","overlay-opacity":"","overlay-gradient":""}},"ast-content-background-meta":{"desktop":{"background-color":"var(--ast-global-color-5)","background-image":"","background-repeat":"repeat","background-position":"center center","background-size":"auto","background-attachment":"scroll","background-type":"","background-media":"","overlay-type":"","overlay-color":"","overlay-opacity":"","overlay-gradient":""},"tablet":{"background-color":"var(--ast-global-color-5)","background-image":"","background-repeat":"repeat","background-position":"center center","background-size":"auto","background-attachment":"scroll","background-type":"","background-media":"","overlay-type":"","overlay-color":"","overlay-opacity":"","overlay-gradient":""},"mobile":{"background-color":"var(--ast-global-color-5)","background-image":"","background-repeat":"repeat","background-position":"center center","background-size":"auto","background-attachment":"scroll","background-type":"","background-media":"","overlay-type":"","overlay-color":"","overlay-opacity":"","overlay-gradient":""}},"footnotes":""},"class_list":["post-347","page","type-page","status-publish","hentry"],"yoast_head":"<!-- This site is optimized with the Yoast SEO plugin v27.5 - https:\/\/yoast.com\/product\/yoast-seo-wordpress\/ -->\n<title>Staubteufel - Radio Science<\/title>\n<meta name=\"robots\" content=\"index, follow, max-snippet:-1, max-image-preview:large, max-video-preview:-1\" \/>\n<link rel=\"canonical\" href=\"https:\/\/fip-koeln.de\/en_us\/missionen-und-ziele\/mars-express\/staubteufel\/\" \/>\n<meta property=\"og:locale\" content=\"en_US\" \/>\n<meta property=\"og:type\" content=\"article\" \/>\n<meta property=\"og:title\" content=\"Staubteufel - Radio Science\" \/>\n<meta property=\"og:description\" content=\"Staubteufel Juni 2006: Zum ersten Mal konnten mit Hilfe von HRSC(einer hochaufl\u00f6senden digitalen Stereokamera) vom Orbit des Planeten aus gro\u00dfe sch\u00e4tzungsweise bis zu 2 Kilometer hohe staubgef\u00fcllte Windhosen \u2013 so genannte Staubteufel &#8211; in Bewegung beobachtet werden. HRSC gelang es au\u00dferdem gleich f\u00fcnf Staubwirbel auf einmal abzulichten. Diplom-Meteorologin Christina Stanzel und Hochschuldozent Dr. Martin P\u00e4tzold, [&hellip;]\" \/>\n<meta property=\"og:url\" content=\"https:\/\/fip-koeln.de\/en_us\/missionen-und-ziele\/mars-express\/staubteufel\/\" \/>\n<meta property=\"og:site_name\" content=\"Radio Science\" \/>\n<meta property=\"article:modified_time\" content=\"2023-11-10T12:37:49+00:00\" \/>\n<meta property=\"og:image\" content=\"http:\/\/www.riu.uni-koeln.de\/RADIOSCIENCE\/BILDER\/teststaubteufel.gif\" \/>\n<meta name=\"twitter:card\" content=\"summary_large_image\" \/>\n<meta name=\"twitter:label1\" content=\"Est. reading time\" \/>\n\t<meta name=\"twitter:data1\" content=\"2 minutes\" \/>\n<script type=\"application\/ld+json\" class=\"yoast-schema-graph\">{\"@context\":\"https:\\\/\\\/schema.org\",\"@graph\":[{\"@type\":\"WebPage\",\"@id\":\"https:\\\/\\\/fip-koeln.de\\\/missionen-und-ziele\\\/mars-express\\\/staubteufel\\\/\",\"url\":\"https:\\\/\\\/fip-koeln.de\\\/missionen-und-ziele\\\/mars-express\\\/staubteufel\\\/\",\"name\":\"Staubteufel - Radio Science\",\"isPartOf\":{\"@id\":\"https:\\\/\\\/fip-koeln.de\\\/#website\"},\"primaryImageOfPage\":{\"@id\":\"https:\\\/\\\/fip-koeln.de\\\/missionen-und-ziele\\\/mars-express\\\/staubteufel\\\/#primaryimage\"},\"image\":{\"@id\":\"https:\\\/\\\/fip-koeln.de\\\/missionen-und-ziele\\\/mars-express\\\/staubteufel\\\/#primaryimage\"},\"thumbnailUrl\":\"http:\\\/\\\/www.riu.uni-koeln.de\\\/RADIOSCIENCE\\\/BILDER\\\/teststaubteufel.gif\",\"datePublished\":\"2013-12-19T09:27:40+00:00\",\"dateModified\":\"2023-11-10T12:37:49+00:00\",\"breadcrumb\":{\"@id\":\"https:\\\/\\\/fip-koeln.de\\\/missionen-und-ziele\\\/mars-express\\\/staubteufel\\\/#breadcrumb\"},\"inLanguage\":\"en-US\",\"potentialAction\":[{\"@type\":\"ReadAction\",\"target\":[\"https:\\\/\\\/fip-koeln.de\\\/missionen-und-ziele\\\/mars-express\\\/staubteufel\\\/\"]}]},{\"@type\":\"ImageObject\",\"inLanguage\":\"en-US\",\"@id\":\"https:\\\/\\\/fip-koeln.de\\\/missionen-und-ziele\\\/mars-express\\\/staubteufel\\\/#primaryimage\",\"url\":\"http:\\\/\\\/www.riu.uni-koeln.de\\\/RADIOSCIENCE\\\/BILDER\\\/teststaubteufel.gif\",\"contentUrl\":\"http:\\\/\\\/www.riu.uni-koeln.de\\\/RADIOSCIENCE\\\/BILDER\\\/teststaubteufel.gif\"},{\"@type\":\"BreadcrumbList\",\"@id\":\"https:\\\/\\\/fip-koeln.de\\\/missionen-und-ziele\\\/mars-express\\\/staubteufel\\\/#breadcrumb\",\"itemListElement\":[{\"@type\":\"ListItem\",\"position\":1,\"name\":\"Startseite\",\"item\":\"https:\\\/\\\/fip-koeln.de\\\/\"},{\"@type\":\"ListItem\",\"position\":2,\"name\":\"Missionen und Ziele\",\"item\":\"https:\\\/\\\/fip-koeln.de\\\/missionen-und-ziele\\\/\"},{\"@type\":\"ListItem\",\"position\":3,\"name\":\"Mars Express\",\"item\":\"https:\\\/\\\/fip-koeln.de\\\/missionen-und-ziele\\\/mars-express\\\/\"},{\"@type\":\"ListItem\",\"position\":4,\"name\":\"Staubteufel\"}]},{\"@type\":\"WebSite\",\"@id\":\"https:\\\/\\\/fip-koeln.de\\\/#website\",\"url\":\"https:\\\/\\\/fip-koeln.de\\\/\",\"name\":\"Radio Science\",\"description\":\"\",\"publisher\":{\"@id\":\"https:\\\/\\\/fip-koeln.de\\\/#organization\"},\"potentialAction\":[{\"@type\":\"SearchAction\",\"target\":{\"@type\":\"EntryPoint\",\"urlTemplate\":\"https:\\\/\\\/fip-koeln.de\\\/?s={search_term_string}\"},\"query-input\":{\"@type\":\"PropertyValueSpecification\",\"valueRequired\":true,\"valueName\":\"search_term_string\"}}],\"inLanguage\":\"en-US\"},{\"@type\":\"Organization\",\"@id\":\"https:\\\/\\\/fip-koeln.de\\\/#organization\",\"name\":\"Rheinisches Institut f\u00fcr Umweltforschung Abteilung Planetenforschung\",\"url\":\"https:\\\/\\\/fip-koeln.de\\\/\",\"logo\":{\"@type\":\"ImageObject\",\"inLanguage\":\"en-US\",\"@id\":\"https:\\\/\\\/fip-koeln.de\\\/#\\\/schema\\\/logo\\\/image\\\/\",\"url\":\"https:\\\/\\\/fip-koeln.de\\\/wp-content\\\/uploads\\\/2023\\\/11\\\/favicon_radio-science.eu_.jpg\",\"contentUrl\":\"https:\\\/\\\/fip-koeln.de\\\/wp-content\\\/uploads\\\/2023\\\/11\\\/favicon_radio-science.eu_.jpg\",\"width\":400,\"height\":400,\"caption\":\"Rheinisches Institut f\u00fcr Umweltforschung Abteilung Planetenforschung\"},\"image\":{\"@id\":\"https:\\\/\\\/fip-koeln.de\\\/#\\\/schema\\\/logo\\\/image\\\/\"}}]}<\/script>\n<!-- \/ Yoast SEO plugin. -->","yoast_head_json":{"title":"Staubteufel - Radio Science","robots":{"index":"index","follow":"follow","max-snippet":"max-snippet:-1","max-image-preview":"max-image-preview:large","max-video-preview":"max-video-preview:-1"},"canonical":"https:\/\/fip-koeln.de\/en_us\/missionen-und-ziele\/mars-express\/staubteufel\/","og_locale":"en_US","og_type":"article","og_title":"Staubteufel - Radio Science","og_description":"Staubteufel Juni 2006: Zum ersten Mal konnten mit Hilfe von HRSC(einer hochaufl\u00f6senden digitalen Stereokamera) vom Orbit des Planeten aus gro\u00dfe sch\u00e4tzungsweise bis zu 2 Kilometer hohe staubgef\u00fcllte Windhosen \u2013 so genannte Staubteufel &#8211; in Bewegung beobachtet werden. HRSC gelang es au\u00dferdem gleich f\u00fcnf Staubwirbel auf einmal abzulichten. Diplom-Meteorologin Christina Stanzel und Hochschuldozent Dr. Martin P\u00e4tzold, [&hellip;]","og_url":"https:\/\/fip-koeln.de\/en_us\/missionen-und-ziele\/mars-express\/staubteufel\/","og_site_name":"Radio Science","article_modified_time":"2023-11-10T12:37:49+00:00","og_image":[{"url":"http:\/\/www.riu.uni-koeln.de\/RADIOSCIENCE\/BILDER\/teststaubteufel.gif","type":"","width":"","height":""}],"twitter_card":"summary_large_image","twitter_misc":{"Est. reading time":"2 minutes"},"schema":{"@context":"https:\/\/schema.org","@graph":[{"@type":"WebPage","@id":"https:\/\/fip-koeln.de\/missionen-und-ziele\/mars-express\/staubteufel\/","url":"https:\/\/fip-koeln.de\/missionen-und-ziele\/mars-express\/staubteufel\/","name":"Staubteufel - Radio Science","isPartOf":{"@id":"https:\/\/fip-koeln.de\/#website"},"primaryImageOfPage":{"@id":"https:\/\/fip-koeln.de\/missionen-und-ziele\/mars-express\/staubteufel\/#primaryimage"},"image":{"@id":"https:\/\/fip-koeln.de\/missionen-und-ziele\/mars-express\/staubteufel\/#primaryimage"},"thumbnailUrl":"http:\/\/www.riu.uni-koeln.de\/RADIOSCIENCE\/BILDER\/teststaubteufel.gif","datePublished":"2013-12-19T09:27:40+00:00","dateModified":"2023-11-10T12:37:49+00:00","breadcrumb":{"@id":"https:\/\/fip-koeln.de\/missionen-und-ziele\/mars-express\/staubteufel\/#breadcrumb"},"inLanguage":"en-US","potentialAction":[{"@type":"ReadAction","target":["https:\/\/fip-koeln.de\/missionen-und-ziele\/mars-express\/staubteufel\/"]}]},{"@type":"ImageObject","inLanguage":"en-US","@id":"https:\/\/fip-koeln.de\/missionen-und-ziele\/mars-express\/staubteufel\/#primaryimage","url":"http:\/\/www.riu.uni-koeln.de\/RADIOSCIENCE\/BILDER\/teststaubteufel.gif","contentUrl":"http:\/\/www.riu.uni-koeln.de\/RADIOSCIENCE\/BILDER\/teststaubteufel.gif"},{"@type":"BreadcrumbList","@id":"https:\/\/fip-koeln.de\/missionen-und-ziele\/mars-express\/staubteufel\/#breadcrumb","itemListElement":[{"@type":"ListItem","position":1,"name":"Startseite","item":"https:\/\/fip-koeln.de\/"},{"@type":"ListItem","position":2,"name":"Missionen und Ziele","item":"https:\/\/fip-koeln.de\/missionen-und-ziele\/"},{"@type":"ListItem","position":3,"name":"Mars Express","item":"https:\/\/fip-koeln.de\/missionen-und-ziele\/mars-express\/"},{"@type":"ListItem","position":4,"name":"Staubteufel"}]},{"@type":"WebSite","@id":"https:\/\/fip-koeln.de\/#website","url":"https:\/\/fip-koeln.de\/","name":"Radio Science","description":"","publisher":{"@id":"https:\/\/fip-koeln.de\/#organization"},"potentialAction":[{"@type":"SearchAction","target":{"@type":"EntryPoint","urlTemplate":"https:\/\/fip-koeln.de\/?s={search_term_string}"},"query-input":{"@type":"PropertyValueSpecification","valueRequired":true,"valueName":"search_term_string"}}],"inLanguage":"en-US"},{"@type":"Organization","@id":"https:\/\/fip-koeln.de\/#organization","name":"Rheinisches Institut f\u00fcr Umweltforschung Abteilung Planetenforschung","url":"https:\/\/fip-koeln.de\/","logo":{"@type":"ImageObject","inLanguage":"en-US","@id":"https:\/\/fip-koeln.de\/#\/schema\/logo\/image\/","url":"https:\/\/fip-koeln.de\/wp-content\/uploads\/2023\/11\/favicon_radio-science.eu_.jpg","contentUrl":"https:\/\/fip-koeln.de\/wp-content\/uploads\/2023\/11\/favicon_radio-science.eu_.jpg","width":400,"height":400,"caption":"Rheinisches Institut f\u00fcr Umweltforschung Abteilung Planetenforschung"},"image":{"@id":"https:\/\/fip-koeln.de\/#\/schema\/logo\/image\/"}}]}},"uagb_featured_image_src":{"full":false,"thumbnail":false,"medium":false,"medium_large":false,"large":false,"1536x1536":false,"2048x2048":false,"trp-custom-language-flag":false},"uagb_author_info":{"display_name":"Admin","author_link":"https:\/\/fip-koeln.de\/en_us\/author\/admin\/"},"uagb_comment_info":0,"uagb_excerpt":"Staubteufel Juni 2006: Zum ersten Mal konnten mit Hilfe von HRSC(einer hochaufl\u00f6senden digitalen Stereokamera) vom Orbit des Planeten aus gro\u00dfe sch\u00e4tzungsweise bis zu 2 Kilometer hohe staubgef\u00fcllte Windhosen \u2013 so genannte Staubteufel &#8211; in Bewegung beobachtet werden. HRSC gelang es au\u00dferdem gleich f\u00fcnf Staubwirbel auf einmal abzulichten. Diplom-Meteorologin Christina Stanzel und Hochschuldozent Dr. Martin P\u00e4tzold,&hellip;","_links":{"self":[{"href":"https:\/\/fip-koeln.de\/en_us\/wp-json\/wp\/v2\/pages\/347","targetHints":{"allow":["GET"]}}],"collection":[{"href":"https:\/\/fip-koeln.de\/en_us\/wp-json\/wp\/v2\/pages"}],"about":[{"href":"https:\/\/fip-koeln.de\/en_us\/wp-json\/wp\/v2\/types\/page"}],"author":[{"embeddable":true,"href":"https:\/\/fip-koeln.de\/en_us\/wp-json\/wp\/v2\/users\/1"}],"replies":[{"embeddable":true,"href":"https:\/\/fip-koeln.de\/en_us\/wp-json\/wp\/v2\/comments?post=347"}],"version-history":[{"count":6,"href":"https:\/\/fip-koeln.de\/en_us\/wp-json\/wp\/v2\/pages\/347\/revisions"}],"predecessor-version":[{"id":2005,"href":"https:\/\/fip-koeln.de\/en_us\/wp-json\/wp\/v2\/pages\/347\/revisions\/2005"}],"up":[{"embeddable":true,"href":"https:\/\/fip-koeln.de\/en_us\/wp-json\/wp\/v2\/pages\/76"}],"wp:attachment":[{"href":"https:\/\/fip-koeln.de\/en_us\/wp-json\/wp\/v2\/media?parent=347"}],"curies":[{"name":"wp","href":"https:\/\/api.w.org\/{rel}","templated":true}]}}