{"id":49,"date":"2012-11-06T08:45:07","date_gmt":"2012-11-06T08:45:07","guid":{"rendered":"http:\/\/www.radio-science.eu\/?page_id=49"},"modified":"2023-11-14T11:04:10","modified_gmt":"2023-11-14T11:04:10","slug":"was-ist-radio-science","status":"publish","type":"page","link":"https:\/\/fip-koeln.de\/en_us\/sample-page\/was-ist-radio-science\/","title":{"rendered":"About Radio Science"},"content":{"rendered":"<p>Radio Science investigates small changes in the frequency (phase), amplitude, and polarization of a radio carrier signal. Generally transmitted by a spacecraft, the signal propagates through interplanetary space and is eventually received on Earth. Changes in the signal's parameters arise from the relative motion between the spacecraft and ground station (Doppler effect), propagation through neutral (planetary atmospheres) and ionized media (ionospheres, solar wind, and solar corona), or reflection off planetary surfaces. These radio signals are typically used for communication between <a href=\"https:\/\/fip-koeln.de\/en_us\/sample-page\/die-bodenstationen\/\">ground stations<\/a> on Earth and the spacecraft, enabling the commanding of the spacecraft or the transmission of data from the spacecraft to Earth. The signal from the ground station to the spacecraft is usually employed for spacecraft control and is referred to as the 'uplink.' Conversely, the spacecraft transmits information and scientific data to the Earth on the 'downlink.'<\/p>\n\n\n\n<h4 class=\"wp-block-heading\">Scientific areas of application<\/h4>\n\n\n\n<p>Radio Science can be utilized for various scientific purposes, including investigations of:<\/p>\n\n\n\n<ul class=\"wp-block-list\">\n<li>Gravitational fields of planets, moons, asteroids and comets<\/li>\n\n\n\n<li>Neutral atmospheres<\/li>\n\n\n\n<li>Ionospheres<\/li>\n\n\n\n<li>Sun corona<\/li>\n\n\n\n<li>Surfaces (bistatic radar)<\/li>\n\n\n\n<li>Planetary rings<\/li>\n\n\n\n<li>Comet coma (dust and gas)<\/li>\n<\/ul>\n\n\n\n<p>The frequencies used for these investigations are in the microwave range, with X-Band (8.4 GHz) and S-Band (2.3 GHz) commonly employed. More recent experiments also use Ka-Band (32 GHz). Ideally, two coherent frequencies (e.g., X- and S-Band) are used for the downlink, allowing for the separation of frequency disturbances proportional to the carrier frequency (classical Doppler effects) from plasma-induced effects (due to solar wind or ionospheric plasma).<\/p>\n\n\n\n<h4 class=\"wp-block-heading\">Measurement Geometries<\/h4>\n\n\n\n<p>The geometry of the measurement depends on the scientific goals. For <strong>gravity field measurements<\/strong> , the high-gain antenna of the spacecraft points towards Earth, enabling the observation of small changes in the spacecraft's trajectory caused by the gravitational attraction of a celestial body (planet, moon, comet, or asteroid) (see Fig. 1).<\/p>\n\n\n\n<p><strong>Investigations of the neutral atmosphere and ionosphere<\/strong> occur in a so-called Earth occultation geometry. During these experiments, the spacecraft disappears from view on Earth behind the planet under study, allowing radio signals to propagate through the ionosphere and atmosphere of the planet (see Fig. 2). The same occurs when the spacecraft re-emerges on the other side of the planet. This leads to diffraction of the carrier signal, resulting in a frequency shift visible at the ground station. Using geometric optics or other more complex methods, the diffraction of the signal can be calculated, providing information about the refractive index of the atmosphere or ionosphere as a function of altitude. In the neutral atmosphere, this information can be used to calculate density, temperature, and neutral particle density, while in the ionosphere, an electron density profile is obtained. Radio occultations provide highly resolved profiles (resolution of a few hundred meters).<\/p>\n\n\n\n<figure class=\"wp-block-image size-full\"><img loading=\"lazy\" decoding=\"async\" width=\"550\" height=\"561\" src=\"https:\/\/fip-koeln.de\/wp-content\/uploads\/2023\/11\/Erdokkultationen.png\" alt=\"\" class=\"wp-image-2097\" srcset=\"https:\/\/fip-koeln.de\/wp-content\/uploads\/2023\/11\/Erdokkultationen.png 550w, https:\/\/fip-koeln.de\/wp-content\/uploads\/2023\/11\/Erdokkultationen-294x300.png 294w, https:\/\/fip-koeln.de\/wp-content\/uploads\/2023\/11\/Erdokkultationen-12x12.png 12w\" sizes=\"auto, (max-width: 550px) 100vw, 550px\" \/><\/figure>\n\n\n\n<p><em>Figure 2: Measurement geometry in Earth occultations.<\/em><\/p>\n\n\n\n<p class=\"translation-block\"><strong>Bistatic radar<\/strong> measurements are used to determine surface properties. In this case, the high-gain antenna of the spacecraft points towards the surface of the planet. Signals are reflected and recorded on Earth using large ground stations (see Fig. 3). Under certain conditions, the dielectric properties of the surface can be determined.<\/p>\n\n\n\n<figure class=\"wp-block-image size-full\"><img loading=\"lazy\" decoding=\"async\" width=\"697\" height=\"448\" src=\"https:\/\/fip-koeln.de\/wp-content\/uploads\/2023\/11\/MessgeometriePlanet.png\" alt=\"\" class=\"wp-image-2096\" srcset=\"https:\/\/fip-koeln.de\/wp-content\/uploads\/2023\/11\/MessgeometriePlanet.png 697w, https:\/\/fip-koeln.de\/wp-content\/uploads\/2023\/11\/MessgeometriePlanet-300x193.png 300w, https:\/\/fip-koeln.de\/wp-content\/uploads\/2023\/11\/MessgeometriePlanet-18x12.png 18w\" sizes=\"auto, (max-width: 697px) 100vw, 697px\" \/><\/figure>\n\n\n\n<p><em>Figure 3: Measurement geometry for bistatic radar measurements. The high-gain antenna of the spacecraft is directed towards the surface, and signals reflected from the surface are recorded on Earth. This is done in two polarizations (right and left circularly polarized) and two frequencies (X- and S-band).&nbsp;<\/em><\/p>\n\n\n\n<p>Whenever the angle between the spacecraft, the Sun, and Earth is small, and the spacecraft is farther from Earth than the Sun, the radio beam from the spacecraft propagates through the solar wind (see Fig. 4). This can be used to perform <strong>measurements of the solar corona<\/strong> . Two coherent frequencies are needed to separate plasma-induced effects from other disturbances.<\/p>\n\n\n\n<figure class=\"wp-block-image size-full\"><img loading=\"lazy\" decoding=\"async\" width=\"470\" height=\"495\" src=\"https:\/\/fip-koeln.de\/wp-content\/uploads\/2023\/11\/Messgeometrie.png\" alt=\"\" class=\"wp-image-2095\" srcset=\"https:\/\/fip-koeln.de\/wp-content\/uploads\/2023\/11\/Messgeometrie.png 470w, https:\/\/fip-koeln.de\/wp-content\/uploads\/2023\/11\/Messgeometrie-285x300.png 285w, https:\/\/fip-koeln.de\/wp-content\/uploads\/2023\/11\/Messgeometrie-11x12.png 11w\" sizes=\"auto, (max-width: 470px) 100vw, 470px\" \/><\/figure>\n\n\n\n<p><em>Figure 4: Measurement geometry for solar corona measurements. In this case, the spacecraft is in superior solar conjunction. This refers to measurements with an angle between spacecraft, Earth, and the Sun of less than 10\u00b0.<\/em><\/p>\n\n\n\n<h4 class=\"wp-block-heading\">The Radio Link<\/h4>\n\n\n\n<p>For Radio Science experiments, a very stable radio signal is required. To generate the signal, a highly stable oscillator is necessary. If the spacecraft does not have such a stable oscillator, the stable signal is generated by a hydrogen maser in the ground station and sent via uplink to the spacecraft. There, the received signal is transformed into two coherent signals and instantly sent back to Earth. These measurements are referred to as '<strong>two-way experiments<\/strong>' (see Fig. 5). This method is used, for example, in the Mars Express mission. A two-way experiment is also employed for solar corona measurements and gravity field measurements.<\/p>\n\n\n\n<p>For occultation experiments and bistatic radar, a signal generated by the spacecraft itself is generally used. For this, the spacecraft must have an 'ultra-stable oscillator.' This allows for '<strong>Oneway experiment<\/strong>', a method used, for instance, in the Venus Express mission.<\/p>\n\n\n\n<h6 class=\"wp-block-heading\">Two-way radio link:<\/h6>\n\n\n\n<figure class=\"wp-block-image size-full\"><img loading=\"lazy\" decoding=\"async\" width=\"500\" height=\"164\" src=\"https:\/\/fip-koeln.de\/wp-content\/uploads\/2012\/11\/03.jpg\" alt=\"\" class=\"wp-image-52\" srcset=\"https:\/\/fip-koeln.de\/wp-content\/uploads\/2012\/11\/03.jpg 500w, https:\/\/fip-koeln.de\/wp-content\/uploads\/2012\/11\/03-300x98.jpg 300w, https:\/\/fip-koeln.de\/wp-content\/uploads\/2012\/11\/03-332x108.jpg 332w\" sizes=\"auto, (max-width: 500px) 100vw, 500px\" \/><\/figure>\n\n\n\n<h6 class=\"wp-block-heading\">One-way radio link:<\/h6>\n\n\n\n<figure class=\"wp-block-image size-full\"><img loading=\"lazy\" decoding=\"async\" width=\"500\" height=\"164\" src=\"https:\/\/fip-koeln.de\/wp-content\/uploads\/2012\/11\/04.jpg\" alt=\"\" class=\"wp-image-53\" srcset=\"https:\/\/fip-koeln.de\/wp-content\/uploads\/2012\/11\/04.jpg 500w, https:\/\/fip-koeln.de\/wp-content\/uploads\/2012\/11\/04-300x98.jpg 300w, https:\/\/fip-koeln.de\/wp-content\/uploads\/2012\/11\/04-332x108.jpg 332w\" sizes=\"auto, (max-width: 500px) 100vw, 500px\" \/><\/figure>\n\n\n\n<p><em>Figure 5: Different methods of the radio link.<\/em><\/p>","protected":false},"excerpt":{"rendered":"<p>Radio Science untersucht kleine \u00c4nderungen in Frequenz (Phase), Amplitude und Polarisation eines Radio-Tr\u00e4gersignals. Dieses wird (im Allgemeinen) von einer Raumsonde ausgesendet, breitet sich im interplanetaren Raum aus und wird schlie\u00dflich auf der Erde empfangen. Die \u00c4nderungen der Parameter des Radiosignals entstehen durch die relative Bewegung zwischen Raumsonde und Bodenstation (Dopplereffekt), aufgrund der Ausbreitung durch neutrale [&hellip;]<\/p>\n","protected":false},"author":1,"featured_media":0,"parent":2,"menu_order":0,"comment_status":"open","ping_status":"open","template":"","meta":{"_uag_custom_page_level_css":"","site-sidebar-layout":"default","site-content-layout":"","ast-site-content-layout":"default","site-content-style":"default","site-sidebar-style":"default","ast-global-header-display":"","ast-banner-title-visibility":"","ast-main-header-display":"","ast-hfb-above-header-display":"","ast-hfb-below-header-display":"","ast-hfb-mobile-header-display":"","site-post-title":"","ast-breadcrumbs-content":"","ast-featured-img":"","footer-sml-layout":"","ast-disable-related-posts":"","theme-transparent-header-meta":"","adv-header-id-meta":"","stick-header-meta":"","header-above-stick-meta":"","header-main-stick-meta":"","header-below-stick-meta":"","astra-migrate-meta-layouts":"","ast-page-background-enabled":"default","ast-page-background-meta":{"desktop":{"background-color":"var(--ast-global-color-4)","background-image":"","background-repeat":"repeat","background-position":"center center","background-size":"auto","background-attachment":"scroll","background-type":"","background-media":"","overlay-type":"","overlay-color":"","overlay-opacity":"","overlay-gradient":""},"tablet":{"background-color":"","background-image":"","background-repeat":"repeat","background-position":"center center","background-size":"auto","background-attachment":"scroll","background-type":"","background-media":"","overlay-type":"","overlay-color":"","overlay-opacity":"","overlay-gradient":""},"mobile":{"background-color":"","background-image":"","background-repeat":"repeat","background-position":"center center","background-size":"auto","background-attachment":"scroll","background-type":"","background-media":"","overlay-type":"","overlay-color":"","overlay-opacity":"","overlay-gradient":""}},"ast-content-background-meta":{"desktop":{"background-color":"var(--ast-global-color-5)","background-image":"","background-repeat":"repeat","background-position":"center center","background-size":"auto","background-attachment":"scroll","background-type":"","background-media":"","overlay-type":"","overlay-color":"","overlay-opacity":"","overlay-gradient":""},"tablet":{"background-color":"var(--ast-global-color-5)","background-image":"","background-repeat":"repeat","background-position":"center center","background-size":"auto","background-attachment":"scroll","background-type":"","background-media":"","overlay-type":"","overlay-color":"","overlay-opacity":"","overlay-gradient":""},"mobile":{"background-color":"var(--ast-global-color-5)","background-image":"","background-repeat":"repeat","background-position":"center center","background-size":"auto","background-attachment":"scroll","background-type":"","background-media":"","overlay-type":"","overlay-color":"","overlay-opacity":"","overlay-gradient":""}},"footnotes":""},"class_list":["post-49","page","type-page","status-publish","hentry"],"yoast_head":"<!-- This site is optimized with the Yoast SEO plugin v27.4 - https:\/\/yoast.com\/product\/yoast-seo-wordpress\/ -->\n<title>Was ist Radio Science? - Radio Science<\/title>\n<meta name=\"description\" content=\"Radio Science besch\u00e4ftigt sich mit kleinen \u00c4nderungen in der Frequenz eines Tr\u00e4gersignals einer Raumsonde, um daraus Eigenschaften abzuleiten.\" \/>\n<meta name=\"robots\" content=\"index, follow, max-snippet:-1, max-image-preview:large, max-video-preview:-1\" \/>\n<link rel=\"canonical\" href=\"https:\/\/fip-koeln.de\/en_us\/sample-page\/was-ist-radio-science\/\" \/>\n<meta property=\"og:locale\" content=\"en_US\" \/>\n<meta property=\"og:type\" content=\"article\" \/>\n<meta property=\"og:title\" content=\"Was ist Radio Science? - Radio Science\" \/>\n<meta property=\"og:description\" content=\"Radio Science besch\u00e4ftigt sich mit kleinen \u00c4nderungen in der Frequenz eines Tr\u00e4gersignals einer Raumsonde, um daraus Eigenschaften abzuleiten.\" \/>\n<meta property=\"og:url\" content=\"https:\/\/fip-koeln.de\/en_us\/sample-page\/was-ist-radio-science\/\" \/>\n<meta property=\"og:site_name\" content=\"Radio Science\" \/>\n<meta property=\"article:modified_time\" content=\"2023-11-14T11:04:10+00:00\" \/>\n<meta property=\"og:image\" content=\"https:\/\/fip-koeln.de\/wp-content\/uploads\/2023\/11\/Erdokkultationen.png\" \/>\n<meta name=\"twitter:card\" content=\"summary_large_image\" \/>\n<meta name=\"twitter:label1\" content=\"Est. reading time\" \/>\n\t<meta name=\"twitter:data1\" content=\"6 minutes\" \/>\n<script type=\"application\/ld+json\" class=\"yoast-schema-graph\">{\"@context\":\"https:\\\/\\\/schema.org\",\"@graph\":[{\"@type\":\"WebPage\",\"@id\":\"https:\\\/\\\/fip-koeln.de\\\/sample-page\\\/was-ist-radio-science\\\/\",\"url\":\"https:\\\/\\\/fip-koeln.de\\\/sample-page\\\/was-ist-radio-science\\\/\",\"name\":\"Was ist Radio Science? - Radio Science\",\"isPartOf\":{\"@id\":\"https:\\\/\\\/fip-koeln.de\\\/#website\"},\"primaryImageOfPage\":{\"@id\":\"https:\\\/\\\/fip-koeln.de\\\/sample-page\\\/was-ist-radio-science\\\/#primaryimage\"},\"image\":{\"@id\":\"https:\\\/\\\/fip-koeln.de\\\/sample-page\\\/was-ist-radio-science\\\/#primaryimage\"},\"thumbnailUrl\":\"https:\\\/\\\/fip-koeln.de\\\/wp-content\\\/uploads\\\/2023\\\/11\\\/Erdokkultationen.png\",\"datePublished\":\"2012-11-06T08:45:07+00:00\",\"dateModified\":\"2023-11-14T11:04:10+00:00\",\"description\":\"Radio Science besch\u00e4ftigt sich mit kleinen \u00c4nderungen in der Frequenz eines Tr\u00e4gersignals einer Raumsonde, um daraus Eigenschaften abzuleiten.\",\"breadcrumb\":{\"@id\":\"https:\\\/\\\/fip-koeln.de\\\/sample-page\\\/was-ist-radio-science\\\/#breadcrumb\"},\"inLanguage\":\"en-US\",\"potentialAction\":[{\"@type\":\"ReadAction\",\"target\":[\"https:\\\/\\\/fip-koeln.de\\\/sample-page\\\/was-ist-radio-science\\\/\"]}]},{\"@type\":\"ImageObject\",\"inLanguage\":\"en-US\",\"@id\":\"https:\\\/\\\/fip-koeln.de\\\/sample-page\\\/was-ist-radio-science\\\/#primaryimage\",\"url\":\"https:\\\/\\\/fip-koeln.de\\\/wp-content\\\/uploads\\\/2023\\\/11\\\/Erdokkultationen.png\",\"contentUrl\":\"https:\\\/\\\/fip-koeln.de\\\/wp-content\\\/uploads\\\/2023\\\/11\\\/Erdokkultationen.png\"},{\"@type\":\"BreadcrumbList\",\"@id\":\"https:\\\/\\\/fip-koeln.de\\\/sample-page\\\/was-ist-radio-science\\\/#breadcrumb\",\"itemListElement\":[{\"@type\":\"ListItem\",\"position\":1,\"name\":\"Startseite\",\"item\":\"https:\\\/\\\/fip-koeln.de\\\/\"},{\"@type\":\"ListItem\",\"position\":2,\"name\":\"Radio Science\",\"item\":\"https:\\\/\\\/fip-koeln.de\\\/sample-page\\\/\"},{\"@type\":\"ListItem\",\"position\":3,\"name\":\"Was ist Radio Science?\"}]},{\"@type\":\"WebSite\",\"@id\":\"https:\\\/\\\/fip-koeln.de\\\/#website\",\"url\":\"https:\\\/\\\/fip-koeln.de\\\/\",\"name\":\"Radio Science\",\"description\":\"\",\"publisher\":{\"@id\":\"https:\\\/\\\/fip-koeln.de\\\/#organization\"},\"potentialAction\":[{\"@type\":\"SearchAction\",\"target\":{\"@type\":\"EntryPoint\",\"urlTemplate\":\"https:\\\/\\\/fip-koeln.de\\\/?s={search_term_string}\"},\"query-input\":{\"@type\":\"PropertyValueSpecification\",\"valueRequired\":true,\"valueName\":\"search_term_string\"}}],\"inLanguage\":\"en-US\"},{\"@type\":\"Organization\",\"@id\":\"https:\\\/\\\/fip-koeln.de\\\/#organization\",\"name\":\"Rheinisches Institut f\u00fcr Umweltforschung Abteilung Planetenforschung\",\"url\":\"https:\\\/\\\/fip-koeln.de\\\/\",\"logo\":{\"@type\":\"ImageObject\",\"inLanguage\":\"en-US\",\"@id\":\"https:\\\/\\\/fip-koeln.de\\\/#\\\/schema\\\/logo\\\/image\\\/\",\"url\":\"https:\\\/\\\/fip-koeln.de\\\/wp-content\\\/uploads\\\/2023\\\/11\\\/favicon_radio-science.eu_.jpg\",\"contentUrl\":\"https:\\\/\\\/fip-koeln.de\\\/wp-content\\\/uploads\\\/2023\\\/11\\\/favicon_radio-science.eu_.jpg\",\"width\":400,\"height\":400,\"caption\":\"Rheinisches Institut f\u00fcr Umweltforschung Abteilung Planetenforschung\"},\"image\":{\"@id\":\"https:\\\/\\\/fip-koeln.de\\\/#\\\/schema\\\/logo\\\/image\\\/\"}}]}<\/script>\n<!-- \/ Yoast SEO plugin. -->","yoast_head_json":{"title":"Was ist Radio Science? - Radio Science","description":"Radio Science besch\u00e4ftigt sich mit kleinen \u00c4nderungen in der Frequenz eines Tr\u00e4gersignals einer Raumsonde, um daraus Eigenschaften abzuleiten.","robots":{"index":"index","follow":"follow","max-snippet":"max-snippet:-1","max-image-preview":"max-image-preview:large","max-video-preview":"max-video-preview:-1"},"canonical":"https:\/\/fip-koeln.de\/en_us\/sample-page\/was-ist-radio-science\/","og_locale":"en_US","og_type":"article","og_title":"Was ist Radio Science? - Radio Science","og_description":"Radio Science besch\u00e4ftigt sich mit kleinen \u00c4nderungen in der Frequenz eines Tr\u00e4gersignals einer Raumsonde, um daraus Eigenschaften abzuleiten.","og_url":"https:\/\/fip-koeln.de\/en_us\/sample-page\/was-ist-radio-science\/","og_site_name":"Radio Science","article_modified_time":"2023-11-14T11:04:10+00:00","og_image":[{"url":"https:\/\/fip-koeln.de\/wp-content\/uploads\/2023\/11\/Erdokkultationen.png","type":"","width":"","height":""}],"twitter_card":"summary_large_image","twitter_misc":{"Est. reading time":"6 minutes"},"schema":{"@context":"https:\/\/schema.org","@graph":[{"@type":"WebPage","@id":"https:\/\/fip-koeln.de\/sample-page\/was-ist-radio-science\/","url":"https:\/\/fip-koeln.de\/sample-page\/was-ist-radio-science\/","name":"Was ist Radio Science? - Radio Science","isPartOf":{"@id":"https:\/\/fip-koeln.de\/#website"},"primaryImageOfPage":{"@id":"https:\/\/fip-koeln.de\/sample-page\/was-ist-radio-science\/#primaryimage"},"image":{"@id":"https:\/\/fip-koeln.de\/sample-page\/was-ist-radio-science\/#primaryimage"},"thumbnailUrl":"https:\/\/fip-koeln.de\/wp-content\/uploads\/2023\/11\/Erdokkultationen.png","datePublished":"2012-11-06T08:45:07+00:00","dateModified":"2023-11-14T11:04:10+00:00","description":"Radio Science besch\u00e4ftigt sich mit kleinen \u00c4nderungen in der Frequenz eines Tr\u00e4gersignals einer Raumsonde, um daraus Eigenschaften abzuleiten.","breadcrumb":{"@id":"https:\/\/fip-koeln.de\/sample-page\/was-ist-radio-science\/#breadcrumb"},"inLanguage":"en-US","potentialAction":[{"@type":"ReadAction","target":["https:\/\/fip-koeln.de\/sample-page\/was-ist-radio-science\/"]}]},{"@type":"ImageObject","inLanguage":"en-US","@id":"https:\/\/fip-koeln.de\/sample-page\/was-ist-radio-science\/#primaryimage","url":"https:\/\/fip-koeln.de\/wp-content\/uploads\/2023\/11\/Erdokkultationen.png","contentUrl":"https:\/\/fip-koeln.de\/wp-content\/uploads\/2023\/11\/Erdokkultationen.png"},{"@type":"BreadcrumbList","@id":"https:\/\/fip-koeln.de\/sample-page\/was-ist-radio-science\/#breadcrumb","itemListElement":[{"@type":"ListItem","position":1,"name":"Startseite","item":"https:\/\/fip-koeln.de\/"},{"@type":"ListItem","position":2,"name":"Radio Science","item":"https:\/\/fip-koeln.de\/sample-page\/"},{"@type":"ListItem","position":3,"name":"Was ist Radio Science?"}]},{"@type":"WebSite","@id":"https:\/\/fip-koeln.de\/#website","url":"https:\/\/fip-koeln.de\/","name":"Radio Science","description":"","publisher":{"@id":"https:\/\/fip-koeln.de\/#organization"},"potentialAction":[{"@type":"SearchAction","target":{"@type":"EntryPoint","urlTemplate":"https:\/\/fip-koeln.de\/?s={search_term_string}"},"query-input":{"@type":"PropertyValueSpecification","valueRequired":true,"valueName":"search_term_string"}}],"inLanguage":"en-US"},{"@type":"Organization","@id":"https:\/\/fip-koeln.de\/#organization","name":"Rheinisches Institut f\u00fcr Umweltforschung Abteilung Planetenforschung","url":"https:\/\/fip-koeln.de\/","logo":{"@type":"ImageObject","inLanguage":"en-US","@id":"https:\/\/fip-koeln.de\/#\/schema\/logo\/image\/","url":"https:\/\/fip-koeln.de\/wp-content\/uploads\/2023\/11\/favicon_radio-science.eu_.jpg","contentUrl":"https:\/\/fip-koeln.de\/wp-content\/uploads\/2023\/11\/favicon_radio-science.eu_.jpg","width":400,"height":400,"caption":"Rheinisches Institut f\u00fcr Umweltforschung Abteilung Planetenforschung"},"image":{"@id":"https:\/\/fip-koeln.de\/#\/schema\/logo\/image\/"}}]}},"uagb_featured_image_src":{"full":false,"thumbnail":false,"medium":false,"medium_large":false,"large":false,"1536x1536":false,"2048x2048":false,"trp-custom-language-flag":false},"uagb_author_info":{"display_name":"Admin","author_link":"https:\/\/fip-koeln.de\/en_us\/author\/admin\/"},"uagb_comment_info":0,"uagb_excerpt":"Radio Science untersucht kleine \u00c4nderungen in Frequenz (Phase), Amplitude und Polarisation eines Radio-Tr\u00e4gersignals. Dieses wird (im Allgemeinen) von einer Raumsonde ausgesendet, breitet sich im interplanetaren Raum aus und wird schlie\u00dflich auf der Erde empfangen. Die \u00c4nderungen der Parameter des Radiosignals entstehen durch die relative Bewegung zwischen Raumsonde und Bodenstation (Dopplereffekt), aufgrund der Ausbreitung durch neutrale&hellip;","_links":{"self":[{"href":"https:\/\/fip-koeln.de\/en_us\/wp-json\/wp\/v2\/pages\/49","targetHints":{"allow":["GET"]}}],"collection":[{"href":"https:\/\/fip-koeln.de\/en_us\/wp-json\/wp\/v2\/pages"}],"about":[{"href":"https:\/\/fip-koeln.de\/en_us\/wp-json\/wp\/v2\/types\/page"}],"author":[{"embeddable":true,"href":"https:\/\/fip-koeln.de\/en_us\/wp-json\/wp\/v2\/users\/1"}],"replies":[{"embeddable":true,"href":"https:\/\/fip-koeln.de\/en_us\/wp-json\/wp\/v2\/comments?post=49"}],"version-history":[{"count":23,"href":"https:\/\/fip-koeln.de\/en_us\/wp-json\/wp\/v2\/pages\/49\/revisions"}],"predecessor-version":[{"id":2099,"href":"https:\/\/fip-koeln.de\/en_us\/wp-json\/wp\/v2\/pages\/49\/revisions\/2099"}],"up":[{"embeddable":true,"href":"https:\/\/fip-koeln.de\/en_us\/wp-json\/wp\/v2\/pages\/2"}],"wp:attachment":[{"href":"https:\/\/fip-koeln.de\/en_us\/wp-json\/wp\/v2\/media?parent=49"}],"curies":[{"name":"wp","href":"https:\/\/api.w.org\/{rel}","templated":true}]}}