{"id":530,"date":"2015-03-06T10:41:02","date_gmt":"2015-03-06T10:41:02","guid":{"rendered":"http:\/\/www.radio-science.eu\/?page_id=530"},"modified":"2023-11-10T10:16:38","modified_gmt":"2023-11-10T10:16:38","slug":"silvia","status":"publish","type":"page","link":"https:\/\/fip-koeln.de\/en_us\/team\/silvia\/","title":{"rendered":"Silvia"},"content":{"rendered":"<figure class=\"wp-block-image aligncenter size-medium is-resized\"><img loading=\"lazy\" decoding=\"async\" width=\"240\" height=\"300\" src=\"https:\/\/fip-koeln.de\/wp-content\/uploads\/2023\/11\/PlaceholderPerson-240x300.webp\" alt=\"Placeholder person\" class=\"wp-image-1837\" srcset=\"https:\/\/fip-koeln.de\/wp-content\/uploads\/2023\/11\/PlaceholderPerson-240x300.webp 240w, https:\/\/fip-koeln.de\/wp-content\/uploads\/2023\/11\/PlaceholderPerson-10x12.webp 10w, https:\/\/fip-koeln.de\/wp-content\/uploads\/2023\/11\/PlaceholderPerson-332x415.webp 332w, https:\/\/fip-koeln.de\/wp-content\/uploads\/2023\/11\/PlaceholderPerson.webp 400w\" sizes=\"auto, (max-width: 240px) 100vw, 240px\" \/><\/figure>\n\n\n\n<p class=\"has-text-align-center\">Silvia Tellmann<\/p>\n\n\n\n<p><span style=\"text-decoration: underline;\">Position<\/span>:<\/p>\n\n\n\n<ul class=\"wp-block-list\">\n<li>Alternate director of the department Planetary Science of the Rhenish Institute for Environmental Research (RIU-PF)<\/li>\n\n\n\n<li>Experiment Manager, Venus and Mars Atmosphere<\/li>\n<\/ul>\n\n\n\n<p>Tel.: +49 221 277 81 81-3<\/p>\n\n\n\n<p>Scientific projects:<\/p>\n\n\n\n<ul class=\"wp-block-list\">\n<li>Venus's atmosphere<\/li>\n\n\n\n<li>Mars's atmosphere<\/li>\n\n\n\n<li>Radio Science<\/li>\n<\/ul>\n\n\n\n<p><span style=\"text-decoration: underline;\"><\/span><\/p>\n\n\n\n<details class=\"wp-block-details is-layout-flow wp-block-details-is-layout-flow\"><summary>About me<\/summary>\nWissenschaftliche&nbsp;T\u00e4tigkeiten:\n<ul>\n \t<li>Since June 2007: Senior Research Scientist and Vice Director of the Department of Planetary Research at the Rheinisches Institut f\u00fcr Umweltforschung at the University of Cologne, Cologne, Germany<\/li>\n \t<li>2004 \u2013 2007: Wissenschaftliche Mitarbeiterin am Institut f\u00fcr Geophysik und Meteorologie der Universit\u00e4t zu K\u00f6ln im Rahmen des vom DLR\/BMFT gef\u00f6rderten Projektes ROSETTA Radio Science Investigations (RSI).<\/li>\n \t<li>2000 \u2013 2004: &nbsp;Wissenschaftliche Mitarbeiterin am Institut f\u00fcr Umweltphysik der Universit\u00e4t Bremen.<\/li>\n<\/ul>\nEducation:\n<ul>\n \t<li>2000: Diplomarbeit am Institut f\u00fcr Theoretische Festk\u00f6rperphysik II \u2013 Festk\u00f6rperphysik, Thema der Diplomarbeit: \u201eUntersuchung der kantennahen Feinstrukturen in Elektronenenergieverlustspektren im Rahmen der Dichtefunktionaltheorie unter Verwendung von ab-initio Pseudopotentialen\u201c<\/li>\n \t<li>2004: Promotion am Institut f\u00fcr Umweltphysik der Universit\u00e4t Bremen \u201eOzonvertikalverteilungen aus UV\/VIS-Nadirspektren des Satelliteninstrumentes GOME: Optimierung und Sensitivit\u00e4tsstudien\u201c<\/li>\n<\/ul>\nAusgew\u00e4hlte Ver\u00f6ffentlichungen:\n\n2013\n<ul>\n \t<li>Tellmann, S., M. P\u00e4tzold, B. H\u00e4usler, D.P. Hinson, and G.L. Tyler, &#8222;The structure of the Mars lower atmosphere from Mars Express Radio Science (MaRS) occultation experiments, J. Geophys. Res., 118, 306 &#8211; 320, 2013.<\/li>\n<\/ul>\n2012\n<ul>\n \t<li>Tellmann, S., B. H\u00e4usler, D.P. Hinson, G.L. Tyler, T.P. Andert, M.K.Bird, T. Imamura, M. P\u00e4tzold, and S. Remus, &#8222;Small-scale temperature fluctuations seen by the VeRa Radio Science experiment on Venus Express&#8220;, Icarus, 221, 471 &#8211; 480, 2012.<\/li>\n \t<li>Piccialli, A., S.Tellmann, D.V. Titov, S.S. Limaye, I.V. Khatuntsev, M. P\u00e4tzold, B. H\u00e4usler, &#8220; Dynamical Properties of the Venus mesosphere from the radio-occultation experiment VeRa onboard Venus Express&#8220;, Icarus, 217, 2, 669 &#8211; 681, 2012.<\/li>\n \t<li>Lee, Y.J., D.V. Titov, S. Tellmann, A. Piccialli, N. Ignatiev, M. P\u00e4tzold, B. H\u00e4usler, G. Piccioni, P. Drossart, &#8220; Vertical Structure of the Venus cloud top from the VeRa and VIRTIS observations onboard Venus Express&#8220;, Icarus, 217, 2, 599- 609, 2012.<\/li>\n \t<li>P\u00e4tzold, M., M. Hahn, S. Tellmann, B. H\u00e4usler, M.K. Bird, G.L. Tyler, S.W. Asmar and B.T. Tsurutani, &#8220; Coronal Density Structures and CMEs: Superior Solar Conjunctions of Mars Express, Venus Express and Rosetta 2004, 2006, and 2008&#8243;, Solar Phsics, 279, 1, 127 &#8211; 152, 2012.<\/li>\n<\/ul>\n2010\n<ul>\n \t<li>P\u00e4tzold, M., T.P. Andert, B. H\u00e4usler, S. Tellmann, J.D. Anderson, S.W. Asmar, J.-P. Barriot, and M.K. Bird, &#8220; Pre-Flyby estimates on the precision of the mass determination of Asteriod (21) Lutetia from Rosetta radio tracking&#8220;, Astron. Astrophys., 518, id.L156, 2010.<\/li>\n<\/ul>\n2009\n<ul>\n \t<li>Tellmann, S., M. P\u00e4tzold, B. H\u00e4usler, M.K. Bird and G.L. Tyler, \u201cStructure of the Venus Neutral Atmosphere as observed by the Radio Science Experiment VeRa on Venus Express, JGR Planets, 114, 2009.<\/li>\n<\/ul>\n2008\n<ul>\n \t<li>P\u00e4tzold M., S. Tellmann, B. H\u00e4usler, M.K. Bird, G.L. Tyler, A.A. Christou, and P. Withers, \u201cA Sporadic Layer in the Venus Lower Ionosphere of Meteoric Origin\u201d, Geophys. Res. Lett., 35, 2008.<\/li>\n \t<li>Hinson, D.P., M. P\u00e4tzold, R. J. Wilson, B. H\u00e4usler, S. Tellmann, G.L. Tyler, &#8220; Radio Occultation Measurements and MGCM Simulations of Kelvin Waves on Mars&#8220;, Icarus, 193, 125- 138, 2008.<\/li>\n \t<li>Hinson, D.P., M. P\u00e4tzold, S. Tellmann, B. H\u00e4usler, G.L. Tyler, &#8220; The depth of the convective boundary layer on Mars&#8220;, Icarus, 198, 1, 57 &#8211; 66, 2008.<\/li>\n<\/ul>\n2007\n<ul>\n \t<li>P\u00e4tzold, M., B. H\u00e4usler, M.K. Bird, S. Tellmann, R. Mattei, S.W. Asmar, V. Dehant, W. Eidel, T. Imamura, R.A. Simpson, G.L. Tyler, &#8220; The structure of Venus middle atmosphere and ionosphere&#8220;, Nature, 450, 657 &#8211; 660, 2007.<\/li>\n \t<li>H\u00e4usler, B., M. P\u00e4tzold, G.L. Tyler, J.-P. Barriot, M.K. Bird, V. Dehant, D. Hinson, R.A. Simpson, R.A. Treumann, W. Eidel, R. Mattei, P. Rosenblatt, S. Remus, J. Selle, S. Tellmann, &#8222;Venus atmospheric, ionospheric, surface and interplanetary radio-wave propagation studies with the VeRa radio-science Experiment, ESA SP, 1295, 2007.<\/li>\n<\/ul>\n2006\n<ul>\n \t<li>H\u00e4usler, B., M. P\u00e4tzold, G.L. Tyler, R.A. Simpson, M.K. Bird, V. Dehant, J.-P. Barriot, W. Eidel, R. Mattei, S. Remus, J. Selle, S. Tellmann, T. Imamura, &#8220; Radio science investigations by VeRa onboard the Venus Express spacecraft&#8220;, Plan. Space Sci., 54, 1315 &#8211; 1335, 2006.<\/li>\n<\/ul>\n2005\n<ul>\n \t<li>P\u00e4tzold M., S. Tellmann, B. H\u00e4usler, D.P. Hinson, R. Schaa and G.L. Tyler, \u201cA Sporadic Third Layer in the Ionosphere of Mars\u201d, Science, Volume 310, Issue 5749, pp. 837-839,2005.<\/li>\n<\/ul>\n<\/details>\n\n\n\n<details class=\"wp-block-details is-layout-flow wp-block-details-is-layout-flow\"><summary>About me<\/summary>\n<b>Education&nbsp;:\n<\/b>\n<ul>\n \t<li>December 2004: Ph.D. (Dr. rer. nat.) in Physics, 2004, Institute of Environmental Physics at the University of Bremen, Bremen, Germany, Thesis: \u201cOzonvertikalverteilungen aus UV\/VIS-Nadirspektren des Satelliteninstrumentes GOME: Optimierung und Sensitivit\u00e4tsstudien\u201c<\/li>\n \t<li>February 2000: Diploma in Physics, 2000, Institut f\u00fcr Theoretische Festk\u00f6rperphysik II, theoretical solid state physics, at University of M\u00fcnster, M\u00fcnster, Germany, Thesis: \u201cUntersuchung der kantennahen Feinstrukturen in Elektronenenergieverlustspektren im Rahmen der Dichtefunktionaltheorie unter Verwendung von ab-initio Pseudopotentialen\u201c<\/li>\n \t<li>October 1996 \u2013Study of Physics, Oct 1996 \u2013 Dec 2004, University of M\u00fcnster,<\/li>\n \t<li>December 2004: M\u00fcnster, Germany, and Universit\u00e4t Bremen, Bremen, Germany<\/li>\n<\/ul>\n<b>Positions:<\/b>\n<ul>\n \t<li>Since June 2007: Senior Research Scientist and Vice Director of the Department of Planetary Research at the Rheinisches Institut f\u00fcr Umweltforschung at the University of Cologne, Cologne, Germany<\/li>\n \t<li>October 2004 \u2013 Research Associate (Postdoc), Institute of Geophysics and<\/li>\n \t<li>May 2007: Meteorology, University of Cologne, Cologne, Germany<\/li>\n \t<li>March 2000 &#8211; Research Associate,&nbsp; Institut f\u00fcr Umweltforschung an der<\/li>\n \t<li>Jun 2004: Universit\u00e4t Bremen, Bremen, Germany<\/li>\n<\/ul>\nSelected Publications:\n\n2013\n<ul>\n \t<li>Tellmann, S., M. P\u00e4tzold, B. H\u00e4usler, D.P. Hinson, and G.L. Tyler, &#8222;The structure of the Mars lower atmosphere from Mars Express Radio Science (MaRS) occultation experiments, J. Geophys. Res., 118, 306 &#8211; 320, 2013.<\/li>\n<\/ul>\n2012\n<ul>\n \t<li>Tellmann, S., B. H\u00e4usler, D.P. Hinson, G.L. Tyler, T.P. Andert, M.K.Bird, T. Imamura, M. P\u00e4tzold, and S. Remus, &#8222;Small-scale temperature fluctuations seen by the VeRa Radio Science experiment on Venus Express&#8220;, Icarus, 221, 471 &#8211; 480, 2012.<\/li>\n \t<li>Piccialli, A., S.Tellmann, D.V. Titov, S.S. Limaye, I.V. Khatuntsev, M. P\u00e4tzold, B. H\u00e4usler, &#8220; Dynamical Properties of the Venus mesosphere from the radio-occultation experiment VeRa onboard Venus Express&#8220;, Icarus, 217, 2, 669 &#8211; 681, 2012.<\/li>\n \t<li>Lee, Y.J., D.V. Titov, S. Tellmann, A. Piccialli, N. Ignatiev, M. P\u00e4tzold, B. H\u00e4usler, G. Piccioni, P. Drossart, &#8220; Vertical Structure of the Venus cloud top from the VeRa and VIRTIS observations onboard Venus Express&#8220;, Icarus, 217, 2, 599- 609, 2012.<\/li>\n \t<li>P\u00e4tzold, M., M. Hahn, S. Tellmann, B. H\u00e4usler, M.K. Bird, G.L. Tyler, S.W. Asmar and B.T. Tsurutani, &#8220; Coronal Density Structures and CMEs: Superior Solar Conjunctions of Mars Express, Venus Express and Rosetta 2004, 2006, and 2008&#8243;, Solar Phsics, 279, 1, 127 &#8211; 152, 2012.<\/li>\n<\/ul>\n2010\n<ul>\n \t<li>P\u00e4tzold, M., T.P. Andert, B. H\u00e4usler, S. Tellmann, J.D. Anderson, S.W. Asmar, J.-P. Barriot, and M.K. Bird, &#8220; Pre-Flyby estimates on the precision of the mass determination of Asteriod (21) Lutetia from Rosetta radio tracking&#8220;, Astron. Astrophys., 518, id.L156, 2010.<\/li>\n<\/ul>\n2009\n<ul>\n \t<li>Tellmann, S., M. P\u00e4tzold, B. H\u00e4usler, M.K. Bird and G.L. Tyler, \u201cStructure of the Venus Neutral Atmosphere as observed by the Radio Science Experiment VeRa on Venus Express, JGR Planets, 114, 2009.<\/li>\n<\/ul>\n2008\n<ul>\n \t<li>P\u00e4tzold M., S. Tellmann, B. H\u00e4usler, M.K. Bird, G.L. Tyler, A.A. Christou, and P. Withers, \u201cA Sporadic Layer in the Venus Lower Ionosphere of Meteoric Origin\u201d, Geophys. Res. Lett., 35, 2008.<\/li>\n \t<li>Hinson, D.P., M. P\u00e4tzold, R. J. Wilson, B. H\u00e4usler, S. Tellmann, G.L. Tyler, &#8220; Radio Occultation Measurements and MGCM Simulations of Kelvin Waves on Mars&#8220;, Icarus, 193, 125- 138, 2008.<\/li>\n \t<li>Hinson, D.P., M. P\u00e4tzold, S. Tellmann, B. H\u00e4usler, G.L. Tyler, &#8220; The depth of the convective boundary layer on Mars&#8220;, Icarus, 198, 1, 57 &#8211; 66, 2008.<\/li>\n<\/ul>\n2007\n<ul>\n \t<li>P\u00e4tzold, M., B. H\u00e4usler, M.K. Bird, S. Tellmann, R. Mattei, S.W. Asmar, V. Dehant, W. Eidel, T. Imamura, R.A. Simpson, G.L. Tyler, &#8220; The structure of Venus middle atmosphere and ionosphere&#8220;, Nature, 450, 657 &#8211; 660, 2007.<\/li>\n \t<li>H\u00e4usler, B., M. P\u00e4tzold, G.L. Tyler, J.-P. Barriot, M.K. Bird, V. Dehant, D. Hinson, R.A. Simpson, R.A. Treumann, W. Eidel, R. Mattei, P. Rosenblatt, S. Remus, J. Selle, S. Tellmann, &#8222;Venus atmospheric, ionospheric, surface and interplanetary radio-wave propagation studies with the VeRa radio-science Experiment, ESA SP, 1295, 2007.<\/li>\n<\/ul>\n2006\n<ul>\n \t<li>H\u00e4usler, B., M. P\u00e4tzold, G.L. Tyler, R.A. Simpson, M.K. Bird, V. Dehant, J.-P. Barriot, W. Eidel, R. Mattei, S. Remus, J. Selle, S. Tellmann, T. Imamura, &#8220; Radio science investigations by VeRa onboard the Venus Express spacecraft&#8220;, Plan. Space Sci., 54, 1315 &#8211; 1335, 2006.<\/li>\n<\/ul>\n2005\n<ul>\n \t<li>P\u00e4tzold M., S. Tellmann, B. H\u00e4usler, D.P. Hinson, R. Schaa and G.L. Tyler, \u201cA Sporadic Third Layer in the Ionosphere of Mars\u201d, Science, Volume 310, Issue 5749, pp. 837-839,2005.<\/li>\n<\/ul>\n<\/details>","protected":false},"excerpt":{"rendered":"<p>Silvia Tellmann Position: Tel.: +49 221 277 81 81-3 Wissenschaftliche Projekte:<\/p>","protected":false},"author":1,"featured_media":0,"parent":15,"menu_order":0,"comment_status":"closed","ping_status":"closed","template":"","meta":{"_uag_custom_page_level_css":"","site-sidebar-layout":"default","site-content-layout":"","ast-site-content-layout":"default","site-content-style":"default","site-sidebar-style":"default","ast-global-header-display":"","ast-banner-title-visibility":"","ast-main-header-display":"","ast-hfb-above-header-display":"","ast-hfb-below-header-display":"","ast-hfb-mobile-header-display":"","site-post-title":"","ast-breadcrumbs-content":"","ast-featured-img":"","footer-sml-layout":"","ast-disable-related-posts":"","theme-transparent-header-meta":"","adv-header-id-meta":"","stick-header-meta":"","header-above-stick-meta":"","header-main-stick-meta":"","header-below-stick-meta":"","astra-migrate-meta-layouts":"default","ast-page-background-enabled":"default","ast-page-background-meta":{"desktop":{"background-color":"var(--ast-global-color-4)","background-image":"","background-repeat":"repeat","background-position":"center center","background-size":"auto","background-attachment":"scroll","background-type":"","background-media":"","overlay-type":"","overlay-color":"","overlay-opacity":"","overlay-gradient":""},"tablet":{"background-color":"","background-image":"","background-repeat":"repeat","background-position":"center center","background-size":"auto","background-attachment":"scroll","background-type":"","background-media":"","overlay-type":"","overlay-color":"","overlay-opacity":"","overlay-gradient":""},"mobile":{"background-color":"","background-image":"","background-repeat":"repeat","background-position":"center center","background-size":"auto","background-attachment":"scroll","background-type":"","background-media":"","overlay-type":"","overlay-color":"","overlay-opacity":"","overlay-gradient":""}},"ast-content-background-meta":{"desktop":{"background-color":"var(--ast-global-color-5)","background-image":"","background-repeat":"repeat","background-position":"center center","background-size":"auto","background-attachment":"scroll","background-type":"","background-media":"","overlay-type":"","overlay-color":"","overlay-opacity":"","overlay-gradient":""},"tablet":{"background-color":"var(--ast-global-color-5)","background-image":"","background-repeat":"repeat","background-position":"center center","background-size":"auto","background-attachment":"scroll","background-type":"","background-media":"","overlay-type":"","overlay-color":"","overlay-opacity":"","overlay-gradient":""},"mobile":{"background-color":"var(--ast-global-color-5)","background-image":"","background-repeat":"repeat","background-position":"center center","background-size":"auto","background-attachment":"scroll","background-type":"","background-media":"","overlay-type":"","overlay-color":"","overlay-opacity":"","overlay-gradient":""}},"footnotes":""},"class_list":["post-530","page","type-page","status-publish","hentry"],"yoast_head":"<!-- This site is optimized with the Yoast SEO plugin v27.4 - https:\/\/yoast.com\/product\/yoast-seo-wordpress\/ -->\n<title>Silvia - Radio Science<\/title>\n<meta name=\"robots\" content=\"index, follow, max-snippet:-1, max-image-preview:large, max-video-preview:-1\" \/>\n<link rel=\"canonical\" href=\"https:\/\/fip-koeln.de\/en_us\/team\/silvia\/\" \/>\n<meta property=\"og:locale\" content=\"en_US\" \/>\n<meta property=\"og:type\" content=\"article\" \/>\n<meta property=\"og:title\" content=\"Silvia - Radio Science\" \/>\n<meta property=\"og:description\" content=\"Silvia Tellmann Position: Tel.: +49 221 277 81 81-3 Wissenschaftliche Projekte:\" \/>\n<meta property=\"og:url\" content=\"https:\/\/fip-koeln.de\/en_us\/team\/silvia\/\" \/>\n<meta property=\"og:site_name\" content=\"Radio Science\" \/>\n<meta property=\"article:modified_time\" content=\"2023-11-10T10:16:38+00:00\" \/>\n<meta property=\"og:image\" content=\"https:\/\/fip-koeln.de\/wp-content\/uploads\/2023\/11\/PlaceholderPerson-240x300.webp\" \/>\n<meta name=\"twitter:card\" content=\"summary_large_image\" \/>\n<meta name=\"twitter:label1\" content=\"Est. reading time\" \/>\n\t<meta name=\"twitter:data1\" content=\"8 minutes\" \/>\n<script type=\"application\/ld+json\" class=\"yoast-schema-graph\">{\"@context\":\"https:\\\/\\\/schema.org\",\"@graph\":[{\"@type\":\"WebPage\",\"@id\":\"https:\\\/\\\/fip-koeln.de\\\/team\\\/silvia\\\/\",\"url\":\"https:\\\/\\\/fip-koeln.de\\\/team\\\/silvia\\\/\",\"name\":\"Silvia - Radio Science\",\"isPartOf\":{\"@id\":\"https:\\\/\\\/fip-koeln.de\\\/#website\"},\"primaryImageOfPage\":{\"@id\":\"https:\\\/\\\/fip-koeln.de\\\/team\\\/silvia\\\/#primaryimage\"},\"image\":{\"@id\":\"https:\\\/\\\/fip-koeln.de\\\/team\\\/silvia\\\/#primaryimage\"},\"thumbnailUrl\":\"https:\\\/\\\/fip-koeln.de\\\/wp-content\\\/uploads\\\/2023\\\/11\\\/PlaceholderPerson-240x300.webp\",\"datePublished\":\"2015-03-06T10:41:02+00:00\",\"dateModified\":\"2023-11-10T10:16:38+00:00\",\"breadcrumb\":{\"@id\":\"https:\\\/\\\/fip-koeln.de\\\/team\\\/silvia\\\/#breadcrumb\"},\"inLanguage\":\"en-US\",\"potentialAction\":[{\"@type\":\"ReadAction\",\"target\":[\"https:\\\/\\\/fip-koeln.de\\\/team\\\/silvia\\\/\"]}]},{\"@type\":\"ImageObject\",\"inLanguage\":\"en-US\",\"@id\":\"https:\\\/\\\/fip-koeln.de\\\/team\\\/silvia\\\/#primaryimage\",\"url\":\"https:\\\/\\\/fip-koeln.de\\\/wp-content\\\/uploads\\\/2023\\\/11\\\/PlaceholderPerson-240x300.webp\",\"contentUrl\":\"https:\\\/\\\/fip-koeln.de\\\/wp-content\\\/uploads\\\/2023\\\/11\\\/PlaceholderPerson-240x300.webp\"},{\"@type\":\"BreadcrumbList\",\"@id\":\"https:\\\/\\\/fip-koeln.de\\\/team\\\/silvia\\\/#breadcrumb\",\"itemListElement\":[{\"@type\":\"ListItem\",\"position\":1,\"name\":\"Startseite\",\"item\":\"https:\\\/\\\/fip-koeln.de\\\/\"},{\"@type\":\"ListItem\",\"position\":2,\"name\":\"Team\",\"item\":\"https:\\\/\\\/fip-koeln.de\\\/team\\\/\"},{\"@type\":\"ListItem\",\"position\":3,\"name\":\"Silvia\"}]},{\"@type\":\"WebSite\",\"@id\":\"https:\\\/\\\/fip-koeln.de\\\/#website\",\"url\":\"https:\\\/\\\/fip-koeln.de\\\/\",\"name\":\"Radio Science\",\"description\":\"\",\"publisher\":{\"@id\":\"https:\\\/\\\/fip-koeln.de\\\/#organization\"},\"potentialAction\":[{\"@type\":\"SearchAction\",\"target\":{\"@type\":\"EntryPoint\",\"urlTemplate\":\"https:\\\/\\\/fip-koeln.de\\\/?s={search_term_string}\"},\"query-input\":{\"@type\":\"PropertyValueSpecification\",\"valueRequired\":true,\"valueName\":\"search_term_string\"}}],\"inLanguage\":\"en-US\"},{\"@type\":\"Organization\",\"@id\":\"https:\\\/\\\/fip-koeln.de\\\/#organization\",\"name\":\"Rheinisches Institut f\u00fcr Umweltforschung Abteilung Planetenforschung\",\"url\":\"https:\\\/\\\/fip-koeln.de\\\/\",\"logo\":{\"@type\":\"ImageObject\",\"inLanguage\":\"en-US\",\"@id\":\"https:\\\/\\\/fip-koeln.de\\\/#\\\/schema\\\/logo\\\/image\\\/\",\"url\":\"https:\\\/\\\/fip-koeln.de\\\/wp-content\\\/uploads\\\/2023\\\/11\\\/favicon_radio-science.eu_.jpg\",\"contentUrl\":\"https:\\\/\\\/fip-koeln.de\\\/wp-content\\\/uploads\\\/2023\\\/11\\\/favicon_radio-science.eu_.jpg\",\"width\":400,\"height\":400,\"caption\":\"Rheinisches Institut f\u00fcr Umweltforschung Abteilung Planetenforschung\"},\"image\":{\"@id\":\"https:\\\/\\\/fip-koeln.de\\\/#\\\/schema\\\/logo\\\/image\\\/\"}}]}<\/script>\n<!-- \/ Yoast SEO plugin. -->","yoast_head_json":{"title":"Silvia - Radio Science","robots":{"index":"index","follow":"follow","max-snippet":"max-snippet:-1","max-image-preview":"max-image-preview:large","max-video-preview":"max-video-preview:-1"},"canonical":"https:\/\/fip-koeln.de\/en_us\/team\/silvia\/","og_locale":"en_US","og_type":"article","og_title":"Silvia - Radio Science","og_description":"Silvia Tellmann Position: Tel.: +49 221 277 81 81-3 Wissenschaftliche Projekte:","og_url":"https:\/\/fip-koeln.de\/en_us\/team\/silvia\/","og_site_name":"Radio Science","article_modified_time":"2023-11-10T10:16:38+00:00","og_image":[{"url":"https:\/\/fip-koeln.de\/wp-content\/uploads\/2023\/11\/PlaceholderPerson-240x300.webp","type":"","width":"","height":""}],"twitter_card":"summary_large_image","twitter_misc":{"Est. reading time":"8 minutes"},"schema":{"@context":"https:\/\/schema.org","@graph":[{"@type":"WebPage","@id":"https:\/\/fip-koeln.de\/team\/silvia\/","url":"https:\/\/fip-koeln.de\/team\/silvia\/","name":"Silvia - Radio Science","isPartOf":{"@id":"https:\/\/fip-koeln.de\/#website"},"primaryImageOfPage":{"@id":"https:\/\/fip-koeln.de\/team\/silvia\/#primaryimage"},"image":{"@id":"https:\/\/fip-koeln.de\/team\/silvia\/#primaryimage"},"thumbnailUrl":"https:\/\/fip-koeln.de\/wp-content\/uploads\/2023\/11\/PlaceholderPerson-240x300.webp","datePublished":"2015-03-06T10:41:02+00:00","dateModified":"2023-11-10T10:16:38+00:00","breadcrumb":{"@id":"https:\/\/fip-koeln.de\/team\/silvia\/#breadcrumb"},"inLanguage":"en-US","potentialAction":[{"@type":"ReadAction","target":["https:\/\/fip-koeln.de\/team\/silvia\/"]}]},{"@type":"ImageObject","inLanguage":"en-US","@id":"https:\/\/fip-koeln.de\/team\/silvia\/#primaryimage","url":"https:\/\/fip-koeln.de\/wp-content\/uploads\/2023\/11\/PlaceholderPerson-240x300.webp","contentUrl":"https:\/\/fip-koeln.de\/wp-content\/uploads\/2023\/11\/PlaceholderPerson-240x300.webp"},{"@type":"BreadcrumbList","@id":"https:\/\/fip-koeln.de\/team\/silvia\/#breadcrumb","itemListElement":[{"@type":"ListItem","position":1,"name":"Startseite","item":"https:\/\/fip-koeln.de\/"},{"@type":"ListItem","position":2,"name":"Team","item":"https:\/\/fip-koeln.de\/team\/"},{"@type":"ListItem","position":3,"name":"Silvia"}]},{"@type":"WebSite","@id":"https:\/\/fip-koeln.de\/#website","url":"https:\/\/fip-koeln.de\/","name":"Radio Science","description":"","publisher":{"@id":"https:\/\/fip-koeln.de\/#organization"},"potentialAction":[{"@type":"SearchAction","target":{"@type":"EntryPoint","urlTemplate":"https:\/\/fip-koeln.de\/?s={search_term_string}"},"query-input":{"@type":"PropertyValueSpecification","valueRequired":true,"valueName":"search_term_string"}}],"inLanguage":"en-US"},{"@type":"Organization","@id":"https:\/\/fip-koeln.de\/#organization","name":"Rheinisches Institut f\u00fcr Umweltforschung Abteilung Planetenforschung","url":"https:\/\/fip-koeln.de\/","logo":{"@type":"ImageObject","inLanguage":"en-US","@id":"https:\/\/fip-koeln.de\/#\/schema\/logo\/image\/","url":"https:\/\/fip-koeln.de\/wp-content\/uploads\/2023\/11\/favicon_radio-science.eu_.jpg","contentUrl":"https:\/\/fip-koeln.de\/wp-content\/uploads\/2023\/11\/favicon_radio-science.eu_.jpg","width":400,"height":400,"caption":"Rheinisches Institut f\u00fcr Umweltforschung Abteilung Planetenforschung"},"image":{"@id":"https:\/\/fip-koeln.de\/#\/schema\/logo\/image\/"}}]}},"uagb_featured_image_src":{"full":false,"thumbnail":false,"medium":false,"medium_large":false,"large":false,"1536x1536":false,"2048x2048":false,"trp-custom-language-flag":false},"uagb_author_info":{"display_name":"Admin","author_link":"https:\/\/fip-koeln.de\/en_us\/author\/admin\/"},"uagb_comment_info":0,"uagb_excerpt":"Silvia Tellmann Position: Tel.: +49 221 277 81 81-3 Wissenschaftliche Projekte:","_links":{"self":[{"href":"https:\/\/fip-koeln.de\/en_us\/wp-json\/wp\/v2\/pages\/530","targetHints":{"allow":["GET"]}}],"collection":[{"href":"https:\/\/fip-koeln.de\/en_us\/wp-json\/wp\/v2\/pages"}],"about":[{"href":"https:\/\/fip-koeln.de\/en_us\/wp-json\/wp\/v2\/types\/page"}],"author":[{"embeddable":true,"href":"https:\/\/fip-koeln.de\/en_us\/wp-json\/wp\/v2\/users\/1"}],"replies":[{"embeddable":true,"href":"https:\/\/fip-koeln.de\/en_us\/wp-json\/wp\/v2\/comments?post=530"}],"version-history":[{"count":16,"href":"https:\/\/fip-koeln.de\/en_us\/wp-json\/wp\/v2\/pages\/530\/revisions"}],"predecessor-version":[{"id":1976,"href":"https:\/\/fip-koeln.de\/en_us\/wp-json\/wp\/v2\/pages\/530\/revisions\/1976"}],"up":[{"embeddable":true,"href":"https:\/\/fip-koeln.de\/en_us\/wp-json\/wp\/v2\/pages\/15"}],"wp:attachment":[{"href":"https:\/\/fip-koeln.de\/en_us\/wp-json\/wp\/v2\/media?parent=530"}],"curies":[{"name":"wp","href":"https:\/\/api.w.org\/{rel}","templated":true}]}}