{"id":546,"date":"2015-03-06T10:46:13","date_gmt":"2015-03-06T10:46:13","guid":{"rendered":"http:\/\/www.radio-science.eu\/?page_id=546"},"modified":"2023-11-10T10:30:41","modified_gmt":"2023-11-10T10:30:41","slug":"kerstin","status":"publish","type":"page","link":"https:\/\/fip-koeln.de\/en_us\/team\/kerstin\/","title":{"rendered":"Kerstin"},"content":{"rendered":"<figure class=\"wp-block-image aligncenter size-medium is-resized\"><img loading=\"lazy\" decoding=\"async\" width=\"240\" height=\"300\" src=\"https:\/\/fip-koeln.de\/wp-content\/uploads\/2023\/11\/PlaceholderPerson-240x300.webp\" alt=\"Placeholder person\" class=\"wp-image-1837\" srcset=\"https:\/\/fip-koeln.de\/wp-content\/uploads\/2023\/11\/PlaceholderPerson-240x300.webp 240w, https:\/\/fip-koeln.de\/wp-content\/uploads\/2023\/11\/PlaceholderPerson-10x12.webp 10w, https:\/\/fip-koeln.de\/wp-content\/uploads\/2023\/11\/PlaceholderPerson-332x415.webp 332w, https:\/\/fip-koeln.de\/wp-content\/uploads\/2023\/11\/PlaceholderPerson.webp 400w\" sizes=\"auto, (max-width: 240px) 100vw, 240px\" \/><\/figure>\n\n\n\n<p class=\"has-text-align-center\">Dr. Kerstin Peter<\/p>\n\n\n\n<p><span style=\"text-decoration: underline;\">Position<\/span>: Senior Scientist at the<br>Rhenish Institute for Environmental Research, Department for Planetary Science<br>Tel.:+49 221 277 81 81-2<span style=\"text-decoration: underline;\"><\/span><\/p>\n\n\n\n<details class=\"wp-block-details is-layout-flow wp-block-details-is-layout-flow\"><summary>About me<\/summary>\n<b><b>Education<\/b>:<\/b>\n<ul>\n \t<li>Diploma thesis, Geophysics, University of Cologne, 2008\n<i>Observations of the ionosphere and ionopause structures of Mars as observed by the radio science<i> <\/i>experiment MaRS on Mars Express<\/i><b>\n<\/b><\/li>\n<\/ul>\n<b>Experience:<\/b>\n<ul>\n \t<li>04.2006 \u2013 01.2008: Student Assistant Rhenish Institute of Environmental Research, University of Cologne<\/li>\n \t<li>02.2008 \u2013 ongoing: Research Assistant Rhenish Institute of Environmental Research, University of Cologne<\/li>\n \t<li>2009 \u2013 ongoing: Collaboration with Gregorio Molina Cuberos and Olivier Witasse on the topic\nof meteor layers in the ionosphere of Mars<b>\n<\/b><\/li>\n<\/ul>\n<b><span style=\"text-decoration: underline;\">Publications<\/span>:<\/b>\n<ol>\n \t<li>The dayside ionospheres of Mars and Venus: Comparing a one-dimensional photochemical model with MaRS (Mars Express) and VeRa (Venus Express) observations\nKerstin Peter, Martin P\u00e4tzold, Gregorio Molina-Cuberos, Olivier Witasse, F. Gonz\u00e1lez-Galindo, Paul Withers, Michael K. Bird, Bernd H\u00e4usler, David P. Hinson, Silvia Tellmann, G. Leonard Tyler\nIcarus 2014, Volume 233, Pages 66-82<\/li>\n<\/ol>\n<\/details>\n\n\n\n<p><span style=\"text-decoration: underline;\"><\/span><\/p>","protected":false},"excerpt":{"rendered":"<p>Dr. Kerstin Peter Position: Wissenschaftliche Mitarbeiterin amRheinischen Institut f\u00fcr Umweltforschung, Abteilung PlanetenforschungTel.:+49 221 277 81 81-2<\/p>","protected":false},"author":1,"featured_media":0,"parent":15,"menu_order":0,"comment_status":"closed","ping_status":"closed","template":"","meta":{"_uag_custom_page_level_css":"","site-sidebar-layout":"default","site-content-layout":"","ast-site-content-layout":"default","site-content-style":"default","site-sidebar-style":"default","ast-global-header-display":"","ast-banner-title-visibility":"","ast-main-header-display":"","ast-hfb-above-header-display":"","ast-hfb-below-header-display":"","ast-hfb-mobile-header-display":"","site-post-title":"","ast-breadcrumbs-content":"","ast-featured-img":"","footer-sml-layout":"","ast-disable-related-posts":"","theme-transparent-header-meta":"","adv-header-id-meta":"","stick-header-meta":"","header-above-stick-meta":"","header-main-stick-meta":"","header-below-stick-meta":"","astra-migrate-meta-layouts":"default","ast-page-background-enabled":"default","ast-page-background-meta":{"desktop":{"background-color":"var(--ast-global-color-4)","background-image":"","background-repeat":"repeat","background-position":"center center","background-size":"auto","background-attachment":"scroll","background-type":"","background-media":"","overlay-type":"","overlay-color":"","overlay-opacity":"","overlay-gradient":""},"tablet":{"background-color":"","background-image":"","background-repeat":"repeat","background-position":"center center","background-size":"auto","background-attachment":"scroll","background-type":"","background-media":"","overlay-type":"","overlay-color":"","overlay-opacity":"","overlay-gradient":""},"mobile":{"background-color":"","background-image":"","background-repeat":"repeat","background-position":"center center","background-size":"auto","background-attachment":"scroll","background-type":"","background-media":"","overlay-type":"","overlay-color":"","overlay-opacity":"","overlay-gradient":""}},"ast-content-background-meta":{"desktop":{"background-color":"var(--ast-global-color-5)","background-image":"","background-repeat":"repeat","background-position":"center center","background-size":"auto","background-attachment":"scroll","background-type":"","background-media":"","overlay-type":"","overlay-color":"","overlay-opacity":"","overlay-gradient":""},"tablet":{"background-color":"var(--ast-global-color-5)","background-image":"","background-repeat":"repeat","background-position":"center center","background-size":"auto","background-attachment":"scroll","background-type":"","background-media":"","overlay-type":"","overlay-color":"","overlay-opacity":"","overlay-gradient":""},"mobile":{"background-color":"var(--ast-global-color-5)","background-image":"","background-repeat":"repeat","background-position":"center center","background-size":"auto","background-attachment":"scroll","background-type":"","background-media":"","overlay-type":"","overlay-color":"","overlay-opacity":"","overlay-gradient":""}},"footnotes":""},"class_list":["post-546","page","type-page","status-publish","hentry"],"yoast_head":"<!-- This site is optimized with the Yoast SEO plugin v27.4 - https:\/\/yoast.com\/product\/yoast-seo-wordpress\/ -->\n<title>Kerstin - Radio Science<\/title>\n<meta name=\"robots\" content=\"index, follow, max-snippet:-1, max-image-preview:large, max-video-preview:-1\" \/>\n<link rel=\"canonical\" href=\"https:\/\/fip-koeln.de\/en_us\/team\/kerstin\/\" \/>\n<meta property=\"og:locale\" content=\"en_US\" \/>\n<meta property=\"og:type\" content=\"article\" \/>\n<meta property=\"og:title\" content=\"Kerstin - Radio Science\" \/>\n<meta property=\"og:description\" content=\"Dr. Kerstin Peter Position: Wissenschaftliche Mitarbeiterin amRheinischen Institut f\u00fcr Umweltforschung, Abteilung PlanetenforschungTel.:+49 221 277 81 81-2\" \/>\n<meta property=\"og:url\" content=\"https:\/\/fip-koeln.de\/en_us\/team\/kerstin\/\" \/>\n<meta property=\"og:site_name\" content=\"Radio Science\" \/>\n<meta property=\"article:modified_time\" content=\"2023-11-10T10:30:41+00:00\" \/>\n<meta property=\"og:image\" content=\"https:\/\/fip-koeln.de\/wp-content\/uploads\/2023\/11\/PlaceholderPerson-240x300.webp\" \/>\n<meta name=\"twitter:card\" content=\"summary_large_image\" \/>\n<meta name=\"twitter:label1\" content=\"Est. reading time\" \/>\n\t<meta name=\"twitter:data1\" content=\"2 minutes\" \/>\n<script type=\"application\/ld+json\" class=\"yoast-schema-graph\">{\"@context\":\"https:\\\/\\\/schema.org\",\"@graph\":[{\"@type\":\"WebPage\",\"@id\":\"https:\\\/\\\/fip-koeln.de\\\/team\\\/kerstin\\\/\",\"url\":\"https:\\\/\\\/fip-koeln.de\\\/team\\\/kerstin\\\/\",\"name\":\"Kerstin - Radio Science\",\"isPartOf\":{\"@id\":\"https:\\\/\\\/fip-koeln.de\\\/#website\"},\"primaryImageOfPage\":{\"@id\":\"https:\\\/\\\/fip-koeln.de\\\/team\\\/kerstin\\\/#primaryimage\"},\"image\":{\"@id\":\"https:\\\/\\\/fip-koeln.de\\\/team\\\/kerstin\\\/#primaryimage\"},\"thumbnailUrl\":\"https:\\\/\\\/fip-koeln.de\\\/wp-content\\\/uploads\\\/2023\\\/11\\\/PlaceholderPerson-240x300.webp\",\"datePublished\":\"2015-03-06T10:46:13+00:00\",\"dateModified\":\"2023-11-10T10:30:41+00:00\",\"breadcrumb\":{\"@id\":\"https:\\\/\\\/fip-koeln.de\\\/team\\\/kerstin\\\/#breadcrumb\"},\"inLanguage\":\"en-US\",\"potentialAction\":[{\"@type\":\"ReadAction\",\"target\":[\"https:\\\/\\\/fip-koeln.de\\\/team\\\/kerstin\\\/\"]}]},{\"@type\":\"ImageObject\",\"inLanguage\":\"en-US\",\"@id\":\"https:\\\/\\\/fip-koeln.de\\\/team\\\/kerstin\\\/#primaryimage\",\"url\":\"https:\\\/\\\/fip-koeln.de\\\/wp-content\\\/uploads\\\/2023\\\/11\\\/PlaceholderPerson-240x300.webp\",\"contentUrl\":\"https:\\\/\\\/fip-koeln.de\\\/wp-content\\\/uploads\\\/2023\\\/11\\\/PlaceholderPerson-240x300.webp\"},{\"@type\":\"BreadcrumbList\",\"@id\":\"https:\\\/\\\/fip-koeln.de\\\/team\\\/kerstin\\\/#breadcrumb\",\"itemListElement\":[{\"@type\":\"ListItem\",\"position\":1,\"name\":\"Startseite\",\"item\":\"https:\\\/\\\/fip-koeln.de\\\/\"},{\"@type\":\"ListItem\",\"position\":2,\"name\":\"Team\",\"item\":\"https:\\\/\\\/fip-koeln.de\\\/team\\\/\"},{\"@type\":\"ListItem\",\"position\":3,\"name\":\"Kerstin\"}]},{\"@type\":\"WebSite\",\"@id\":\"https:\\\/\\\/fip-koeln.de\\\/#website\",\"url\":\"https:\\\/\\\/fip-koeln.de\\\/\",\"name\":\"Radio Science\",\"description\":\"\",\"publisher\":{\"@id\":\"https:\\\/\\\/fip-koeln.de\\\/#organization\"},\"potentialAction\":[{\"@type\":\"SearchAction\",\"target\":{\"@type\":\"EntryPoint\",\"urlTemplate\":\"https:\\\/\\\/fip-koeln.de\\\/?s={search_term_string}\"},\"query-input\":{\"@type\":\"PropertyValueSpecification\",\"valueRequired\":true,\"valueName\":\"search_term_string\"}}],\"inLanguage\":\"en-US\"},{\"@type\":\"Organization\",\"@id\":\"https:\\\/\\\/fip-koeln.de\\\/#organization\",\"name\":\"Rheinisches Institut f\u00fcr Umweltforschung Abteilung Planetenforschung\",\"url\":\"https:\\\/\\\/fip-koeln.de\\\/\",\"logo\":{\"@type\":\"ImageObject\",\"inLanguage\":\"en-US\",\"@id\":\"https:\\\/\\\/fip-koeln.de\\\/#\\\/schema\\\/logo\\\/image\\\/\",\"url\":\"https:\\\/\\\/fip-koeln.de\\\/wp-content\\\/uploads\\\/2023\\\/11\\\/favicon_radio-science.eu_.jpg\",\"contentUrl\":\"https:\\\/\\\/fip-koeln.de\\\/wp-content\\\/uploads\\\/2023\\\/11\\\/favicon_radio-science.eu_.jpg\",\"width\":400,\"height\":400,\"caption\":\"Rheinisches Institut f\u00fcr Umweltforschung Abteilung Planetenforschung\"},\"image\":{\"@id\":\"https:\\\/\\\/fip-koeln.de\\\/#\\\/schema\\\/logo\\\/image\\\/\"}}]}<\/script>\n<!-- \/ Yoast SEO plugin. -->","yoast_head_json":{"title":"Kerstin - Radio Science","robots":{"index":"index","follow":"follow","max-snippet":"max-snippet:-1","max-image-preview":"max-image-preview:large","max-video-preview":"max-video-preview:-1"},"canonical":"https:\/\/fip-koeln.de\/en_us\/team\/kerstin\/","og_locale":"en_US","og_type":"article","og_title":"Kerstin - Radio Science","og_description":"Dr. Kerstin Peter Position: Wissenschaftliche Mitarbeiterin amRheinischen Institut f\u00fcr Umweltforschung, Abteilung PlanetenforschungTel.:+49 221 277 81 81-2","og_url":"https:\/\/fip-koeln.de\/en_us\/team\/kerstin\/","og_site_name":"Radio Science","article_modified_time":"2023-11-10T10:30:41+00:00","og_image":[{"url":"https:\/\/fip-koeln.de\/wp-content\/uploads\/2023\/11\/PlaceholderPerson-240x300.webp","type":"","width":"","height":""}],"twitter_card":"summary_large_image","twitter_misc":{"Est. reading time":"2 minutes"},"schema":{"@context":"https:\/\/schema.org","@graph":[{"@type":"WebPage","@id":"https:\/\/fip-koeln.de\/team\/kerstin\/","url":"https:\/\/fip-koeln.de\/team\/kerstin\/","name":"Kerstin - Radio Science","isPartOf":{"@id":"https:\/\/fip-koeln.de\/#website"},"primaryImageOfPage":{"@id":"https:\/\/fip-koeln.de\/team\/kerstin\/#primaryimage"},"image":{"@id":"https:\/\/fip-koeln.de\/team\/kerstin\/#primaryimage"},"thumbnailUrl":"https:\/\/fip-koeln.de\/wp-content\/uploads\/2023\/11\/PlaceholderPerson-240x300.webp","datePublished":"2015-03-06T10:46:13+00:00","dateModified":"2023-11-10T10:30:41+00:00","breadcrumb":{"@id":"https:\/\/fip-koeln.de\/team\/kerstin\/#breadcrumb"},"inLanguage":"en-US","potentialAction":[{"@type":"ReadAction","target":["https:\/\/fip-koeln.de\/team\/kerstin\/"]}]},{"@type":"ImageObject","inLanguage":"en-US","@id":"https:\/\/fip-koeln.de\/team\/kerstin\/#primaryimage","url":"https:\/\/fip-koeln.de\/wp-content\/uploads\/2023\/11\/PlaceholderPerson-240x300.webp","contentUrl":"https:\/\/fip-koeln.de\/wp-content\/uploads\/2023\/11\/PlaceholderPerson-240x300.webp"},{"@type":"BreadcrumbList","@id":"https:\/\/fip-koeln.de\/team\/kerstin\/#breadcrumb","itemListElement":[{"@type":"ListItem","position":1,"name":"Startseite","item":"https:\/\/fip-koeln.de\/"},{"@type":"ListItem","position":2,"name":"Team","item":"https:\/\/fip-koeln.de\/team\/"},{"@type":"ListItem","position":3,"name":"Kerstin"}]},{"@type":"WebSite","@id":"https:\/\/fip-koeln.de\/#website","url":"https:\/\/fip-koeln.de\/","name":"Radio Science","description":"","publisher":{"@id":"https:\/\/fip-koeln.de\/#organization"},"potentialAction":[{"@type":"SearchAction","target":{"@type":"EntryPoint","urlTemplate":"https:\/\/fip-koeln.de\/?s={search_term_string}"},"query-input":{"@type":"PropertyValueSpecification","valueRequired":true,"valueName":"search_term_string"}}],"inLanguage":"en-US"},{"@type":"Organization","@id":"https:\/\/fip-koeln.de\/#organization","name":"Rheinisches Institut f\u00fcr Umweltforschung Abteilung Planetenforschung","url":"https:\/\/fip-koeln.de\/","logo":{"@type":"ImageObject","inLanguage":"en-US","@id":"https:\/\/fip-koeln.de\/#\/schema\/logo\/image\/","url":"https:\/\/fip-koeln.de\/wp-content\/uploads\/2023\/11\/favicon_radio-science.eu_.jpg","contentUrl":"https:\/\/fip-koeln.de\/wp-content\/uploads\/2023\/11\/favicon_radio-science.eu_.jpg","width":400,"height":400,"caption":"Rheinisches Institut f\u00fcr Umweltforschung Abteilung Planetenforschung"},"image":{"@id":"https:\/\/fip-koeln.de\/#\/schema\/logo\/image\/"}}]}},"uagb_featured_image_src":{"full":false,"thumbnail":false,"medium":false,"medium_large":false,"large":false,"1536x1536":false,"2048x2048":false,"trp-custom-language-flag":false},"uagb_author_info":{"display_name":"Admin","author_link":"https:\/\/fip-koeln.de\/en_us\/author\/admin\/"},"uagb_comment_info":0,"uagb_excerpt":"Dr. Kerstin Peter Position: Wissenschaftliche Mitarbeiterin amRheinischen Institut f\u00fcr Umweltforschung, Abteilung PlanetenforschungTel.:+49 221 277 81 81-2","_links":{"self":[{"href":"https:\/\/fip-koeln.de\/en_us\/wp-json\/wp\/v2\/pages\/546","targetHints":{"allow":["GET"]}}],"collection":[{"href":"https:\/\/fip-koeln.de\/en_us\/wp-json\/wp\/v2\/pages"}],"about":[{"href":"https:\/\/fip-koeln.de\/en_us\/wp-json\/wp\/v2\/types\/page"}],"author":[{"embeddable":true,"href":"https:\/\/fip-koeln.de\/en_us\/wp-json\/wp\/v2\/users\/1"}],"replies":[{"embeddable":true,"href":"https:\/\/fip-koeln.de\/en_us\/wp-json\/wp\/v2\/comments?post=546"}],"version-history":[{"count":14,"href":"https:\/\/fip-koeln.de\/en_us\/wp-json\/wp\/v2\/pages\/546\/revisions"}],"predecessor-version":[{"id":1984,"href":"https:\/\/fip-koeln.de\/en_us\/wp-json\/wp\/v2\/pages\/546\/revisions\/1984"}],"up":[{"embeddable":true,"href":"https:\/\/fip-koeln.de\/en_us\/wp-json\/wp\/v2\/pages\/15"}],"wp:attachment":[{"href":"https:\/\/fip-koeln.de\/en_us\/wp-json\/wp\/v2\/media?parent=546"}],"curies":[{"name":"wp","href":"https:\/\/api.w.org\/{rel}","templated":true}]}}