{"id":665,"date":"2016-08-12T13:32:23","date_gmt":"2016-08-12T13:32:23","guid":{"rendered":"http:\/\/www.radio-science.eu\/?page_id=665"},"modified":"2023-11-14T15:22:33","modified_gmt":"2023-11-14T15:22:33","slug":"radio-science-experiment-mars","status":"publish","type":"page","link":"https:\/\/fip-koeln.de\/en_us\/missionen-und-ziele\/mars-express\/radio-science-experiment-mars\/","title":{"rendered":"Radio Science Experiment MaRS"},"content":{"rendered":"<h1 class=\"wp-block-heading\">The Mars Express Radio Science Experiment (MaRS)&nbsp;&nbsp;&nbsp;&nbsp;&nbsp;&nbsp;&nbsp;<\/h1>\n\n\n\n<p>The <strong><u>Ma<\/u><\/strong>rs Express <strong><u>R<\/u><\/strong>adio <strong><u>S<\/u><\/strong>cience Experiment (MaRS) utilizes the radio subsystem of the spacecraft to investigate the atmosphere, ionosphere, gravity field, and surface of the red planet. As Mars Express is not equipped with an ultra-stable oscillator, the experiments are conducted using the so-called two-way method (see <a href=\"https:\/\/fip-koeln.de\/en_us\/sample-page\/was-ist-radio-science\/\">About Radio Science<\/a>).<\/p>\n\n\n\n<p>The radio occultations at Mars can cover the altitude range just above the surface (limited only by diffraction) up to an altitude of approximately 35-40 km (about up to a pressure of 5 Pa) (see Fig. 1). The temperature, pressure, and neutral particle density profiles have a vertical resolution of a few hundred meters, allowing the study of small-scale structures such as atmospheric gravity waves. The uncertainties in the temperature profile range from about 10% at the upper end of the measurement to fractions of a Kelvin at the lower end.<\/p>\n\n\n\n<figure class=\"wp-block-image aligncenter size-full\"><img loading=\"lazy\" decoding=\"async\" width=\"410\" height=\"458\" src=\"https:\/\/fip-koeln.de\/wp-content\/uploads\/2023\/11\/MaRS-Temperaturprofil.png\" alt=\"\" class=\"wp-image-2103\" srcset=\"https:\/\/fip-koeln.de\/wp-content\/uploads\/2023\/11\/MaRS-Temperaturprofil.png 410w, https:\/\/fip-koeln.de\/wp-content\/uploads\/2023\/11\/MaRS-Temperaturprofil-269x300.png 269w, https:\/\/fip-koeln.de\/wp-content\/uploads\/2023\/11\/MaRS-Temperaturprofil-11x12.png 11w\" sizes=\"auto, (max-width: 410px) 100vw, 410px\" \/><\/figure>\n\n\n\n<p><em>Figure 1: Typical MaRS temperature profile from the polar region (from (Tellmann et al., 2013)). The solid line represents the saturation curve of CO2.<\/em><\/p>\n\n\n\n<p>Additionally, the MaRS experiment can resolve the near-surface boundary layer of Mars. As the Martian atmosphere exhibits pronounced diurnal temperature variations, a convective boundary layer develops near the surface during the daytime, extending up to several kilometers above the surface (see Fig. 2, also see (Hinson et al., 2008)). Due to the low density, the temperature cools significantly at night, forming a deep temperature inversion near the surface.<\/p>\n\n\n\n<figure class=\"wp-block-image size-full\"><img loading=\"lazy\" decoding=\"async\" width=\"816\" height=\"625\" src=\"https:\/\/fip-koeln.de\/wp-content\/uploads\/2023\/11\/MaRS-BodennaheGrenzschicht.png\" alt=\"\" class=\"wp-image-2104\" srcset=\"https:\/\/fip-koeln.de\/wp-content\/uploads\/2023\/11\/MaRS-BodennaheGrenzschicht.png 816w, https:\/\/fip-koeln.de\/wp-content\/uploads\/2023\/11\/MaRS-BodennaheGrenzschicht-300x230.png 300w, https:\/\/fip-koeln.de\/wp-content\/uploads\/2023\/11\/MaRS-BodennaheGrenzschicht-768x588.png 768w, https:\/\/fip-koeln.de\/wp-content\/uploads\/2023\/11\/MaRS-BodennaheGrenzschicht-16x12.png 16w\" sizes=\"auto, (max-width: 816px) 100vw, 816px\" \/><\/figure>\n\n\n\n<p><em>Figure 2: Near-surface boundary layer (from (Tellmann et al., 2013, Fig. 19)). (a) Four daily temperature profiles from low-lying areas (profiles (a) and (c)) and high-altitude regions (profiles (b) and (d)). (b) Corresponding potential temperature profiles. (c) Location of temperature measurements.&nbsp;<\/em><\/p>\n\n\n\n<p>In addition to the neutral atmosphere, MaRS also evaluates electron density profiles in the ionosphere. Since Mars Express is in a highly elliptical orbit, these profiles can cover the entire topside of the ionosphere and the ionopause (see (Peter et al., 2014)). Sporadic third layers in the Martian ionosphere have also been discovered using this method (P\u00e4tzold et al., 2005).<\/p>\n\n\n\n<p>MaRS has analyzed approximately 1000 neutral atmosphere and ionosphere profiles to date, with further experiments planned.<\/p>\n\n\n\n<p>Furthermore, the MaRS experiment has conducted investigations of the planet's surface using bistatic radar measurements ('Bistatic Radar') (see (Simpson et al., 2006)).<\/p>","protected":false},"excerpt":{"rendered":"<p>Das Mars Express Radio Science Experiment MaRS&nbsp;&nbsp;&nbsp;&nbsp;&nbsp;&nbsp;&nbsp; Das Mars Express Radio Science Experiment (MaRS) nutzt das Radiosubsystem der Raumsonde, um die Atmosph\u00e4re, die Ionosph\u00e4re, das Schwerefeld und die Oberfl\u00e4che des roten Planeten zu untersuchen. Da Mars Express nicht mit einem Ultrastabilen Oszillator ausgestattet ist, werden die Experimente im sogenannten Zweiweg-Verfahren (siehe Was ist Radio Science?) [&hellip;]<\/p>\n","protected":false},"author":1,"featured_media":0,"parent":76,"menu_order":0,"comment_status":"closed","ping_status":"closed","template":"","meta":{"_uag_custom_page_level_css":"","site-sidebar-layout":"default","site-content-layout":"","ast-site-content-layout":"default","site-content-style":"default","site-sidebar-style":"default","ast-global-header-display":"","ast-banner-title-visibility":"","ast-main-header-display":"","ast-hfb-above-header-display":"","ast-hfb-below-header-display":"","ast-hfb-mobile-header-display":"","site-post-title":"disabled","ast-breadcrumbs-content":"","ast-featured-img":"","footer-sml-layout":"","ast-disable-related-posts":"","theme-transparent-header-meta":"","adv-header-id-meta":"","stick-header-meta":"","header-above-stick-meta":"","header-main-stick-meta":"","header-below-stick-meta":"","astra-migrate-meta-layouts":"","ast-page-background-enabled":"default","ast-page-background-meta":{"desktop":{"background-color":"var(--ast-global-color-4)","background-image":"","background-repeat":"repeat","background-position":"center center","background-size":"auto","background-attachment":"scroll","background-type":"","background-media":"","overlay-type":"","overlay-color":"","overlay-opacity":"","overlay-gradient":""},"tablet":{"background-color":"","background-image":"","background-repeat":"repeat","background-position":"center center","background-size":"auto","background-attachment":"scroll","background-type":"","background-media":"","overlay-type":"","overlay-color":"","overlay-opacity":"","overlay-gradient":""},"mobile":{"background-color":"","background-image":"","background-repeat":"repeat","background-position":"center center","background-size":"auto","background-attachment":"scroll","background-type":"","background-media":"","overlay-type":"","overlay-color":"","overlay-opacity":"","overlay-gradient":""}},"ast-content-background-meta":{"desktop":{"background-color":"var(--ast-global-color-5)","background-image":"","background-repeat":"repeat","background-position":"center center","background-size":"auto","background-attachment":"scroll","background-type":"","background-media":"","overlay-type":"","overlay-color":"","overlay-opacity":"","overlay-gradient":""},"tablet":{"background-color":"var(--ast-global-color-5)","background-image":"","background-repeat":"repeat","background-position":"center center","background-size":"auto","background-attachment":"scroll","background-type":"","background-media":"","overlay-type":"","overlay-color":"","overlay-opacity":"","overlay-gradient":""},"mobile":{"background-color":"var(--ast-global-color-5)","background-image":"","background-repeat":"repeat","background-position":"center center","background-size":"auto","background-attachment":"scroll","background-type":"","background-media":"","overlay-type":"","overlay-color":"","overlay-opacity":"","overlay-gradient":""}},"footnotes":""},"class_list":["post-665","page","type-page","status-publish","hentry"],"yoast_head":"<!-- This site is optimized with the Yoast SEO plugin v27.5 - https:\/\/yoast.com\/product\/yoast-seo-wordpress\/ -->\n<title>Radio Science Experiment MaRS - Radio Science<\/title>\n<meta name=\"description\" content=\"MaRS ist ein Radio Science Experiment, bei dem mit Signale des Mars Express genutzt werden, um mehr \u00fcber die Atmosph\u00e4re des Mars zu erfahren.\" \/>\n<meta name=\"robots\" content=\"index, follow, max-snippet:-1, max-image-preview:large, max-video-preview:-1\" \/>\n<link rel=\"canonical\" href=\"https:\/\/fip-koeln.de\/en_us\/missionen-und-ziele\/mars-express\/radio-science-experiment-mars\/\" \/>\n<meta property=\"og:locale\" content=\"en_US\" \/>\n<meta property=\"og:type\" content=\"article\" \/>\n<meta property=\"og:title\" content=\"Radio Science Experiment MaRS - Radio Science\" \/>\n<meta property=\"og:description\" content=\"MaRS ist ein Radio Science Experiment, bei dem mit Signale des Mars Express genutzt werden, um mehr \u00fcber die Atmosph\u00e4re des Mars zu erfahren.\" \/>\n<meta property=\"og:url\" content=\"https:\/\/fip-koeln.de\/en_us\/missionen-und-ziele\/mars-express\/radio-science-experiment-mars\/\" \/>\n<meta property=\"og:site_name\" content=\"Radio Science\" \/>\n<meta property=\"article:modified_time\" content=\"2023-11-14T15:22:33+00:00\" \/>\n<meta property=\"og:image\" content=\"https:\/\/fip-koeln.de\/wp-content\/uploads\/2023\/11\/MaRS-Temperaturprofil.png\" \/>\n<meta name=\"twitter:card\" content=\"summary_large_image\" \/>\n<meta name=\"twitter:label1\" content=\"Est. reading time\" \/>\n\t<meta name=\"twitter:data1\" content=\"3 minutes\" \/>\n<script type=\"application\/ld+json\" class=\"yoast-schema-graph\">{\"@context\":\"https:\\\/\\\/schema.org\",\"@graph\":[{\"@type\":\"WebPage\",\"@id\":\"https:\\\/\\\/fip-koeln.de\\\/missionen-und-ziele\\\/mars-express\\\/radio-science-experiment-mars\\\/\",\"url\":\"https:\\\/\\\/fip-koeln.de\\\/missionen-und-ziele\\\/mars-express\\\/radio-science-experiment-mars\\\/\",\"name\":\"Radio Science Experiment MaRS - Radio Science\",\"isPartOf\":{\"@id\":\"https:\\\/\\\/fip-koeln.de\\\/#website\"},\"primaryImageOfPage\":{\"@id\":\"https:\\\/\\\/fip-koeln.de\\\/missionen-und-ziele\\\/mars-express\\\/radio-science-experiment-mars\\\/#primaryimage\"},\"image\":{\"@id\":\"https:\\\/\\\/fip-koeln.de\\\/missionen-und-ziele\\\/mars-express\\\/radio-science-experiment-mars\\\/#primaryimage\"},\"thumbnailUrl\":\"https:\\\/\\\/fip-koeln.de\\\/wp-content\\\/uploads\\\/2023\\\/11\\\/MaRS-Temperaturprofil.png\",\"datePublished\":\"2016-08-12T13:32:23+00:00\",\"dateModified\":\"2023-11-14T15:22:33+00:00\",\"description\":\"MaRS ist ein Radio Science Experiment, bei dem mit Signale des Mars Express genutzt werden, um mehr \u00fcber die Atmosph\u00e4re des Mars zu erfahren.\",\"breadcrumb\":{\"@id\":\"https:\\\/\\\/fip-koeln.de\\\/missionen-und-ziele\\\/mars-express\\\/radio-science-experiment-mars\\\/#breadcrumb\"},\"inLanguage\":\"en-US\",\"potentialAction\":[{\"@type\":\"ReadAction\",\"target\":[\"https:\\\/\\\/fip-koeln.de\\\/missionen-und-ziele\\\/mars-express\\\/radio-science-experiment-mars\\\/\"]}]},{\"@type\":\"ImageObject\",\"inLanguage\":\"en-US\",\"@id\":\"https:\\\/\\\/fip-koeln.de\\\/missionen-und-ziele\\\/mars-express\\\/radio-science-experiment-mars\\\/#primaryimage\",\"url\":\"https:\\\/\\\/fip-koeln.de\\\/wp-content\\\/uploads\\\/2023\\\/11\\\/MaRS-Temperaturprofil.png\",\"contentUrl\":\"https:\\\/\\\/fip-koeln.de\\\/wp-content\\\/uploads\\\/2023\\\/11\\\/MaRS-Temperaturprofil.png\"},{\"@type\":\"BreadcrumbList\",\"@id\":\"https:\\\/\\\/fip-koeln.de\\\/missionen-und-ziele\\\/mars-express\\\/radio-science-experiment-mars\\\/#breadcrumb\",\"itemListElement\":[{\"@type\":\"ListItem\",\"position\":1,\"name\":\"Startseite\",\"item\":\"https:\\\/\\\/fip-koeln.de\\\/\"},{\"@type\":\"ListItem\",\"position\":2,\"name\":\"Missionen und Ziele\",\"item\":\"https:\\\/\\\/fip-koeln.de\\\/missionen-und-ziele\\\/\"},{\"@type\":\"ListItem\",\"position\":3,\"name\":\"Mars Express\",\"item\":\"https:\\\/\\\/fip-koeln.de\\\/missionen-und-ziele\\\/mars-express\\\/\"},{\"@type\":\"ListItem\",\"position\":4,\"name\":\"Radio Science Experiment MaRS\"}]},{\"@type\":\"WebSite\",\"@id\":\"https:\\\/\\\/fip-koeln.de\\\/#website\",\"url\":\"https:\\\/\\\/fip-koeln.de\\\/\",\"name\":\"Radio Science\",\"description\":\"\",\"publisher\":{\"@id\":\"https:\\\/\\\/fip-koeln.de\\\/#organization\"},\"potentialAction\":[{\"@type\":\"SearchAction\",\"target\":{\"@type\":\"EntryPoint\",\"urlTemplate\":\"https:\\\/\\\/fip-koeln.de\\\/?s={search_term_string}\"},\"query-input\":{\"@type\":\"PropertyValueSpecification\",\"valueRequired\":true,\"valueName\":\"search_term_string\"}}],\"inLanguage\":\"en-US\"},{\"@type\":\"Organization\",\"@id\":\"https:\\\/\\\/fip-koeln.de\\\/#organization\",\"name\":\"Rheinisches Institut f\u00fcr Umweltforschung Abteilung Planetenforschung\",\"url\":\"https:\\\/\\\/fip-koeln.de\\\/\",\"logo\":{\"@type\":\"ImageObject\",\"inLanguage\":\"en-US\",\"@id\":\"https:\\\/\\\/fip-koeln.de\\\/#\\\/schema\\\/logo\\\/image\\\/\",\"url\":\"https:\\\/\\\/fip-koeln.de\\\/wp-content\\\/uploads\\\/2023\\\/11\\\/favicon_radio-science.eu_.jpg\",\"contentUrl\":\"https:\\\/\\\/fip-koeln.de\\\/wp-content\\\/uploads\\\/2023\\\/11\\\/favicon_radio-science.eu_.jpg\",\"width\":400,\"height\":400,\"caption\":\"Rheinisches Institut f\u00fcr Umweltforschung Abteilung Planetenforschung\"},\"image\":{\"@id\":\"https:\\\/\\\/fip-koeln.de\\\/#\\\/schema\\\/logo\\\/image\\\/\"}}]}<\/script>\n<!-- \/ Yoast SEO plugin. -->","yoast_head_json":{"title":"Radio Science Experiment MaRS - Radio Science","description":"MaRS ist ein Radio Science Experiment, bei dem mit Signale des Mars Express genutzt werden, um mehr \u00fcber die Atmosph\u00e4re des Mars zu erfahren.","robots":{"index":"index","follow":"follow","max-snippet":"max-snippet:-1","max-image-preview":"max-image-preview:large","max-video-preview":"max-video-preview:-1"},"canonical":"https:\/\/fip-koeln.de\/en_us\/missionen-und-ziele\/mars-express\/radio-science-experiment-mars\/","og_locale":"en_US","og_type":"article","og_title":"Radio Science Experiment MaRS - Radio Science","og_description":"MaRS ist ein Radio Science Experiment, bei dem mit Signale des Mars Express genutzt werden, um mehr \u00fcber die Atmosph\u00e4re des Mars zu erfahren.","og_url":"https:\/\/fip-koeln.de\/en_us\/missionen-und-ziele\/mars-express\/radio-science-experiment-mars\/","og_site_name":"Radio Science","article_modified_time":"2023-11-14T15:22:33+00:00","og_image":[{"url":"https:\/\/fip-koeln.de\/wp-content\/uploads\/2023\/11\/MaRS-Temperaturprofil.png","type":"","width":"","height":""}],"twitter_card":"summary_large_image","twitter_misc":{"Est. reading time":"3 minutes"},"schema":{"@context":"https:\/\/schema.org","@graph":[{"@type":"WebPage","@id":"https:\/\/fip-koeln.de\/missionen-und-ziele\/mars-express\/radio-science-experiment-mars\/","url":"https:\/\/fip-koeln.de\/missionen-und-ziele\/mars-express\/radio-science-experiment-mars\/","name":"Radio Science Experiment MaRS - Radio Science","isPartOf":{"@id":"https:\/\/fip-koeln.de\/#website"},"primaryImageOfPage":{"@id":"https:\/\/fip-koeln.de\/missionen-und-ziele\/mars-express\/radio-science-experiment-mars\/#primaryimage"},"image":{"@id":"https:\/\/fip-koeln.de\/missionen-und-ziele\/mars-express\/radio-science-experiment-mars\/#primaryimage"},"thumbnailUrl":"https:\/\/fip-koeln.de\/wp-content\/uploads\/2023\/11\/MaRS-Temperaturprofil.png","datePublished":"2016-08-12T13:32:23+00:00","dateModified":"2023-11-14T15:22:33+00:00","description":"MaRS ist ein Radio Science Experiment, bei dem mit Signale des Mars Express genutzt werden, um mehr \u00fcber die Atmosph\u00e4re des Mars zu erfahren.","breadcrumb":{"@id":"https:\/\/fip-koeln.de\/missionen-und-ziele\/mars-express\/radio-science-experiment-mars\/#breadcrumb"},"inLanguage":"en-US","potentialAction":[{"@type":"ReadAction","target":["https:\/\/fip-koeln.de\/missionen-und-ziele\/mars-express\/radio-science-experiment-mars\/"]}]},{"@type":"ImageObject","inLanguage":"en-US","@id":"https:\/\/fip-koeln.de\/missionen-und-ziele\/mars-express\/radio-science-experiment-mars\/#primaryimage","url":"https:\/\/fip-koeln.de\/wp-content\/uploads\/2023\/11\/MaRS-Temperaturprofil.png","contentUrl":"https:\/\/fip-koeln.de\/wp-content\/uploads\/2023\/11\/MaRS-Temperaturprofil.png"},{"@type":"BreadcrumbList","@id":"https:\/\/fip-koeln.de\/missionen-und-ziele\/mars-express\/radio-science-experiment-mars\/#breadcrumb","itemListElement":[{"@type":"ListItem","position":1,"name":"Startseite","item":"https:\/\/fip-koeln.de\/"},{"@type":"ListItem","position":2,"name":"Missionen und Ziele","item":"https:\/\/fip-koeln.de\/missionen-und-ziele\/"},{"@type":"ListItem","position":3,"name":"Mars Express","item":"https:\/\/fip-koeln.de\/missionen-und-ziele\/mars-express\/"},{"@type":"ListItem","position":4,"name":"Radio Science Experiment MaRS"}]},{"@type":"WebSite","@id":"https:\/\/fip-koeln.de\/#website","url":"https:\/\/fip-koeln.de\/","name":"Radio Science","description":"","publisher":{"@id":"https:\/\/fip-koeln.de\/#organization"},"potentialAction":[{"@type":"SearchAction","target":{"@type":"EntryPoint","urlTemplate":"https:\/\/fip-koeln.de\/?s={search_term_string}"},"query-input":{"@type":"PropertyValueSpecification","valueRequired":true,"valueName":"search_term_string"}}],"inLanguage":"en-US"},{"@type":"Organization","@id":"https:\/\/fip-koeln.de\/#organization","name":"Rheinisches Institut f\u00fcr Umweltforschung Abteilung Planetenforschung","url":"https:\/\/fip-koeln.de\/","logo":{"@type":"ImageObject","inLanguage":"en-US","@id":"https:\/\/fip-koeln.de\/#\/schema\/logo\/image\/","url":"https:\/\/fip-koeln.de\/wp-content\/uploads\/2023\/11\/favicon_radio-science.eu_.jpg","contentUrl":"https:\/\/fip-koeln.de\/wp-content\/uploads\/2023\/11\/favicon_radio-science.eu_.jpg","width":400,"height":400,"caption":"Rheinisches Institut f\u00fcr Umweltforschung Abteilung Planetenforschung"},"image":{"@id":"https:\/\/fip-koeln.de\/#\/schema\/logo\/image\/"}}]}},"uagb_featured_image_src":{"full":false,"thumbnail":false,"medium":false,"medium_large":false,"large":false,"1536x1536":false,"2048x2048":false,"trp-custom-language-flag":false},"uagb_author_info":{"display_name":"Admin","author_link":"https:\/\/fip-koeln.de\/en_us\/author\/admin\/"},"uagb_comment_info":0,"uagb_excerpt":"Das Mars Express Radio Science Experiment MaRS&nbsp;&nbsp;&nbsp;&nbsp;&nbsp;&nbsp;&nbsp; Das Mars Express Radio Science Experiment (MaRS) nutzt das Radiosubsystem der Raumsonde, um die Atmosph\u00e4re, die Ionosph\u00e4re, das Schwerefeld und die Oberfl\u00e4che des roten Planeten zu untersuchen. Da Mars Express nicht mit einem Ultrastabilen Oszillator ausgestattet ist, werden die Experimente im sogenannten Zweiweg-Verfahren (siehe Was ist Radio Science?)&hellip;","_links":{"self":[{"href":"https:\/\/fip-koeln.de\/en_us\/wp-json\/wp\/v2\/pages\/665","targetHints":{"allow":["GET"]}}],"collection":[{"href":"https:\/\/fip-koeln.de\/en_us\/wp-json\/wp\/v2\/pages"}],"about":[{"href":"https:\/\/fip-koeln.de\/en_us\/wp-json\/wp\/v2\/types\/page"}],"author":[{"embeddable":true,"href":"https:\/\/fip-koeln.de\/en_us\/wp-json\/wp\/v2\/users\/1"}],"replies":[{"embeddable":true,"href":"https:\/\/fip-koeln.de\/en_us\/wp-json\/wp\/v2\/comments?post=665"}],"version-history":[{"count":15,"href":"https:\/\/fip-koeln.de\/en_us\/wp-json\/wp\/v2\/pages\/665\/revisions"}],"predecessor-version":[{"id":2106,"href":"https:\/\/fip-koeln.de\/en_us\/wp-json\/wp\/v2\/pages\/665\/revisions\/2106"}],"up":[{"embeddable":true,"href":"https:\/\/fip-koeln.de\/en_us\/wp-json\/wp\/v2\/pages\/76"}],"wp:attachment":[{"href":"https:\/\/fip-koeln.de\/en_us\/wp-json\/wp\/v2\/media?parent=665"}],"curies":[{"name":"wp","href":"https:\/\/api.w.org\/{rel}","templated":true}]}}