{"id":669,"date":"2016-08-12T13:27:09","date_gmt":"2016-08-12T13:27:09","guid":{"rendered":"http:\/\/www.radio-science.eu\/?page_id=669"},"modified":"2023-11-10T14:17:37","modified_gmt":"2023-11-10T14:17:37","slug":"67pchuryumov-gerasimenko","status":"publish","type":"page","link":"https:\/\/fip-koeln.de\/en_us\/missionen-und-ziele\/rosetta\/67pchuryumov-gerasimenko\/","title":{"rendered":"67P\/Churyumov-Gerasimenko"},"content":{"rendered":"<h3 class=\"wp-block-heading\">Meeting with the comet<\/h3>\n\n\n\n<figure class=\"wp-block-image alignright\"><a href=\"https:\/\/fip-koeln.de\/wp-content\/uploads\/2012\/11\/rosetta02.jpg\"><img loading=\"lazy\" decoding=\"async\" width=\"410\" height=\"410\" src=\"https:\/\/fip-koeln.de\/wp-content\/uploads\/2012\/11\/rosetta02.jpg\" alt=\"Aufnahme der Rosetta-Kamera w\u00e4hrend des ersten 'swing-by-Man\u00f6vers' von Erde und Mond Quelle: ESA\" class=\"wp-image-95\" srcset=\"https:\/\/fip-koeln.de\/wp-content\/uploads\/2012\/11\/rosetta02.jpg 410w, https:\/\/fip-koeln.de\/wp-content\/uploads\/2012\/11\/rosetta02-150x150.jpg 150w, https:\/\/fip-koeln.de\/wp-content\/uploads\/2012\/11\/rosetta02-300x300.jpg 300w, https:\/\/fip-koeln.de\/wp-content\/uploads\/2012\/11\/rosetta02-332x332.jpg 332w, https:\/\/fip-koeln.de\/wp-content\/uploads\/2012\/11\/rosetta02-268x268.jpg 268w\" sizes=\"auto, (max-width: 410px) 100vw, 410px\" \/><\/a><figcaption class=\"wp-element-caption\">Aufnahme der Rosetta-Kamera w\u00e4hrend des ersten &#8217;swing-by-Man\u00f6vers&#8216; von Erde und Mond<br>Source: ESA<\/figcaption><\/figure>\n\n\n\n<p>The most difficult phase will be the approach and rendez-vous with the fast moving comet Churyumov-Gerasimenko. In August 2014 Rosetta achieve an orbit around the comet nucleus. Churyumov-Gerasimenko is a short periodic comet which recurs every 6,57 years. It was discovered in 1969 by Klim Churyumov (University of Kiev, Ukraine) and Svetlana Gerasimenko (Insitute of Astophysics Dushanbe, Tajikistan). Two approaches to Jupiter in 1840 and 1959 changed the comets orbit from initially 4.0 AU perihelion distance to 1.28 AU. The comet is a member of the so called Jupiter family (with the aphelion, i.e. the most distant pointof the orbit at the Jupiter orbit) which is a group of short periodic comets in the solar system.<\/p>\n\n\n\n<p>Rosetta wird Churyumov-Gerasimenko auf seiner Bahn verfolgen und im Jahre 2014 treffen. Das Rendezvous soll in einer Entfernung vom 4,8 AE von der Sonne entfernt stattfinden und im August 2014 wird Rosetta sich in einen Orbit um den Kometen begeben und ihn f\u00fcr 17 Monate begleiten. Da von Churyumov-Gerasimenko zur Zeit nur sehr wenig bekannt ist, und weder gesicherte Erkenntnisse \u00fcber seine Gr\u00f6\u00dfe, seine Form noch seine Masse vorliegen, wird der Anflug an den Kometen recht schwierig sein. Nach Auswahl eines geeigneten Landeplatzes wird der Orbiteram 11. November 2014 ein 100 kg schweres Landemodul (Philae-Lander) auf der Oberfl\u00e4che absetzen. Wegen der sehr geringen Gravitation muss die Landegeschwindigkeit sehr niedrig sein, kleiner als 1 m\/sec, sonst w\u00fcrde der &#8218;Lander&#8216; vom Kometen abprallen und ins All verschwinden. Gleichzeitig wird die Raumsonde den Kometenkern weiterhin umkreisen und seine Ver\u00e4nderungen \u00fcber mehr als 14 Monate verfolgen. Zu dieser Zeit wird der Einfluss der Sonne begonnen haben, Teile des Kometenkerns zu verdampfen und die Oberfl\u00e4che des Kometen wird ausgasen. Hierbei kann erstmalig beobachtet werden, wie sich ein Komet bei der Ann\u00e4herung, bei seiner geringsten Distanz (Perihelion-Passage) zur Sonne und bei der Entfernung von der Sonne verh\u00e4lt und ver\u00e4ndert.<\/p>","protected":false},"excerpt":{"rendered":"<p>Treffpunkt mit dem Kometen Die schwierigste Phase wird das Zusammentreffen mit dem sich schnell bewegenden Kometen Churyumov-Gerasimenko sein. Im August 2014 soll eine Umlaufbahn um den Planeten erreicht werden. Churyumov-Gerasimenko ist ein kurzperiodischer Komet, der alle 6,57 Jahre wiederkehrt. Er wude 1969 von Klim Churyumov (Universit\u00e4t von Kiev, Ukraine) und Svetlana Gerasimenka (Insitute of Astophysics [&hellip;]<\/p>\n","protected":false},"author":1,"featured_media":0,"parent":90,"menu_order":0,"comment_status":"closed","ping_status":"closed","template":"","meta":{"_uag_custom_page_level_css":"","site-sidebar-layout":"default","site-content-layout":"","ast-site-content-layout":"default","site-content-style":"default","site-sidebar-style":"default","ast-global-header-display":"","ast-banner-title-visibility":"","ast-main-header-display":"","ast-hfb-above-header-display":"","ast-hfb-below-header-display":"","ast-hfb-mobile-header-display":"","site-post-title":"","ast-breadcrumbs-content":"","ast-featured-img":"","footer-sml-layout":"","ast-disable-related-posts":"","theme-transparent-header-meta":"","adv-header-id-meta":"","stick-header-meta":"","header-above-stick-meta":"","header-main-stick-meta":"","header-below-stick-meta":"","astra-migrate-meta-layouts":"default","ast-page-background-enabled":"default","ast-page-background-meta":{"desktop":{"background-color":"var(--ast-global-color-4)","background-image":"","background-repeat":"repeat","background-position":"center center","background-size":"auto","background-attachment":"scroll","background-type":"","background-media":"","overlay-type":"","overlay-color":"","overlay-opacity":"","overlay-gradient":""},"tablet":{"background-color":"","background-image":"","background-repeat":"repeat","background-position":"center center","background-size":"auto","background-attachment":"scroll","background-type":"","background-media":"","overlay-type":"","overlay-color":"","overlay-opacity":"","overlay-gradient":""},"mobile":{"background-color":"","background-image":"","background-repeat":"repeat","background-position":"center center","background-size":"auto","background-attachment":"scroll","background-type":"","background-media":"","overlay-type":"","overlay-color":"","overlay-opacity":"","overlay-gradient":""}},"ast-content-background-meta":{"desktop":{"background-color":"var(--ast-global-color-5)","background-image":"","background-repeat":"repeat","background-position":"center center","background-size":"auto","background-attachment":"scroll","background-type":"","background-media":"","overlay-type":"","overlay-color":"","overlay-opacity":"","overlay-gradient":""},"tablet":{"background-color":"var(--ast-global-color-5)","background-image":"","background-repeat":"repeat","background-position":"center center","background-size":"auto","background-attachment":"scroll","background-type":"","background-media":"","overlay-type":"","overlay-color":"","overlay-opacity":"","overlay-gradient":""},"mobile":{"background-color":"var(--ast-global-color-5)","background-image":"","background-repeat":"repeat","background-position":"center center","background-size":"auto","background-attachment":"scroll","background-type":"","background-media":"","overlay-type":"","overlay-color":"","overlay-opacity":"","overlay-gradient":""}},"footnotes":""},"class_list":["post-669","page","type-page","status-publish","hentry"],"yoast_head":"<!-- This site is optimized with the Yoast SEO plugin v27.5 - https:\/\/yoast.com\/product\/yoast-seo-wordpress\/ -->\n<title>67P\/Churyumov-Gerasimenko - Radio Science<\/title>\n<meta name=\"description\" content=\"67P\/Churyumov-Gerasimenko ist ein Komet und Gegenstand der Rosetta Mission, die ihn begleitet und beobachtet hat.\" \/>\n<meta name=\"robots\" content=\"index, follow, max-snippet:-1, max-image-preview:large, max-video-preview:-1\" \/>\n<link rel=\"canonical\" href=\"https:\/\/fip-koeln.de\/en_us\/missionen-und-ziele\/rosetta\/67pchuryumov-gerasimenko\/\" \/>\n<meta property=\"og:locale\" content=\"en_US\" \/>\n<meta property=\"og:type\" content=\"article\" \/>\n<meta property=\"og:title\" content=\"67P\/Churyumov-Gerasimenko - Radio Science\" \/>\n<meta property=\"og:description\" content=\"67P\/Churyumov-Gerasimenko ist ein Komet und Gegenstand der Rosetta Mission, die ihn begleitet und beobachtet hat.\" \/>\n<meta property=\"og:url\" content=\"https:\/\/fip-koeln.de\/en_us\/missionen-und-ziele\/rosetta\/67pchuryumov-gerasimenko\/\" \/>\n<meta property=\"og:site_name\" content=\"Radio Science\" \/>\n<meta property=\"article:modified_time\" content=\"2023-11-10T14:17:37+00:00\" \/>\n<meta property=\"og:image\" content=\"https:\/\/fip-koeln.de\/wp-content\/uploads\/2012\/11\/rosetta02.jpg\" \/>\n<meta name=\"twitter:card\" content=\"summary_large_image\" \/>\n<meta name=\"twitter:label1\" content=\"Est. reading time\" \/>\n\t<meta name=\"twitter:data1\" content=\"2 minutes\" \/>\n<script type=\"application\/ld+json\" class=\"yoast-schema-graph\">{\"@context\":\"https:\\\/\\\/schema.org\",\"@graph\":[{\"@type\":\"WebPage\",\"@id\":\"https:\\\/\\\/fip-koeln.de\\\/missionen-und-ziele\\\/rosetta\\\/67pchuryumov-gerasimenko\\\/\",\"url\":\"https:\\\/\\\/fip-koeln.de\\\/missionen-und-ziele\\\/rosetta\\\/67pchuryumov-gerasimenko\\\/\",\"name\":\"67P\\\/Churyumov-Gerasimenko - Radio Science\",\"isPartOf\":{\"@id\":\"https:\\\/\\\/fip-koeln.de\\\/#website\"},\"primaryImageOfPage\":{\"@id\":\"https:\\\/\\\/fip-koeln.de\\\/missionen-und-ziele\\\/rosetta\\\/67pchuryumov-gerasimenko\\\/#primaryimage\"},\"image\":{\"@id\":\"https:\\\/\\\/fip-koeln.de\\\/missionen-und-ziele\\\/rosetta\\\/67pchuryumov-gerasimenko\\\/#primaryimage\"},\"thumbnailUrl\":\"https:\\\/\\\/fip-koeln.de\\\/wp-content\\\/uploads\\\/2012\\\/11\\\/rosetta02.jpg\",\"datePublished\":\"2016-08-12T13:27:09+00:00\",\"dateModified\":\"2023-11-10T14:17:37+00:00\",\"description\":\"67P\\\/Churyumov-Gerasimenko ist ein Komet und Gegenstand der Rosetta Mission, die ihn begleitet und beobachtet hat.\",\"breadcrumb\":{\"@id\":\"https:\\\/\\\/fip-koeln.de\\\/missionen-und-ziele\\\/rosetta\\\/67pchuryumov-gerasimenko\\\/#breadcrumb\"},\"inLanguage\":\"en-US\",\"potentialAction\":[{\"@type\":\"ReadAction\",\"target\":[\"https:\\\/\\\/fip-koeln.de\\\/missionen-und-ziele\\\/rosetta\\\/67pchuryumov-gerasimenko\\\/\"]}]},{\"@type\":\"ImageObject\",\"inLanguage\":\"en-US\",\"@id\":\"https:\\\/\\\/fip-koeln.de\\\/missionen-und-ziele\\\/rosetta\\\/67pchuryumov-gerasimenko\\\/#primaryimage\",\"url\":\"https:\\\/\\\/fip-koeln.de\\\/wp-content\\\/uploads\\\/2012\\\/11\\\/rosetta02.jpg\",\"contentUrl\":\"https:\\\/\\\/fip-koeln.de\\\/wp-content\\\/uploads\\\/2012\\\/11\\\/rosetta02.jpg\"},{\"@type\":\"BreadcrumbList\",\"@id\":\"https:\\\/\\\/fip-koeln.de\\\/missionen-und-ziele\\\/rosetta\\\/67pchuryumov-gerasimenko\\\/#breadcrumb\",\"itemListElement\":[{\"@type\":\"ListItem\",\"position\":1,\"name\":\"Startseite\",\"item\":\"https:\\\/\\\/fip-koeln.de\\\/\"},{\"@type\":\"ListItem\",\"position\":2,\"name\":\"Missionen und Ziele\",\"item\":\"https:\\\/\\\/fip-koeln.de\\\/missionen-und-ziele\\\/\"},{\"@type\":\"ListItem\",\"position\":3,\"name\":\"Rosetta\",\"item\":\"https:\\\/\\\/fip-koeln.de\\\/missionen-und-ziele\\\/rosetta\\\/\"},{\"@type\":\"ListItem\",\"position\":4,\"name\":\"67P\\\/Churyumov-Gerasimenko\"}]},{\"@type\":\"WebSite\",\"@id\":\"https:\\\/\\\/fip-koeln.de\\\/#website\",\"url\":\"https:\\\/\\\/fip-koeln.de\\\/\",\"name\":\"Radio Science\",\"description\":\"\",\"publisher\":{\"@id\":\"https:\\\/\\\/fip-koeln.de\\\/#organization\"},\"potentialAction\":[{\"@type\":\"SearchAction\",\"target\":{\"@type\":\"EntryPoint\",\"urlTemplate\":\"https:\\\/\\\/fip-koeln.de\\\/?s={search_term_string}\"},\"query-input\":{\"@type\":\"PropertyValueSpecification\",\"valueRequired\":true,\"valueName\":\"search_term_string\"}}],\"inLanguage\":\"en-US\"},{\"@type\":\"Organization\",\"@id\":\"https:\\\/\\\/fip-koeln.de\\\/#organization\",\"name\":\"Rheinisches Institut f\u00fcr Umweltforschung Abteilung Planetenforschung\",\"url\":\"https:\\\/\\\/fip-koeln.de\\\/\",\"logo\":{\"@type\":\"ImageObject\",\"inLanguage\":\"en-US\",\"@id\":\"https:\\\/\\\/fip-koeln.de\\\/#\\\/schema\\\/logo\\\/image\\\/\",\"url\":\"https:\\\/\\\/fip-koeln.de\\\/wp-content\\\/uploads\\\/2023\\\/11\\\/favicon_radio-science.eu_.jpg\",\"contentUrl\":\"https:\\\/\\\/fip-koeln.de\\\/wp-content\\\/uploads\\\/2023\\\/11\\\/favicon_radio-science.eu_.jpg\",\"width\":400,\"height\":400,\"caption\":\"Rheinisches Institut f\u00fcr Umweltforschung Abteilung Planetenforschung\"},\"image\":{\"@id\":\"https:\\\/\\\/fip-koeln.de\\\/#\\\/schema\\\/logo\\\/image\\\/\"}}]}<\/script>\n<!-- \/ Yoast SEO plugin. -->","yoast_head_json":{"title":"67P\/Churyumov-Gerasimenko - Radio Science","description":"67P\/Churyumov-Gerasimenko ist ein Komet und Gegenstand der Rosetta Mission, die ihn begleitet und beobachtet hat.","robots":{"index":"index","follow":"follow","max-snippet":"max-snippet:-1","max-image-preview":"max-image-preview:large","max-video-preview":"max-video-preview:-1"},"canonical":"https:\/\/fip-koeln.de\/en_us\/missionen-und-ziele\/rosetta\/67pchuryumov-gerasimenko\/","og_locale":"en_US","og_type":"article","og_title":"67P\/Churyumov-Gerasimenko - Radio Science","og_description":"67P\/Churyumov-Gerasimenko ist ein Komet und Gegenstand der Rosetta Mission, die ihn begleitet und beobachtet hat.","og_url":"https:\/\/fip-koeln.de\/en_us\/missionen-und-ziele\/rosetta\/67pchuryumov-gerasimenko\/","og_site_name":"Radio Science","article_modified_time":"2023-11-10T14:17:37+00:00","og_image":[{"url":"https:\/\/fip-koeln.de\/wp-content\/uploads\/2012\/11\/rosetta02.jpg","type":"","width":"","height":""}],"twitter_card":"summary_large_image","twitter_misc":{"Est. reading time":"2 minutes"},"schema":{"@context":"https:\/\/schema.org","@graph":[{"@type":"WebPage","@id":"https:\/\/fip-koeln.de\/missionen-und-ziele\/rosetta\/67pchuryumov-gerasimenko\/","url":"https:\/\/fip-koeln.de\/missionen-und-ziele\/rosetta\/67pchuryumov-gerasimenko\/","name":"67P\/Churyumov-Gerasimenko - Radio Science","isPartOf":{"@id":"https:\/\/fip-koeln.de\/#website"},"primaryImageOfPage":{"@id":"https:\/\/fip-koeln.de\/missionen-und-ziele\/rosetta\/67pchuryumov-gerasimenko\/#primaryimage"},"image":{"@id":"https:\/\/fip-koeln.de\/missionen-und-ziele\/rosetta\/67pchuryumov-gerasimenko\/#primaryimage"},"thumbnailUrl":"https:\/\/fip-koeln.de\/wp-content\/uploads\/2012\/11\/rosetta02.jpg","datePublished":"2016-08-12T13:27:09+00:00","dateModified":"2023-11-10T14:17:37+00:00","description":"67P\/Churyumov-Gerasimenko ist ein Komet und Gegenstand der Rosetta Mission, die ihn begleitet und beobachtet hat.","breadcrumb":{"@id":"https:\/\/fip-koeln.de\/missionen-und-ziele\/rosetta\/67pchuryumov-gerasimenko\/#breadcrumb"},"inLanguage":"en-US","potentialAction":[{"@type":"ReadAction","target":["https:\/\/fip-koeln.de\/missionen-und-ziele\/rosetta\/67pchuryumov-gerasimenko\/"]}]},{"@type":"ImageObject","inLanguage":"en-US","@id":"https:\/\/fip-koeln.de\/missionen-und-ziele\/rosetta\/67pchuryumov-gerasimenko\/#primaryimage","url":"https:\/\/fip-koeln.de\/wp-content\/uploads\/2012\/11\/rosetta02.jpg","contentUrl":"https:\/\/fip-koeln.de\/wp-content\/uploads\/2012\/11\/rosetta02.jpg"},{"@type":"BreadcrumbList","@id":"https:\/\/fip-koeln.de\/missionen-und-ziele\/rosetta\/67pchuryumov-gerasimenko\/#breadcrumb","itemListElement":[{"@type":"ListItem","position":1,"name":"Startseite","item":"https:\/\/fip-koeln.de\/"},{"@type":"ListItem","position":2,"name":"Missionen und Ziele","item":"https:\/\/fip-koeln.de\/missionen-und-ziele\/"},{"@type":"ListItem","position":3,"name":"Rosetta","item":"https:\/\/fip-koeln.de\/missionen-und-ziele\/rosetta\/"},{"@type":"ListItem","position":4,"name":"67P\/Churyumov-Gerasimenko"}]},{"@type":"WebSite","@id":"https:\/\/fip-koeln.de\/#website","url":"https:\/\/fip-koeln.de\/","name":"Radio Science","description":"","publisher":{"@id":"https:\/\/fip-koeln.de\/#organization"},"potentialAction":[{"@type":"SearchAction","target":{"@type":"EntryPoint","urlTemplate":"https:\/\/fip-koeln.de\/?s={search_term_string}"},"query-input":{"@type":"PropertyValueSpecification","valueRequired":true,"valueName":"search_term_string"}}],"inLanguage":"en-US"},{"@type":"Organization","@id":"https:\/\/fip-koeln.de\/#organization","name":"Rheinisches Institut f\u00fcr Umweltforschung Abteilung Planetenforschung","url":"https:\/\/fip-koeln.de\/","logo":{"@type":"ImageObject","inLanguage":"en-US","@id":"https:\/\/fip-koeln.de\/#\/schema\/logo\/image\/","url":"https:\/\/fip-koeln.de\/wp-content\/uploads\/2023\/11\/favicon_radio-science.eu_.jpg","contentUrl":"https:\/\/fip-koeln.de\/wp-content\/uploads\/2023\/11\/favicon_radio-science.eu_.jpg","width":400,"height":400,"caption":"Rheinisches Institut f\u00fcr Umweltforschung Abteilung Planetenforschung"},"image":{"@id":"https:\/\/fip-koeln.de\/#\/schema\/logo\/image\/"}}]}},"uagb_featured_image_src":{"full":false,"thumbnail":false,"medium":false,"medium_large":false,"large":false,"1536x1536":false,"2048x2048":false,"trp-custom-language-flag":false},"uagb_author_info":{"display_name":"Admin","author_link":"https:\/\/fip-koeln.de\/en_us\/author\/admin\/"},"uagb_comment_info":0,"uagb_excerpt":"Treffpunkt mit dem Kometen Die schwierigste Phase wird das Zusammentreffen mit dem sich schnell bewegenden Kometen Churyumov-Gerasimenko sein. Im August 2014 soll eine Umlaufbahn um den Planeten erreicht werden. Churyumov-Gerasimenko ist ein kurzperiodischer Komet, der alle 6,57 Jahre wiederkehrt. Er wude 1969 von Klim Churyumov (Universit\u00e4t von Kiev, Ukraine) und Svetlana Gerasimenka (Insitute of Astophysics&hellip;","_links":{"self":[{"href":"https:\/\/fip-koeln.de\/en_us\/wp-json\/wp\/v2\/pages\/669","targetHints":{"allow":["GET"]}}],"collection":[{"href":"https:\/\/fip-koeln.de\/en_us\/wp-json\/wp\/v2\/pages"}],"about":[{"href":"https:\/\/fip-koeln.de\/en_us\/wp-json\/wp\/v2\/types\/page"}],"author":[{"embeddable":true,"href":"https:\/\/fip-koeln.de\/en_us\/wp-json\/wp\/v2\/users\/1"}],"replies":[{"embeddable":true,"href":"https:\/\/fip-koeln.de\/en_us\/wp-json\/wp\/v2\/comments?post=669"}],"version-history":[{"count":9,"href":"https:\/\/fip-koeln.de\/en_us\/wp-json\/wp\/v2\/pages\/669\/revisions"}],"predecessor-version":[{"id":1765,"href":"https:\/\/fip-koeln.de\/en_us\/wp-json\/wp\/v2\/pages\/669\/revisions\/1765"}],"up":[{"embeddable":true,"href":"https:\/\/fip-koeln.de\/en_us\/wp-json\/wp\/v2\/pages\/90"}],"wp:attachment":[{"href":"https:\/\/fip-koeln.de\/en_us\/wp-json\/wp\/v2\/media?parent=669"}],"curies":[{"name":"wp","href":"https:\/\/api.w.org\/{rel}","templated":true}]}}