{"id":675,"date":"2016-08-12T13:31:02","date_gmt":"2016-08-12T13:31:02","guid":{"rendered":"http:\/\/www.radio-science.eu\/?page_id=675"},"modified":"2023-11-10T15:02:52","modified_gmt":"2023-11-10T15:02:52","slug":"neutralatmosphaere","status":"publish","type":"page","link":"https:\/\/fip-koeln.de\/en_us\/missionen-und-ziele\/venus-express\/neutralatmosphaere\/","title":{"rendered":"Neutral Atmosphere"},"content":{"rendered":"<h1 class=\"wp-block-heading\">The Venus atmosphere<\/h1>\n\n\n\n<p>Venus possesses a very thick and hot atmosphere which mainly consists of carbon dioxide. Other atmospheric constituents are Nitrogen (3.5%), Argon and sulfur dioxide. Surface temperatures reach values of about 750 Kelvin (~475\u00b0 C) at a surface pressure of 90 bar.<\/p>\n\n\n\n<p>Venus is one of the brightest objects at the night sky, due to its highly reflective, dense cloud layer. This cloud layer, mainly composed of sulfuric acid droplets and located at an altitude of ~50-70 km,\u00a0 covers the whole planet so that barely any sun light can reach the surface.<\/p>\n\n\n\n<p>Venus rotates very slow (a Venus day is 234 Earth days long), but the atmosphere rotates much faster than the planet itself. Wind velocities of about 100 m\/s are reached at the upper boundary of the cloud layer so that the atmosphere rotates with a period of only ~4-5 days. The processes leading to this so called superrotation are still not fully understood. It is assumed that the solar insolation in combination with different atmospheric waves plays an important role in this context.<\/p>\n\n\n\n<p>Atmospheric waves in almost all dimensions are existent on Venus. Local wave phenomena like gravity waves are observed next to global wave phenomena like thermal tides. The gravity wave activity is strongly enhanced in the high latitude range of Venus. The processes leading to this latitudinal dependency\u00a0 are still not completely understood. On the one hand, the highest topographical elevations are located in this area but on the other hand, the convective middle cloud layer is also extremely pronounced in the high latitudes of Venus. Gravity waves might therefore be induced by wind flow over topographical obstacles or by convection in the nearly adiabatic middle cloud layer might play an important role in this context [Tellmann et al., 2012]. Other possible source mechanisms are, for example, Kelvin-Helmholtz instabilities.<!--:--><!--:en--><\/p>","protected":false},"excerpt":{"rendered":"<p>Die Venus-Atmosph\u00e4re Die Venus verf\u00fcgt \u00fcber eine extrem dichte und hei\u00dfe Atmosph\u00e4re, die im Wesentlichen aus Kohlendioxid besteht. An der Oberfl\u00e4che herrschen Temperaturen von ca. 750 K (ca. 476 \u00b0C) und ein Atmosph\u00e4rendruck von 90 bar.&nbsp;&nbsp; Neben dem Hauptbestandteil CO2 (96%) besteht die Atmosph\u00e4re aus Stickstoff (3.5%), Argon und Schwefeldioxid. Venus ist eines der hellsten [&hellip;]<\/p>\n","protected":false},"author":1,"featured_media":0,"parent":98,"menu_order":0,"comment_status":"closed","ping_status":"closed","template":"","meta":{"_uag_custom_page_level_css":"","site-sidebar-layout":"default","site-content-layout":"","ast-site-content-layout":"default","site-content-style":"default","site-sidebar-style":"default","ast-global-header-display":"","ast-banner-title-visibility":"","ast-main-header-display":"","ast-hfb-above-header-display":"","ast-hfb-below-header-display":"","ast-hfb-mobile-header-display":"","site-post-title":"disabled","ast-breadcrumbs-content":"","ast-featured-img":"","footer-sml-layout":"","ast-disable-related-posts":"","theme-transparent-header-meta":"","adv-header-id-meta":"","stick-header-meta":"","header-above-stick-meta":"","header-main-stick-meta":"","header-below-stick-meta":"","astra-migrate-meta-layouts":"","ast-page-background-enabled":"default","ast-page-background-meta":{"desktop":{"background-color":"var(--ast-global-color-4)","background-image":"","background-repeat":"repeat","background-position":"center center","background-size":"auto","background-attachment":"scroll","background-type":"","background-media":"","overlay-type":"","overlay-color":"","overlay-opacity":"","overlay-gradient":""},"tablet":{"background-color":"","background-image":"","background-repeat":"repeat","background-position":"center center","background-size":"auto","background-attachment":"scroll","background-type":"","background-media":"","overlay-type":"","overlay-color":"","overlay-opacity":"","overlay-gradient":""},"mobile":{"background-color":"","background-image":"","background-repeat":"repeat","background-position":"center center","background-size":"auto","background-attachment":"scroll","background-type":"","background-media":"","overlay-type":"","overlay-color":"","overlay-opacity":"","overlay-gradient":""}},"ast-content-background-meta":{"desktop":{"background-color":"var(--ast-global-color-5)","background-image":"","background-repeat":"repeat","background-position":"center center","background-size":"auto","background-attachment":"scroll","background-type":"","background-media":"","overlay-type":"","overlay-color":"","overlay-opacity":"","overlay-gradient":""},"tablet":{"background-color":"var(--ast-global-color-5)","background-image":"","background-repeat":"repeat","background-position":"center center","background-size":"auto","background-attachment":"scroll","background-type":"","background-media":"","overlay-type":"","overlay-color":"","overlay-opacity":"","overlay-gradient":""},"mobile":{"background-color":"var(--ast-global-color-5)","background-image":"","background-repeat":"repeat","background-position":"center center","background-size":"auto","background-attachment":"scroll","background-type":"","background-media":"","overlay-type":"","overlay-color":"","overlay-opacity":"","overlay-gradient":""}},"footnotes":""},"class_list":["post-675","page","type-page","status-publish","hentry"],"yoast_head":"<!-- This site is optimized with the Yoast SEO plugin v27.4 - https:\/\/yoast.com\/product\/yoast-seo-wordpress\/ -->\n<title>Neutralatmosph\u00e4re - Radio Science<\/title>\n<meta name=\"description\" content=\"Die Venus-Atmosph\u00e4re ist eine extrem hei\u00dfe und dichte Atmosph\u00e4re, mit hohem Atmosph\u00e4rendruck. Sie ist wissenschaftlich sehr interessant.\" \/>\n<meta name=\"robots\" content=\"index, follow, max-snippet:-1, max-image-preview:large, max-video-preview:-1\" \/>\n<link rel=\"canonical\" href=\"https:\/\/fip-koeln.de\/en_us\/missionen-und-ziele\/venus-express\/neutralatmosphaere\/\" \/>\n<meta property=\"og:locale\" content=\"en_US\" \/>\n<meta property=\"og:type\" content=\"article\" \/>\n<meta property=\"og:title\" content=\"Neutralatmosph\u00e4re - Radio Science\" \/>\n<meta property=\"og:description\" content=\"Die Venus-Atmosph\u00e4re ist eine extrem hei\u00dfe und dichte Atmosph\u00e4re, mit hohem Atmosph\u00e4rendruck. Sie ist wissenschaftlich sehr interessant.\" \/>\n<meta property=\"og:url\" content=\"https:\/\/fip-koeln.de\/en_us\/missionen-und-ziele\/venus-express\/neutralatmosphaere\/\" \/>\n<meta property=\"og:site_name\" content=\"Radio Science\" \/>\n<meta property=\"article:modified_time\" content=\"2023-11-10T15:02:52+00:00\" \/>\n<meta name=\"twitter:card\" content=\"summary_large_image\" \/>\n<meta name=\"twitter:label1\" content=\"Est. reading time\" \/>\n\t<meta name=\"twitter:data1\" content=\"2 minutes\" \/>\n<script type=\"application\/ld+json\" class=\"yoast-schema-graph\">{\"@context\":\"https:\\\/\\\/schema.org\",\"@graph\":[{\"@type\":\"WebPage\",\"@id\":\"https:\\\/\\\/fip-koeln.de\\\/missionen-und-ziele\\\/venus-express\\\/neutralatmosphaere\\\/\",\"url\":\"https:\\\/\\\/fip-koeln.de\\\/missionen-und-ziele\\\/venus-express\\\/neutralatmosphaere\\\/\",\"name\":\"Neutralatmosph\u00e4re - Radio Science\",\"isPartOf\":{\"@id\":\"https:\\\/\\\/fip-koeln.de\\\/#website\"},\"datePublished\":\"2016-08-12T13:31:02+00:00\",\"dateModified\":\"2023-11-10T15:02:52+00:00\",\"description\":\"Die Venus-Atmosph\u00e4re ist eine extrem hei\u00dfe und dichte Atmosph\u00e4re, mit hohem Atmosph\u00e4rendruck. Sie ist wissenschaftlich sehr interessant.\",\"breadcrumb\":{\"@id\":\"https:\\\/\\\/fip-koeln.de\\\/missionen-und-ziele\\\/venus-express\\\/neutralatmosphaere\\\/#breadcrumb\"},\"inLanguage\":\"en-US\",\"potentialAction\":[{\"@type\":\"ReadAction\",\"target\":[\"https:\\\/\\\/fip-koeln.de\\\/missionen-und-ziele\\\/venus-express\\\/neutralatmosphaere\\\/\"]}]},{\"@type\":\"BreadcrumbList\",\"@id\":\"https:\\\/\\\/fip-koeln.de\\\/missionen-und-ziele\\\/venus-express\\\/neutralatmosphaere\\\/#breadcrumb\",\"itemListElement\":[{\"@type\":\"ListItem\",\"position\":1,\"name\":\"Startseite\",\"item\":\"https:\\\/\\\/fip-koeln.de\\\/\"},{\"@type\":\"ListItem\",\"position\":2,\"name\":\"Missionen und Ziele\",\"item\":\"https:\\\/\\\/fip-koeln.de\\\/missionen-und-ziele\\\/\"},{\"@type\":\"ListItem\",\"position\":3,\"name\":\"Venus Express\",\"item\":\"https:\\\/\\\/fip-koeln.de\\\/missionen-und-ziele\\\/venus-express\\\/\"},{\"@type\":\"ListItem\",\"position\":4,\"name\":\"Neutralatmosph\u00e4re\"}]},{\"@type\":\"WebSite\",\"@id\":\"https:\\\/\\\/fip-koeln.de\\\/#website\",\"url\":\"https:\\\/\\\/fip-koeln.de\\\/\",\"name\":\"Radio Science\",\"description\":\"\",\"publisher\":{\"@id\":\"https:\\\/\\\/fip-koeln.de\\\/#organization\"},\"potentialAction\":[{\"@type\":\"SearchAction\",\"target\":{\"@type\":\"EntryPoint\",\"urlTemplate\":\"https:\\\/\\\/fip-koeln.de\\\/?s={search_term_string}\"},\"query-input\":{\"@type\":\"PropertyValueSpecification\",\"valueRequired\":true,\"valueName\":\"search_term_string\"}}],\"inLanguage\":\"en-US\"},{\"@type\":\"Organization\",\"@id\":\"https:\\\/\\\/fip-koeln.de\\\/#organization\",\"name\":\"Rheinisches Institut f\u00fcr Umweltforschung Abteilung Planetenforschung\",\"url\":\"https:\\\/\\\/fip-koeln.de\\\/\",\"logo\":{\"@type\":\"ImageObject\",\"inLanguage\":\"en-US\",\"@id\":\"https:\\\/\\\/fip-koeln.de\\\/#\\\/schema\\\/logo\\\/image\\\/\",\"url\":\"https:\\\/\\\/fip-koeln.de\\\/wp-content\\\/uploads\\\/2023\\\/11\\\/favicon_radio-science.eu_.jpg\",\"contentUrl\":\"https:\\\/\\\/fip-koeln.de\\\/wp-content\\\/uploads\\\/2023\\\/11\\\/favicon_radio-science.eu_.jpg\",\"width\":400,\"height\":400,\"caption\":\"Rheinisches Institut f\u00fcr Umweltforschung Abteilung Planetenforschung\"},\"image\":{\"@id\":\"https:\\\/\\\/fip-koeln.de\\\/#\\\/schema\\\/logo\\\/image\\\/\"}}]}<\/script>\n<!-- \/ Yoast SEO plugin. -->","yoast_head_json":{"title":"Neutralatmosph\u00e4re - Radio Science","description":"Die Venus-Atmosph\u00e4re ist eine extrem hei\u00dfe und dichte Atmosph\u00e4re, mit hohem Atmosph\u00e4rendruck. Sie ist wissenschaftlich sehr interessant.","robots":{"index":"index","follow":"follow","max-snippet":"max-snippet:-1","max-image-preview":"max-image-preview:large","max-video-preview":"max-video-preview:-1"},"canonical":"https:\/\/fip-koeln.de\/en_us\/missionen-und-ziele\/venus-express\/neutralatmosphaere\/","og_locale":"en_US","og_type":"article","og_title":"Neutralatmosph\u00e4re - Radio Science","og_description":"Die Venus-Atmosph\u00e4re ist eine extrem hei\u00dfe und dichte Atmosph\u00e4re, mit hohem Atmosph\u00e4rendruck. Sie ist wissenschaftlich sehr interessant.","og_url":"https:\/\/fip-koeln.de\/en_us\/missionen-und-ziele\/venus-express\/neutralatmosphaere\/","og_site_name":"Radio Science","article_modified_time":"2023-11-10T15:02:52+00:00","twitter_card":"summary_large_image","twitter_misc":{"Est. reading time":"2 minutes"},"schema":{"@context":"https:\/\/schema.org","@graph":[{"@type":"WebPage","@id":"https:\/\/fip-koeln.de\/missionen-und-ziele\/venus-express\/neutralatmosphaere\/","url":"https:\/\/fip-koeln.de\/missionen-und-ziele\/venus-express\/neutralatmosphaere\/","name":"Neutralatmosph\u00e4re - Radio Science","isPartOf":{"@id":"https:\/\/fip-koeln.de\/#website"},"datePublished":"2016-08-12T13:31:02+00:00","dateModified":"2023-11-10T15:02:52+00:00","description":"Die Venus-Atmosph\u00e4re ist eine extrem hei\u00dfe und dichte Atmosph\u00e4re, mit hohem Atmosph\u00e4rendruck. Sie ist wissenschaftlich sehr interessant.","breadcrumb":{"@id":"https:\/\/fip-koeln.de\/missionen-und-ziele\/venus-express\/neutralatmosphaere\/#breadcrumb"},"inLanguage":"en-US","potentialAction":[{"@type":"ReadAction","target":["https:\/\/fip-koeln.de\/missionen-und-ziele\/venus-express\/neutralatmosphaere\/"]}]},{"@type":"BreadcrumbList","@id":"https:\/\/fip-koeln.de\/missionen-und-ziele\/venus-express\/neutralatmosphaere\/#breadcrumb","itemListElement":[{"@type":"ListItem","position":1,"name":"Startseite","item":"https:\/\/fip-koeln.de\/"},{"@type":"ListItem","position":2,"name":"Missionen und Ziele","item":"https:\/\/fip-koeln.de\/missionen-und-ziele\/"},{"@type":"ListItem","position":3,"name":"Venus Express","item":"https:\/\/fip-koeln.de\/missionen-und-ziele\/venus-express\/"},{"@type":"ListItem","position":4,"name":"Neutralatmosph\u00e4re"}]},{"@type":"WebSite","@id":"https:\/\/fip-koeln.de\/#website","url":"https:\/\/fip-koeln.de\/","name":"Radio Science","description":"","publisher":{"@id":"https:\/\/fip-koeln.de\/#organization"},"potentialAction":[{"@type":"SearchAction","target":{"@type":"EntryPoint","urlTemplate":"https:\/\/fip-koeln.de\/?s={search_term_string}"},"query-input":{"@type":"PropertyValueSpecification","valueRequired":true,"valueName":"search_term_string"}}],"inLanguage":"en-US"},{"@type":"Organization","@id":"https:\/\/fip-koeln.de\/#organization","name":"Rheinisches Institut f\u00fcr Umweltforschung Abteilung Planetenforschung","url":"https:\/\/fip-koeln.de\/","logo":{"@type":"ImageObject","inLanguage":"en-US","@id":"https:\/\/fip-koeln.de\/#\/schema\/logo\/image\/","url":"https:\/\/fip-koeln.de\/wp-content\/uploads\/2023\/11\/favicon_radio-science.eu_.jpg","contentUrl":"https:\/\/fip-koeln.de\/wp-content\/uploads\/2023\/11\/favicon_radio-science.eu_.jpg","width":400,"height":400,"caption":"Rheinisches Institut f\u00fcr Umweltforschung Abteilung Planetenforschung"},"image":{"@id":"https:\/\/fip-koeln.de\/#\/schema\/logo\/image\/"}}]}},"uagb_featured_image_src":{"full":false,"thumbnail":false,"medium":false,"medium_large":false,"large":false,"1536x1536":false,"2048x2048":false,"trp-custom-language-flag":false},"uagb_author_info":{"display_name":"Admin","author_link":"https:\/\/fip-koeln.de\/en_us\/author\/admin\/"},"uagb_comment_info":0,"uagb_excerpt":"Die Venus-Atmosph\u00e4re Die Venus verf\u00fcgt \u00fcber eine extrem dichte und hei\u00dfe Atmosph\u00e4re, die im Wesentlichen aus Kohlendioxid besteht. An der Oberfl\u00e4che herrschen Temperaturen von ca. 750 K (ca. 476 \u00b0C) und ein Atmosph\u00e4rendruck von 90 bar.&nbsp;&nbsp; Neben dem Hauptbestandteil CO2 (96%) besteht die Atmosph\u00e4re aus Stickstoff (3.5%), Argon und Schwefeldioxid. Venus ist eines der hellsten&hellip;","_links":{"self":[{"href":"https:\/\/fip-koeln.de\/en_us\/wp-json\/wp\/v2\/pages\/675","targetHints":{"allow":["GET"]}}],"collection":[{"href":"https:\/\/fip-koeln.de\/en_us\/wp-json\/wp\/v2\/pages"}],"about":[{"href":"https:\/\/fip-koeln.de\/en_us\/wp-json\/wp\/v2\/types\/page"}],"author":[{"embeddable":true,"href":"https:\/\/fip-koeln.de\/en_us\/wp-json\/wp\/v2\/users\/1"}],"replies":[{"embeddable":true,"href":"https:\/\/fip-koeln.de\/en_us\/wp-json\/wp\/v2\/comments?post=675"}],"version-history":[{"count":12,"href":"https:\/\/fip-koeln.de\/en_us\/wp-json\/wp\/v2\/pages\/675\/revisions"}],"predecessor-version":[{"id":1955,"href":"https:\/\/fip-koeln.de\/en_us\/wp-json\/wp\/v2\/pages\/675\/revisions\/1955"}],"up":[{"embeddable":true,"href":"https:\/\/fip-koeln.de\/en_us\/wp-json\/wp\/v2\/pages\/98"}],"wp:attachment":[{"href":"https:\/\/fip-koeln.de\/en_us\/wp-json\/wp\/v2\/media?parent=675"}],"curies":[{"name":"wp","href":"https:\/\/api.w.org\/{rel}","templated":true}]}}