{"id":76,"date":"2012-11-06T09:08:54","date_gmt":"2012-11-06T09:08:54","guid":{"rendered":"http:\/\/www.radio-science.eu\/?page_id=76"},"modified":"2023-11-13T13:15:41","modified_gmt":"2023-11-13T13:15:41","slug":"mars-express","status":"publish","type":"page","link":"https:\/\/fip-koeln.de\/en_us\/missionen-und-ziele\/mars-express\/","title":{"rendered":"Mars Express"},"content":{"rendered":"<h1 class=\"wp-block-heading\">The Mars Express Mission<\/h1>\n\n\n\n<figure class=\"wp-block-image alignright\"><a href=\"https:\/\/fip-koeln.de\/wp-content\/uploads\/2012\/11\/mex01.jpg\"><img loading=\"lazy\" decoding=\"async\" width=\"300\" height=\"300\" src=\"https:\/\/fip-koeln.de\/wp-content\/uploads\/2012\/11\/mex01-300x300.jpg\" alt=\"K\u00fcnstlerische Darstellung der europ\u00e4ischen Mars Express Raumsonde Quelle: ESA\" class=\"wp-image-80\" srcset=\"https:\/\/fip-koeln.de\/wp-content\/uploads\/2012\/11\/mex01-300x300.jpg 300w, https:\/\/fip-koeln.de\/wp-content\/uploads\/2012\/11\/mex01-150x150.jpg 150w, https:\/\/fip-koeln.de\/wp-content\/uploads\/2012\/11\/mex01-700x699.jpg 700w, https:\/\/fip-koeln.de\/wp-content\/uploads\/2012\/11\/mex01-332x331.jpg 332w, https:\/\/fip-koeln.de\/wp-content\/uploads\/2012\/11\/mex01-432x432.jpg 432w, https:\/\/fip-koeln.de\/wp-content\/uploads\/2012\/11\/mex01-268x268.jpg 268w, https:\/\/fip-koeln.de\/wp-content\/uploads\/2012\/11\/mex01.jpg 1000w\" sizes=\"auto, (max-width: 300px) 100vw, 300px\" \/><\/a><figcaption class=\"wp-element-caption\">Artist's impression of the european spacecraft Mars Express<br>Source: ESA<\/figcaption><\/figure>\n\n\n\n<p>Mars Express was launched on June 2, 2003, as the first European planetary mission to Mars from the Baikonur Cosmodrome in Kazakhstan. Since December 2003, it has been in an elliptical orbit around the Red Planet. The primary scientific objectives of the mission are to investigate the atmosphere, surface, plasma environment, and subsurface boundary layer of the planet. To achieve this, Mars Express was originally equipped with a total of seven different scientific experiments. Since 2016, efforts have also been made to utilize the Visual Monitoring Camera (VMC), originally intended only for monitoring the Beagle-2 Lander, for scientific purposes. Mars Express initially carried the Beagle 2 lander, which was designed to search for organic traces on the Martian surface. Unfortunately, contact with the lander could not be established after its deployment. Despite this initial setback, Mars Express has evolved into a highly successful mission, prompting repeated extensions beyond its initial planned duration of one Mars year (23 Earth months). As a result, Mars Express remains active even after twenty Earth years.<\/p>\n\n\n\n<h3 class=\"wp-block-heading\">Scientific experiments<\/h3>\n\n\n\n<p>The scientific experiments on Mars Express include:<\/p>\n\n\n\n<figure class=\"wp-block-table is-style-stripes\"><table><tbody><tr><th><strong>Instrument \/ Investigation<\/strong><\/th><th><strong>Name<\/strong><\/th><th><strong>Principal Investigator<\/strong><\/th><\/tr><tr><td>ASPERA<\/td><td>Energetic Neutral Atoms Analyser<\/td><td>M. Homstr\u00f6m, Sweden<\/td><\/tr><tr><td>HRSC<\/td><td>High Resolution Stereo Camera<\/td><td>T. Roatsch, Germany<\/td><\/tr><tr><td>MaRS<\/td><td>Mars Express Radio Science<\/td><td>M. P\u00e4tzold, Germany<\/td><\/tr><tr><td>MARSIS<\/td><td>Mars Advanced Radar for Subsurfaces<\/td><td>R. Orosei, Italy and J. Plaut, USA<\/td><\/tr><tr><td>PFS<\/td><td>Planetary Fourier Spectrometer and Ionospheric Sounding<\/td><td>M. Giuranna, Italy<\/td><\/tr><tr><td>SPICAM<\/td><td>UV Atmospheric Spectrometer<\/td><td>F. Montmessin, France<\/td><\/tr><tr><td>OMEGA<\/td><td>Visible and infrared mineralogical mapping spectrometer<\/td><td>J. Carter, France<\/td><\/tr><tr><td>VMC<\/td><td>Visual Monitoring Camera<\/td><td>A. S\u00e1nchez-Lavega, Spain<\/td><\/tr><\/tbody><\/table><\/figure>\n\n\n\n<p>See also:<\/p>\n\n\n\n<ul class=\"wp-block-list\">\n<li><a href=\"https:\/\/fip-koeln.de\/en_us\/missionen-und-ziele\/mars-express\/der-mars\/\">The planet Mars<\/a><\/li>\n\n\n\n<li><a href=\"https:\/\/fip-koeln.de\/en_us\/missionen-und-ziele\/mars-express\/mars-ionosphaere\/\">Ionosphere<\/a><\/li>\n\n\n\n<li><a href=\"https:\/\/fip-koeln.de\/en_us\/missionen-und-ziele\/mars-express\/staubteufel\/\">Dustdevils<\/a><\/li>\n<\/ul>","protected":false},"excerpt":{"rendered":"<p>Die Mars Express Mission Mars Express startete am 2. Juni 2003\u00a0 als erste europ\u00e4ische Planetenmission zum Mars vom Weltraumbahnhof Baikonur in Kasachstan und befindet sich seit Dezember 2003 in einem elliptischen Orbit um den roten Planeten.\u00a0 Die wissenschaftlichen Hauptziele der Mission bestehen darin, die Atmosph\u00e4re, die Oberfl\u00e4che, die Plasmaumgebung sowie die sich unter der Oberfl\u00e4che [&hellip;]<\/p>\n","protected":false},"author":1,"featured_media":0,"parent":21,"menu_order":0,"comment_status":"closed","ping_status":"closed","template":"","meta":{"_uag_custom_page_level_css":"","site-sidebar-layout":"default","site-content-layout":"","ast-site-content-layout":"default","site-content-style":"default","site-sidebar-style":"default","ast-global-header-display":"","ast-banner-title-visibility":"","ast-main-header-display":"","ast-hfb-above-header-display":"","ast-hfb-below-header-display":"","ast-hfb-mobile-header-display":"","site-post-title":"disabled","ast-breadcrumbs-content":"","ast-featured-img":"","footer-sml-layout":"","ast-disable-related-posts":"","theme-transparent-header-meta":"","adv-header-id-meta":"","stick-header-meta":"","header-above-stick-meta":"","header-main-stick-meta":"","header-below-stick-meta":"","astra-migrate-meta-layouts":"","ast-page-background-enabled":"default","ast-page-background-meta":{"desktop":{"background-color":"var(--ast-global-color-4)","background-image":"","background-repeat":"repeat","background-position":"center center","background-size":"auto","background-attachment":"scroll","background-type":"","background-media":"","overlay-type":"","overlay-color":"","overlay-opacity":"","overlay-gradient":""},"tablet":{"background-color":"","background-image":"","background-repeat":"repeat","background-position":"center center","background-size":"auto","background-attachment":"scroll","background-type":"","background-media":"","overlay-type":"","overlay-color":"","overlay-opacity":"","overlay-gradient":""},"mobile":{"background-color":"","background-image":"","background-repeat":"repeat","background-position":"center center","background-size":"auto","background-attachment":"scroll","background-type":"","background-media":"","overlay-type":"","overlay-color":"","overlay-opacity":"","overlay-gradient":""}},"ast-content-background-meta":{"desktop":{"background-color":"var(--ast-global-color-5)","background-image":"","background-repeat":"repeat","background-position":"center center","background-size":"auto","background-attachment":"scroll","background-type":"","background-media":"","overlay-type":"","overlay-color":"","overlay-opacity":"","overlay-gradient":""},"tablet":{"background-color":"var(--ast-global-color-5)","background-image":"","background-repeat":"repeat","background-position":"center center","background-size":"auto","background-attachment":"scroll","background-type":"","background-media":"","overlay-type":"","overlay-color":"","overlay-opacity":"","overlay-gradient":""},"mobile":{"background-color":"var(--ast-global-color-5)","background-image":"","background-repeat":"repeat","background-position":"center center","background-size":"auto","background-attachment":"scroll","background-type":"","background-media":"","overlay-type":"","overlay-color":"","overlay-opacity":"","overlay-gradient":""}},"footnotes":""},"class_list":["post-76","page","type-page","status-publish","hentry"],"yoast_head":"<!-- This site is optimized with the Yoast SEO plugin v27.4 - https:\/\/yoast.com\/product\/yoast-seo-wordpress\/ -->\n<title>Mars Express - Radio Science<\/title>\n<meta name=\"description\" content=\"Mars Express ist die erste europ\u00e4ische planetare Mission, deren Ziel die n\u00e4here Erforschung des Mars mithilfe der Raumsonde ist.\" \/>\n<meta name=\"robots\" content=\"index, follow, max-snippet:-1, max-image-preview:large, max-video-preview:-1\" \/>\n<link rel=\"canonical\" href=\"https:\/\/fip-koeln.de\/en_us\/missionen-und-ziele\/mars-express\/\" \/>\n<meta property=\"og:locale\" content=\"en_US\" \/>\n<meta property=\"og:type\" content=\"article\" \/>\n<meta property=\"og:title\" content=\"Mars Express - Radio Science\" \/>\n<meta property=\"og:description\" content=\"Mars Express ist die erste europ\u00e4ische planetare Mission, deren Ziel die n\u00e4here Erforschung des Mars mithilfe der Raumsonde ist.\" \/>\n<meta property=\"og:url\" content=\"https:\/\/fip-koeln.de\/en_us\/missionen-und-ziele\/mars-express\/\" \/>\n<meta property=\"og:site_name\" content=\"Radio Science\" \/>\n<meta property=\"article:modified_time\" content=\"2023-11-13T13:15:41+00:00\" \/>\n<meta property=\"og:image\" content=\"https:\/\/fip-koeln.de\/wp-content\/uploads\/2012\/11\/mex01-300x300.jpg\" \/>\n<meta name=\"twitter:card\" content=\"summary_large_image\" \/>\n<meta name=\"twitter:label1\" content=\"Est. reading time\" \/>\n\t<meta name=\"twitter:data1\" content=\"2 minutes\" \/>\n<script type=\"application\/ld+json\" class=\"yoast-schema-graph\">{\"@context\":\"https:\\\/\\\/schema.org\",\"@graph\":[{\"@type\":\"WebPage\",\"@id\":\"https:\\\/\\\/fip-koeln.de\\\/missionen-und-ziele\\\/mars-express\\\/\",\"url\":\"https:\\\/\\\/fip-koeln.de\\\/missionen-und-ziele\\\/mars-express\\\/\",\"name\":\"Mars Express - Radio Science\",\"isPartOf\":{\"@id\":\"https:\\\/\\\/fip-koeln.de\\\/#website\"},\"primaryImageOfPage\":{\"@id\":\"https:\\\/\\\/fip-koeln.de\\\/missionen-und-ziele\\\/mars-express\\\/#primaryimage\"},\"image\":{\"@id\":\"https:\\\/\\\/fip-koeln.de\\\/missionen-und-ziele\\\/mars-express\\\/#primaryimage\"},\"thumbnailUrl\":\"https:\\\/\\\/fip-koeln.de\\\/wp-content\\\/uploads\\\/2012\\\/11\\\/mex01-300x300.jpg\",\"datePublished\":\"2012-11-06T09:08:54+00:00\",\"dateModified\":\"2023-11-13T13:15:41+00:00\",\"description\":\"Mars Express ist die erste europ\u00e4ische planetare Mission, deren Ziel die n\u00e4here Erforschung des Mars mithilfe der Raumsonde ist.\",\"breadcrumb\":{\"@id\":\"https:\\\/\\\/fip-koeln.de\\\/missionen-und-ziele\\\/mars-express\\\/#breadcrumb\"},\"inLanguage\":\"en-US\",\"potentialAction\":[{\"@type\":\"ReadAction\",\"target\":[\"https:\\\/\\\/fip-koeln.de\\\/missionen-und-ziele\\\/mars-express\\\/\"]}]},{\"@type\":\"ImageObject\",\"inLanguage\":\"en-US\",\"@id\":\"https:\\\/\\\/fip-koeln.de\\\/missionen-und-ziele\\\/mars-express\\\/#primaryimage\",\"url\":\"https:\\\/\\\/fip-koeln.de\\\/wp-content\\\/uploads\\\/2012\\\/11\\\/mex01-300x300.jpg\",\"contentUrl\":\"https:\\\/\\\/fip-koeln.de\\\/wp-content\\\/uploads\\\/2012\\\/11\\\/mex01-300x300.jpg\"},{\"@type\":\"BreadcrumbList\",\"@id\":\"https:\\\/\\\/fip-koeln.de\\\/missionen-und-ziele\\\/mars-express\\\/#breadcrumb\",\"itemListElement\":[{\"@type\":\"ListItem\",\"position\":1,\"name\":\"Startseite\",\"item\":\"https:\\\/\\\/fip-koeln.de\\\/\"},{\"@type\":\"ListItem\",\"position\":2,\"name\":\"Missionen und Ziele\",\"item\":\"https:\\\/\\\/fip-koeln.de\\\/missionen-und-ziele\\\/\"},{\"@type\":\"ListItem\",\"position\":3,\"name\":\"Mars Express\"}]},{\"@type\":\"WebSite\",\"@id\":\"https:\\\/\\\/fip-koeln.de\\\/#website\",\"url\":\"https:\\\/\\\/fip-koeln.de\\\/\",\"name\":\"Radio Science\",\"description\":\"\",\"publisher\":{\"@id\":\"https:\\\/\\\/fip-koeln.de\\\/#organization\"},\"potentialAction\":[{\"@type\":\"SearchAction\",\"target\":{\"@type\":\"EntryPoint\",\"urlTemplate\":\"https:\\\/\\\/fip-koeln.de\\\/?s={search_term_string}\"},\"query-input\":{\"@type\":\"PropertyValueSpecification\",\"valueRequired\":true,\"valueName\":\"search_term_string\"}}],\"inLanguage\":\"en-US\"},{\"@type\":\"Organization\",\"@id\":\"https:\\\/\\\/fip-koeln.de\\\/#organization\",\"name\":\"Rheinisches Institut f\u00fcr Umweltforschung Abteilung Planetenforschung\",\"url\":\"https:\\\/\\\/fip-koeln.de\\\/\",\"logo\":{\"@type\":\"ImageObject\",\"inLanguage\":\"en-US\",\"@id\":\"https:\\\/\\\/fip-koeln.de\\\/#\\\/schema\\\/logo\\\/image\\\/\",\"url\":\"https:\\\/\\\/fip-koeln.de\\\/wp-content\\\/uploads\\\/2023\\\/11\\\/favicon_radio-science.eu_.jpg\",\"contentUrl\":\"https:\\\/\\\/fip-koeln.de\\\/wp-content\\\/uploads\\\/2023\\\/11\\\/favicon_radio-science.eu_.jpg\",\"width\":400,\"height\":400,\"caption\":\"Rheinisches Institut f\u00fcr Umweltforschung Abteilung Planetenforschung\"},\"image\":{\"@id\":\"https:\\\/\\\/fip-koeln.de\\\/#\\\/schema\\\/logo\\\/image\\\/\"}}]}<\/script>\n<!-- \/ Yoast SEO plugin. -->","yoast_head_json":{"title":"Mars Express - Radio Science","description":"Mars Express ist die erste europ\u00e4ische planetare Mission, deren Ziel die n\u00e4here Erforschung des Mars mithilfe der Raumsonde ist.","robots":{"index":"index","follow":"follow","max-snippet":"max-snippet:-1","max-image-preview":"max-image-preview:large","max-video-preview":"max-video-preview:-1"},"canonical":"https:\/\/fip-koeln.de\/en_us\/missionen-und-ziele\/mars-express\/","og_locale":"en_US","og_type":"article","og_title":"Mars Express - Radio Science","og_description":"Mars Express ist die erste europ\u00e4ische planetare Mission, deren Ziel die n\u00e4here Erforschung des Mars mithilfe der Raumsonde ist.","og_url":"https:\/\/fip-koeln.de\/en_us\/missionen-und-ziele\/mars-express\/","og_site_name":"Radio Science","article_modified_time":"2023-11-13T13:15:41+00:00","og_image":[{"url":"https:\/\/fip-koeln.de\/wp-content\/uploads\/2012\/11\/mex01-300x300.jpg","type":"","width":"","height":""}],"twitter_card":"summary_large_image","twitter_misc":{"Est. reading time":"2 minutes"},"schema":{"@context":"https:\/\/schema.org","@graph":[{"@type":"WebPage","@id":"https:\/\/fip-koeln.de\/missionen-und-ziele\/mars-express\/","url":"https:\/\/fip-koeln.de\/missionen-und-ziele\/mars-express\/","name":"Mars Express - Radio Science","isPartOf":{"@id":"https:\/\/fip-koeln.de\/#website"},"primaryImageOfPage":{"@id":"https:\/\/fip-koeln.de\/missionen-und-ziele\/mars-express\/#primaryimage"},"image":{"@id":"https:\/\/fip-koeln.de\/missionen-und-ziele\/mars-express\/#primaryimage"},"thumbnailUrl":"https:\/\/fip-koeln.de\/wp-content\/uploads\/2012\/11\/mex01-300x300.jpg","datePublished":"2012-11-06T09:08:54+00:00","dateModified":"2023-11-13T13:15:41+00:00","description":"Mars Express ist die erste europ\u00e4ische planetare Mission, deren Ziel die n\u00e4here Erforschung des Mars mithilfe der Raumsonde ist.","breadcrumb":{"@id":"https:\/\/fip-koeln.de\/missionen-und-ziele\/mars-express\/#breadcrumb"},"inLanguage":"en-US","potentialAction":[{"@type":"ReadAction","target":["https:\/\/fip-koeln.de\/missionen-und-ziele\/mars-express\/"]}]},{"@type":"ImageObject","inLanguage":"en-US","@id":"https:\/\/fip-koeln.de\/missionen-und-ziele\/mars-express\/#primaryimage","url":"https:\/\/fip-koeln.de\/wp-content\/uploads\/2012\/11\/mex01-300x300.jpg","contentUrl":"https:\/\/fip-koeln.de\/wp-content\/uploads\/2012\/11\/mex01-300x300.jpg"},{"@type":"BreadcrumbList","@id":"https:\/\/fip-koeln.de\/missionen-und-ziele\/mars-express\/#breadcrumb","itemListElement":[{"@type":"ListItem","position":1,"name":"Startseite","item":"https:\/\/fip-koeln.de\/"},{"@type":"ListItem","position":2,"name":"Missionen und Ziele","item":"https:\/\/fip-koeln.de\/missionen-und-ziele\/"},{"@type":"ListItem","position":3,"name":"Mars Express"}]},{"@type":"WebSite","@id":"https:\/\/fip-koeln.de\/#website","url":"https:\/\/fip-koeln.de\/","name":"Radio Science","description":"","publisher":{"@id":"https:\/\/fip-koeln.de\/#organization"},"potentialAction":[{"@type":"SearchAction","target":{"@type":"EntryPoint","urlTemplate":"https:\/\/fip-koeln.de\/?s={search_term_string}"},"query-input":{"@type":"PropertyValueSpecification","valueRequired":true,"valueName":"search_term_string"}}],"inLanguage":"en-US"},{"@type":"Organization","@id":"https:\/\/fip-koeln.de\/#organization","name":"Rheinisches Institut f\u00fcr Umweltforschung Abteilung Planetenforschung","url":"https:\/\/fip-koeln.de\/","logo":{"@type":"ImageObject","inLanguage":"en-US","@id":"https:\/\/fip-koeln.de\/#\/schema\/logo\/image\/","url":"https:\/\/fip-koeln.de\/wp-content\/uploads\/2023\/11\/favicon_radio-science.eu_.jpg","contentUrl":"https:\/\/fip-koeln.de\/wp-content\/uploads\/2023\/11\/favicon_radio-science.eu_.jpg","width":400,"height":400,"caption":"Rheinisches Institut f\u00fcr Umweltforschung Abteilung Planetenforschung"},"image":{"@id":"https:\/\/fip-koeln.de\/#\/schema\/logo\/image\/"}}]}},"uagb_featured_image_src":{"full":false,"thumbnail":false,"medium":false,"medium_large":false,"large":false,"1536x1536":false,"2048x2048":false,"trp-custom-language-flag":false},"uagb_author_info":{"display_name":"Admin","author_link":"https:\/\/fip-koeln.de\/en_us\/author\/admin\/"},"uagb_comment_info":0,"uagb_excerpt":"Die Mars Express Mission Mars Express startete am 2. Juni 2003\u00a0 als erste europ\u00e4ische Planetenmission zum Mars vom Weltraumbahnhof Baikonur in Kasachstan und befindet sich seit Dezember 2003 in einem elliptischen Orbit um den roten Planeten.\u00a0 Die wissenschaftlichen Hauptziele der Mission bestehen darin, die Atmosph\u00e4re, die Oberfl\u00e4che, die Plasmaumgebung sowie die sich unter der Oberfl\u00e4che&hellip;","_links":{"self":[{"href":"https:\/\/fip-koeln.de\/en_us\/wp-json\/wp\/v2\/pages\/76","targetHints":{"allow":["GET"]}}],"collection":[{"href":"https:\/\/fip-koeln.de\/en_us\/wp-json\/wp\/v2\/pages"}],"about":[{"href":"https:\/\/fip-koeln.de\/en_us\/wp-json\/wp\/v2\/types\/page"}],"author":[{"embeddable":true,"href":"https:\/\/fip-koeln.de\/en_us\/wp-json\/wp\/v2\/users\/1"}],"replies":[{"embeddable":true,"href":"https:\/\/fip-koeln.de\/en_us\/wp-json\/wp\/v2\/comments?post=76"}],"version-history":[{"count":33,"href":"https:\/\/fip-koeln.de\/en_us\/wp-json\/wp\/v2\/pages\/76\/revisions"}],"predecessor-version":[{"id":2064,"href":"https:\/\/fip-koeln.de\/en_us\/wp-json\/wp\/v2\/pages\/76\/revisions\/2064"}],"up":[{"embeddable":true,"href":"https:\/\/fip-koeln.de\/en_us\/wp-json\/wp\/v2\/pages\/21"}],"wp:attachment":[{"href":"https:\/\/fip-koeln.de\/en_us\/wp-json\/wp\/v2\/media?parent=76"}],"curies":[{"name":"wp","href":"https:\/\/api.w.org\/{rel}","templated":true}]}}