{"id":946,"date":"2016-08-12T13:35:08","date_gmt":"2016-08-12T13:35:08","guid":{"rendered":"http:\/\/www.radio-science.eu\/?page_id=946"},"modified":"2023-11-10T15:55:06","modified_gmt":"2023-11-10T15:55:06","slug":"weltraummissionen","status":"publish","type":"page","link":"https:\/\/fip-koeln.de\/en_us\/missionen-und-ziele\/corot\/weltraummissionen\/","title":{"rendered":"Space missions"},"content":{"rendered":"<p>Space telescopes like CoRoT, Kepler and PLATO use the transit method to search for exoplanets. Why does it have so many benefits to use space telescopes to search for exoplanets?<\/p>\n\n\n\n<p>It is the lack of an observing disturbing atmosphere and the independence of day and weather.<\/p>\n\n\n\n<p>Figure 1:<\/p>\n\n\n\n<figure class=\"wp-block-image\"><a href=\"https:\/\/fip-koeln.de\/wp-content\/uploads\/2015\/06\/image13.png\"><img decoding=\"async\" src=\"https:\/\/fip-koeln.de\/wp-content\/uploads\/2015\/06\/image13-300x137.png\" alt=\"image13\"\/><\/a><\/figure>\n\n\n\n<figure class=\"wp-block-image\"><a href=\"https:\/\/fip-koeln.de\/wp-content\/uploads\/2015\/06\/image14.png\"><img decoding=\"async\" src=\"https:\/\/fip-koeln.de\/wp-content\/uploads\/2015\/06\/image14-300x194.png\" alt=\"image14\"\/><\/a><\/figure>\n\n\n\n<p>The transit method is also used from Earth to search for exoplanets (e.g. TrES, OGLE, WASP, SuperWASP). However due to the disturbing atmosphere the resolution of the light curves is only sufficient to discover large Jupiter-like gas giants. Figure 1 shows a phase stacked light curve with the transit of the Jupiter-sized planet TrES-2b orbiting the star on a 2.47-day orbit. This light curve was monitored with a ground based telescope. The Transit with a depth of 1% is clearly identified. However, it is obvious that the resolution is not sufficient to detect the transit of an Earth-like planet with a hundredth of that depth.<\/p>\n\n\n\n<figure class=\"wp-block-image\"><a href=\"https:\/\/fip-koeln.de\/wp-content\/uploads\/2015\/06\/image14.png\"><img decoding=\"async\" src=\"https:\/\/fip-koeln.de\/wp-content\/uploads\/2015\/06\/image14-300x194.png\" alt=\"image14\"\/><\/a><\/figure>\n\n\n\n<p>The figure above shows the same transit this time monitored with the Kepler space telescope. Without an atmosphere the noise of the light curve is reduced by a factor of 100. This resolution is sufficient to detect Earth-like planets. The high resolution is also useful to study variabilities of stars. Therefore, these space telescopes are also used to study stellar pulsation, star spots and outbreaks of various stars.<\/p>\n\n\n\n<figure class=\"wp-block-image\"><a href=\"https:\/\/fip-koeln.de\/wp-content\/uploads\/2015\/06\/image13.png\"><img decoding=\"async\" src=\"https:\/\/fip-koeln.de\/wp-content\/uploads\/2015\/06\/image13-300x137.png\" alt=\"image13\"\/><\/a><\/figure>\n\n\n\n<p>To search for exoplanets, one or more telescopes with large field of view are used. Large star Fields including 10000-100000 stars can be observed simultaneously using CCD cameras in the optical (or near infrared).  Images are taken in seconds or minutes intervals regardless of day \/ night change or weather. Then the light curves of individual stars are generated from these images by using masks. These light curves are filtered using computer algorithms and automatically searched for transits. The planet candidates found in this manner are then usually observed with ground-based telescopes, to fully characterize the planet.<br>Two dedicated space telescopes were started to search for extrasolar planets (CoRoT and Kepler). Often 20 years pass from the first idea to the start of a space mission. CoRoT was planned as a French mission of CNES for seismic exploration of stars. After the discovery of the first exoplanet in 1995, the concept involving ESA and institutions of other states has been extended to the search for extrasolar planets. Thus, Europe has launched the first space telescope to search for extrasolar planets. Three German institutions were involved in this mission:<\/p>\n\n\n\n<ul class=\"wp-block-list\">\n<li>DLR Berlin, Institut f\u00fcr Planetenforschung<\/li>\n\n\n\n<li>Th\u00fcringer Landessternwarte Tautenburg<\/li>\n\n\n\n<li>Rheinisches Institut f\u00fcr Umweltforschung, Abteilung Planetenforschung an der Universit\u00e4t zu K\u00f6ln (RIU-PF)<\/li>\n<\/ul>\n\n\n\n<p>Beside a countless number of planetary candidates and 35 confirmed planets CoRoT discovered the first rocky planet (CoRoT-7b). Unfortunately, the telescope went out of service at the end of 2012 due to a technical failure.<br>2009 NASA launched the space telescope KEPLER which was dedicated for the search of exoplanets.<\/p>\n\n\n\n<p>This space telescope larger than CoRoT has discovered a large number of exoplanets. Also, the RIU-PF has processed the publicly available Kepler data. We were able to confirm most of the discoveries and have discovered a large number of additional planets. Unfortunately, also the Kepler telescope experienced a technical failure in 2013. In 2014 the mission now called K2 was resumed using a different observing strategy. Currently K2 is the only active space telescope dedicated for the search of exoplanets. RIU-PF is searching for exoplanets in K2 light curves as part of the KEST collaboration.<\/p>\n\n\n\n<p>Through the success of these two telescopes other missions are planned for the future:<\/p>\n\n\n\n<ul class=\"wp-block-list\">\n<li>CHEOPS<br>CHEOPS is the first S-class mission (small) from ESA to be launched in 2017. The telescope will be mainly used to determine the radii of exoplanets from light curves that have been discovered before with the RV method.<\/li>\n\n\n\n<li>TESS<br>Der &#8222;Transiting Exoplanet Survey Satellite&#8220; (TESS) ist eine neue NASA Mission dessen Start f\u00fcr 2017 vorgesehen ist. Mit vier auf dem Satelliten montierten Teleskopen sollen im Verlauf der Mission 500000 Sterne beobachtet werden. Im Gegensatz zur Kepler Mission kann die NASA dieses Mal hellere Sterne ausw\u00e4hlen um eine bessere Charakterisierung der Transits und die Nachbeobachtung mit bodengest\u00fctzten Teleskopen f\u00fcr alle Exoplanetenkandidaten zu erm\u00f6glichen.&nbsp; Gleichzeitig soll TESS Ziele f\u00fcr das James Webb Space Teleskop (JWST) ausw\u00e4hlen.<\/li>\n\n\n\n<li>JWST<br>The James Webb Space Telescope (launch 2018) is the official successor of the Hubble Space Telescope and will be equipped with a 6.5 m main mirror. The telescope will observe in the near and mid-infrared spectra and will be also equipped with a powerful spectrograph. The telescope has been developed under the direction of NASA in cooperation with other States as well as the ESA. The development and maintenance of this powerful telescope is expected to cost $ 8.8 billion (JWST Advisory Committee April 2014). This powerful telescope is used for many different astrophysical objectives. Part of the available observation time however is dedicated to the search and observation of exoplanets.<\/li>\n\n\n\n<li>PLATO<br>PLATO (&#8222;Planetary Transits and Oscillations of stars&#8220;) ist ein geplantes Weltraumteleskop der ESA zur Suche nach Exoplaneten, welches als M-Klasse Mission (medium) im Februar 2014 ausgew\u00e4hlt worden ist. Es steht unter der Leitung von Heike Rauer vom Institut f\u00fcr Planetenforschung des DLR Berlin. Auch das Rheinische Institut f\u00fcr Umweltforschung, Abteilung Planetenforschung ist an der Mission beteiligt.<\/li>\n<\/ul>\n\n\n\n<p>The launch of PLATO is planned for 2022-2024.<!--:--><!--:en--><\/p>","protected":false},"excerpt":{"rendered":"<p>Weltraumteleskope wie CoRoT, Kepler und PLATO verwenden die Transitmethode um nach Exoplaneten zu suchen. Warum bringt es so viele Vorteile, Weltraumteleskope f\u00fcr die Suche nach Exoplaneten einzusetzen? Das Fehlen einer die Beobachtung st\u00f6renden Atmosph\u00e4re und die Unabh\u00e4ngigkeit von Tageszeit und Wetter. Abbildung 1: Auch von der Erde aus wird mit Hilfe der Transitmethode nach Exoplaneten [&hellip;]<\/p>\n","protected":false},"author":1,"featured_media":0,"parent":103,"menu_order":0,"comment_status":"closed","ping_status":"closed","template":"","meta":{"_uag_custom_page_level_css":"","site-sidebar-layout":"default","site-content-layout":"","ast-site-content-layout":"default","site-content-style":"default","site-sidebar-style":"default","ast-global-header-display":"","ast-banner-title-visibility":"","ast-main-header-display":"","ast-hfb-above-header-display":"","ast-hfb-below-header-display":"","ast-hfb-mobile-header-display":"","site-post-title":"","ast-breadcrumbs-content":"","ast-featured-img":"","footer-sml-layout":"","ast-disable-related-posts":"","theme-transparent-header-meta":"","adv-header-id-meta":"","stick-header-meta":"","header-above-stick-meta":"","header-main-stick-meta":"","header-below-stick-meta":"","astra-migrate-meta-layouts":"default","ast-page-background-enabled":"default","ast-page-background-meta":{"desktop":{"background-color":"var(--ast-global-color-4)","background-image":"","background-repeat":"repeat","background-position":"center center","background-size":"auto","background-attachment":"scroll","background-type":"","background-media":"","overlay-type":"","overlay-color":"","overlay-opacity":"","overlay-gradient":""},"tablet":{"background-color":"","background-image":"","background-repeat":"repeat","background-position":"center center","background-size":"auto","background-attachment":"scroll","background-type":"","background-media":"","overlay-type":"","overlay-color":"","overlay-opacity":"","overlay-gradient":""},"mobile":{"background-color":"","background-image":"","background-repeat":"repeat","background-position":"center center","background-size":"auto","background-attachment":"scroll","background-type":"","background-media":"","overlay-type":"","overlay-color":"","overlay-opacity":"","overlay-gradient":""}},"ast-content-background-meta":{"desktop":{"background-color":"var(--ast-global-color-5)","background-image":"","background-repeat":"repeat","background-position":"center center","background-size":"auto","background-attachment":"scroll","background-type":"","background-media":"","overlay-type":"","overlay-color":"","overlay-opacity":"","overlay-gradient":""},"tablet":{"background-color":"var(--ast-global-color-5)","background-image":"","background-repeat":"repeat","background-position":"center center","background-size":"auto","background-attachment":"scroll","background-type":"","background-media":"","overlay-type":"","overlay-color":"","overlay-opacity":"","overlay-gradient":""},"mobile":{"background-color":"var(--ast-global-color-5)","background-image":"","background-repeat":"repeat","background-position":"center center","background-size":"auto","background-attachment":"scroll","background-type":"","background-media":"","overlay-type":"","overlay-color":"","overlay-opacity":"","overlay-gradient":""}},"footnotes":""},"class_list":["post-946","page","type-page","status-publish","hentry"],"yoast_head":"<!-- This site is optimized with the Yoast SEO plugin v27.4 - https:\/\/yoast.com\/product\/yoast-seo-wordpress\/ -->\n<title>Weltraummissionen - Radio Science<\/title>\n<meta name=\"description\" content=\"Weltraummissionen haben gegen\u00fcber Bodenbeobachtungen einige Vorteile, insbesondere aufgrund der geringeren St\u00f6rung.\" \/>\n<meta name=\"robots\" content=\"index, follow, max-snippet:-1, max-image-preview:large, max-video-preview:-1\" \/>\n<link rel=\"canonical\" href=\"https:\/\/fip-koeln.de\/en_us\/missionen-und-ziele\/corot\/weltraummissionen\/\" \/>\n<meta property=\"og:locale\" content=\"en_US\" \/>\n<meta property=\"og:type\" content=\"article\" \/>\n<meta property=\"og:title\" content=\"Weltraummissionen - Radio Science\" \/>\n<meta property=\"og:description\" content=\"Weltraummissionen haben gegen\u00fcber Bodenbeobachtungen einige Vorteile, insbesondere aufgrund der geringeren St\u00f6rung.\" \/>\n<meta property=\"og:url\" content=\"https:\/\/fip-koeln.de\/en_us\/missionen-und-ziele\/corot\/weltraummissionen\/\" \/>\n<meta property=\"og:site_name\" content=\"Radio Science\" \/>\n<meta property=\"article:modified_time\" content=\"2023-11-10T15:55:06+00:00\" \/>\n<meta property=\"og:image\" content=\"https:\/\/fip-koeln.de\/wp-content\/uploads\/2015\/06\/image13-300x137.png\" \/>\n<meta name=\"twitter:card\" content=\"summary_large_image\" \/>\n<meta name=\"twitter:label1\" content=\"Est. reading time\" \/>\n\t<meta name=\"twitter:data1\" content=\"6 minutes\" \/>\n<script type=\"application\/ld+json\" class=\"yoast-schema-graph\">{\"@context\":\"https:\\\/\\\/schema.org\",\"@graph\":[{\"@type\":\"WebPage\",\"@id\":\"https:\\\/\\\/fip-koeln.de\\\/missionen-und-ziele\\\/corot\\\/weltraummissionen\\\/\",\"url\":\"https:\\\/\\\/fip-koeln.de\\\/missionen-und-ziele\\\/corot\\\/weltraummissionen\\\/\",\"name\":\"Weltraummissionen - Radio Science\",\"isPartOf\":{\"@id\":\"https:\\\/\\\/fip-koeln.de\\\/#website\"},\"primaryImageOfPage\":{\"@id\":\"https:\\\/\\\/fip-koeln.de\\\/missionen-und-ziele\\\/corot\\\/weltraummissionen\\\/#primaryimage\"},\"image\":{\"@id\":\"https:\\\/\\\/fip-koeln.de\\\/missionen-und-ziele\\\/corot\\\/weltraummissionen\\\/#primaryimage\"},\"thumbnailUrl\":\"https:\\\/\\\/fip-koeln.de\\\/wp-content\\\/uploads\\\/2015\\\/06\\\/image13-300x137.png\",\"datePublished\":\"2016-08-12T13:35:08+00:00\",\"dateModified\":\"2023-11-10T15:55:06+00:00\",\"description\":\"Weltraummissionen haben gegen\u00fcber Bodenbeobachtungen einige Vorteile, insbesondere aufgrund der geringeren St\u00f6rung.\",\"breadcrumb\":{\"@id\":\"https:\\\/\\\/fip-koeln.de\\\/missionen-und-ziele\\\/corot\\\/weltraummissionen\\\/#breadcrumb\"},\"inLanguage\":\"en-US\",\"potentialAction\":[{\"@type\":\"ReadAction\",\"target\":[\"https:\\\/\\\/fip-koeln.de\\\/missionen-und-ziele\\\/corot\\\/weltraummissionen\\\/\"]}]},{\"@type\":\"ImageObject\",\"inLanguage\":\"en-US\",\"@id\":\"https:\\\/\\\/fip-koeln.de\\\/missionen-und-ziele\\\/corot\\\/weltraummissionen\\\/#primaryimage\",\"url\":\"https:\\\/\\\/fip-koeln.de\\\/wp-content\\\/uploads\\\/2015\\\/06\\\/image13-300x137.png\",\"contentUrl\":\"https:\\\/\\\/fip-koeln.de\\\/wp-content\\\/uploads\\\/2015\\\/06\\\/image13-300x137.png\"},{\"@type\":\"BreadcrumbList\",\"@id\":\"https:\\\/\\\/fip-koeln.de\\\/missionen-und-ziele\\\/corot\\\/weltraummissionen\\\/#breadcrumb\",\"itemListElement\":[{\"@type\":\"ListItem\",\"position\":1,\"name\":\"Startseite\",\"item\":\"https:\\\/\\\/fip-koeln.de\\\/\"},{\"@type\":\"ListItem\",\"position\":2,\"name\":\"Missionen und Ziele\",\"item\":\"https:\\\/\\\/fip-koeln.de\\\/missionen-und-ziele\\\/\"},{\"@type\":\"ListItem\",\"position\":3,\"name\":\"CoRot\",\"item\":\"https:\\\/\\\/fip-koeln.de\\\/missionen-und-ziele\\\/corot\\\/\"},{\"@type\":\"ListItem\",\"position\":4,\"name\":\"Weltraummissionen\"}]},{\"@type\":\"WebSite\",\"@id\":\"https:\\\/\\\/fip-koeln.de\\\/#website\",\"url\":\"https:\\\/\\\/fip-koeln.de\\\/\",\"name\":\"Radio Science\",\"description\":\"\",\"publisher\":{\"@id\":\"https:\\\/\\\/fip-koeln.de\\\/#organization\"},\"potentialAction\":[{\"@type\":\"SearchAction\",\"target\":{\"@type\":\"EntryPoint\",\"urlTemplate\":\"https:\\\/\\\/fip-koeln.de\\\/?s={search_term_string}\"},\"query-input\":{\"@type\":\"PropertyValueSpecification\",\"valueRequired\":true,\"valueName\":\"search_term_string\"}}],\"inLanguage\":\"en-US\"},{\"@type\":\"Organization\",\"@id\":\"https:\\\/\\\/fip-koeln.de\\\/#organization\",\"name\":\"Rheinisches Institut f\u00fcr Umweltforschung Abteilung Planetenforschung\",\"url\":\"https:\\\/\\\/fip-koeln.de\\\/\",\"logo\":{\"@type\":\"ImageObject\",\"inLanguage\":\"en-US\",\"@id\":\"https:\\\/\\\/fip-koeln.de\\\/#\\\/schema\\\/logo\\\/image\\\/\",\"url\":\"https:\\\/\\\/fip-koeln.de\\\/wp-content\\\/uploads\\\/2023\\\/11\\\/favicon_radio-science.eu_.jpg\",\"contentUrl\":\"https:\\\/\\\/fip-koeln.de\\\/wp-content\\\/uploads\\\/2023\\\/11\\\/favicon_radio-science.eu_.jpg\",\"width\":400,\"height\":400,\"caption\":\"Rheinisches Institut f\u00fcr Umweltforschung Abteilung Planetenforschung\"},\"image\":{\"@id\":\"https:\\\/\\\/fip-koeln.de\\\/#\\\/schema\\\/logo\\\/image\\\/\"}}]}<\/script>\n<!-- \/ Yoast SEO plugin. -->","yoast_head_json":{"title":"Weltraummissionen - Radio Science","description":"Weltraummissionen haben gegen\u00fcber Bodenbeobachtungen einige Vorteile, insbesondere aufgrund der geringeren St\u00f6rung.","robots":{"index":"index","follow":"follow","max-snippet":"max-snippet:-1","max-image-preview":"max-image-preview:large","max-video-preview":"max-video-preview:-1"},"canonical":"https:\/\/fip-koeln.de\/en_us\/missionen-und-ziele\/corot\/weltraummissionen\/","og_locale":"en_US","og_type":"article","og_title":"Weltraummissionen - Radio Science","og_description":"Weltraummissionen haben gegen\u00fcber Bodenbeobachtungen einige Vorteile, insbesondere aufgrund der geringeren St\u00f6rung.","og_url":"https:\/\/fip-koeln.de\/en_us\/missionen-und-ziele\/corot\/weltraummissionen\/","og_site_name":"Radio Science","article_modified_time":"2023-11-10T15:55:06+00:00","og_image":[{"url":"https:\/\/fip-koeln.de\/wp-content\/uploads\/2015\/06\/image13-300x137.png","type":"","width":"","height":""}],"twitter_card":"summary_large_image","twitter_misc":{"Est. reading time":"6 minutes"},"schema":{"@context":"https:\/\/schema.org","@graph":[{"@type":"WebPage","@id":"https:\/\/fip-koeln.de\/missionen-und-ziele\/corot\/weltraummissionen\/","url":"https:\/\/fip-koeln.de\/missionen-und-ziele\/corot\/weltraummissionen\/","name":"Weltraummissionen - Radio Science","isPartOf":{"@id":"https:\/\/fip-koeln.de\/#website"},"primaryImageOfPage":{"@id":"https:\/\/fip-koeln.de\/missionen-und-ziele\/corot\/weltraummissionen\/#primaryimage"},"image":{"@id":"https:\/\/fip-koeln.de\/missionen-und-ziele\/corot\/weltraummissionen\/#primaryimage"},"thumbnailUrl":"https:\/\/fip-koeln.de\/wp-content\/uploads\/2015\/06\/image13-300x137.png","datePublished":"2016-08-12T13:35:08+00:00","dateModified":"2023-11-10T15:55:06+00:00","description":"Weltraummissionen haben gegen\u00fcber Bodenbeobachtungen einige Vorteile, insbesondere aufgrund der geringeren St\u00f6rung.","breadcrumb":{"@id":"https:\/\/fip-koeln.de\/missionen-und-ziele\/corot\/weltraummissionen\/#breadcrumb"},"inLanguage":"en-US","potentialAction":[{"@type":"ReadAction","target":["https:\/\/fip-koeln.de\/missionen-und-ziele\/corot\/weltraummissionen\/"]}]},{"@type":"ImageObject","inLanguage":"en-US","@id":"https:\/\/fip-koeln.de\/missionen-und-ziele\/corot\/weltraummissionen\/#primaryimage","url":"https:\/\/fip-koeln.de\/wp-content\/uploads\/2015\/06\/image13-300x137.png","contentUrl":"https:\/\/fip-koeln.de\/wp-content\/uploads\/2015\/06\/image13-300x137.png"},{"@type":"BreadcrumbList","@id":"https:\/\/fip-koeln.de\/missionen-und-ziele\/corot\/weltraummissionen\/#breadcrumb","itemListElement":[{"@type":"ListItem","position":1,"name":"Startseite","item":"https:\/\/fip-koeln.de\/"},{"@type":"ListItem","position":2,"name":"Missionen und Ziele","item":"https:\/\/fip-koeln.de\/missionen-und-ziele\/"},{"@type":"ListItem","position":3,"name":"CoRot","item":"https:\/\/fip-koeln.de\/missionen-und-ziele\/corot\/"},{"@type":"ListItem","position":4,"name":"Weltraummissionen"}]},{"@type":"WebSite","@id":"https:\/\/fip-koeln.de\/#website","url":"https:\/\/fip-koeln.de\/","name":"Radio Science","description":"","publisher":{"@id":"https:\/\/fip-koeln.de\/#organization"},"potentialAction":[{"@type":"SearchAction","target":{"@type":"EntryPoint","urlTemplate":"https:\/\/fip-koeln.de\/?s={search_term_string}"},"query-input":{"@type":"PropertyValueSpecification","valueRequired":true,"valueName":"search_term_string"}}],"inLanguage":"en-US"},{"@type":"Organization","@id":"https:\/\/fip-koeln.de\/#organization","name":"Rheinisches Institut f\u00fcr Umweltforschung Abteilung Planetenforschung","url":"https:\/\/fip-koeln.de\/","logo":{"@type":"ImageObject","inLanguage":"en-US","@id":"https:\/\/fip-koeln.de\/#\/schema\/logo\/image\/","url":"https:\/\/fip-koeln.de\/wp-content\/uploads\/2023\/11\/favicon_radio-science.eu_.jpg","contentUrl":"https:\/\/fip-koeln.de\/wp-content\/uploads\/2023\/11\/favicon_radio-science.eu_.jpg","width":400,"height":400,"caption":"Rheinisches Institut f\u00fcr Umweltforschung Abteilung Planetenforschung"},"image":{"@id":"https:\/\/fip-koeln.de\/#\/schema\/logo\/image\/"}}]}},"uagb_featured_image_src":{"full":false,"thumbnail":false,"medium":false,"medium_large":false,"large":false,"1536x1536":false,"2048x2048":false,"trp-custom-language-flag":false},"uagb_author_info":{"display_name":"Admin","author_link":"https:\/\/fip-koeln.de\/en_us\/author\/admin\/"},"uagb_comment_info":0,"uagb_excerpt":"Weltraumteleskope wie CoRoT, Kepler und PLATO verwenden die Transitmethode um nach Exoplaneten zu suchen. Warum bringt es so viele Vorteile, Weltraumteleskope f\u00fcr die Suche nach Exoplaneten einzusetzen? Das Fehlen einer die Beobachtung st\u00f6renden Atmosph\u00e4re und die Unabh\u00e4ngigkeit von Tageszeit und Wetter. Abbildung 1: Auch von der Erde aus wird mit Hilfe der Transitmethode nach Exoplaneten&hellip;","_links":{"self":[{"href":"https:\/\/fip-koeln.de\/en_us\/wp-json\/wp\/v2\/pages\/946","targetHints":{"allow":["GET"]}}],"collection":[{"href":"https:\/\/fip-koeln.de\/en_us\/wp-json\/wp\/v2\/pages"}],"about":[{"href":"https:\/\/fip-koeln.de\/en_us\/wp-json\/wp\/v2\/types\/page"}],"author":[{"embeddable":true,"href":"https:\/\/fip-koeln.de\/en_us\/wp-json\/wp\/v2\/users\/1"}],"replies":[{"embeddable":true,"href":"https:\/\/fip-koeln.de\/en_us\/wp-json\/wp\/v2\/comments?post=946"}],"version-history":[{"count":9,"href":"https:\/\/fip-koeln.de\/en_us\/wp-json\/wp\/v2\/pages\/946\/revisions"}],"predecessor-version":[{"id":1811,"href":"https:\/\/fip-koeln.de\/en_us\/wp-json\/wp\/v2\/pages\/946\/revisions\/1811"}],"up":[{"embeddable":true,"href":"https:\/\/fip-koeln.de\/en_us\/wp-json\/wp\/v2\/pages\/103"}],"wp:attachment":[{"href":"https:\/\/fip-koeln.de\/en_us\/wp-json\/wp\/v2\/media?parent=946"}],"curies":[{"name":"wp","href":"https:\/\/api.w.org\/{rel}","templated":true}]}}